{"id":2628,"date":"2011-09-23T15:15:41","date_gmt":"2011-09-23T15:15:41","guid":{"rendered":"https:\/\/neu.sebim.ch\/about-us\/"},"modified":"2021-04-06T19:39:10","modified_gmt":"2021-04-06T17:39:10","slug":"about-us","status":"publish","type":"page","link":"https:\/\/sebim.ch\/fr\/about-us\/","title":{"rendered":"Sebim"},"content":{"rendered":"<div class=\"wpb-content-wrapper\"><p>[vc_row][vc_column][vc_column_text]<\/p>\n<h2><strong>Qu\u2019est-ce que la SEBIM?<\/strong><\/h2>\n<p>La SEBIM est une association d\u2019utilisateurs de la m\u00e9decine d&rsquo;information en bior\u00e9sonance issus de diff\u00e9rentes professions: m\u00e9decins, dentistes, pharmaciens, v\u00e9t\u00e9rinaires, naturopathes, infirmiers, Assistentes m\u00e9dicales, les physioth\u00e9rapeutes, psychoth\u00e9rapeutes, etc. Le vaste spectre et la taille de la soci\u00e9t\u00e9 lui donnent le poids n\u00e9cessaire pour repr\u00e9senter ses int\u00e9r\u00eats. Les membres ordinaires disposent tous d\u2019une formation de base solide et suivent r\u00e9guli\u00e8rement des formations continues obligatoires.<\/p>\n<p>La SEBIM se fixe les\u00a0missions suivantes:<\/p>\n<ul>\n<li>Faire conna\u00eetre la m\u00e9decine d&rsquo;information en bior\u00e9sonance<\/li>\n<li>Encourager un \u00e9change intensif d\u2019informations et d\u2019exp\u00e9riences entre les membres<\/li>\n<li>Fixer des directives pour la formation, l\u2019examen, la formation continue et l\u2019\u00e9thique<\/li>\n<\/ul>\n<p>[\/vc_column_text][\/vc_column][\/vc_row]<\/p>\n<\/div>","protected":false},"excerpt":{"rendered":"<p>[vc_row][vc_column][vc_column_text] Qu\u2019est-ce que la SEBIM? La SEBIM est une association  [&#8230;]<\/p>\n","protected":false},"author":1,"featured_media":0,"parent":0,"menu_order":0,"comment_status":"open","ping_status":"closed","template":"","meta":{"_cbd_carousel_blocks":"[]","footnotes":""},"class_list":["post-2628","page","type-page","status-publish","hentry"],"yoast_head":"<!-- This site is optimized with the Yoast SEO plugin v26.8 - https:\/\/yoast.com\/product\/yoast-seo-wordpress\/ -->\n<title>Sebim - Sebim.ch<\/title>\n<meta name=\"robots\" content=\"index, follow, max-snippet:-1, max-image-preview:large, max-video-preview:-1\" \/>\n<link rel=\"canonical\" href=\"https:\/\/sebim.ch\/fr\/about-us\/\" \/>\n<meta property=\"og:locale\" content=\"fr_FR\" \/>\n<meta property=\"og:type\" content=\"article\" \/>\n<meta property=\"og:title\" content=\"Sebim - Sebim.ch\" \/>\n<meta property=\"og:description\" content=\"[vc_row][vc_column][vc_column_text] Qu\u2019est-ce que la SEBIM? La SEBIM est une association [...]\" \/>\n<meta property=\"og:url\" content=\"https:\/\/sebim.ch\/fr\/about-us\/\" \/>\n<meta property=\"og:site_name\" content=\"Sebim.ch\" \/>\n<meta property=\"article:modified_time\" content=\"2021-04-06T17:39:10+00:00\" \/>\n<meta name=\"twitter:card\" content=\"summary_large_image\" \/>\n<meta name=\"twitter:label1\" content=\"Dur\u00e9e de lecture estim\u00e9e\" \/>\n\t<meta name=\"twitter:data1\" content=\"1 minute\" \/>\n<script type=\"application\/ld+json\" class=\"yoast-schema-graph\">{\"@context\":\"https:\/\/schema.org\",\"@graph\":[{\"@type\":\"WebPage\",\"@id\":\"https:\/\/sebim.ch\/fr\/about-us\/\",\"url\":\"https:\/\/sebim.ch\/fr\/about-us\/\",\"name\":\"Sebim - Sebim.ch\",\"isPartOf\":{\"@id\":\"https:\/\/sebim.ch\/fr\/#website\"},\"datePublished\":\"2011-09-23T15:15:41+00:00\",\"dateModified\":\"2021-04-06T17:39:10+00:00\",\"breadcrumb\":{\"@id\":\"https:\/\/sebim.ch\/fr\/about-us\/#breadcrumb\"},\"inLanguage\":\"fr-FR\",\"potentialAction\":[{\"@type\":\"ReadAction\",\"target\":[\"https:\/\/sebim.ch\/fr\/about-us\/\"]}]},{\"@type\":\"BreadcrumbList\",\"@id\":\"https:\/\/sebim.ch\/fr\/about-us\/#breadcrumb\",\"itemListElement\":[{\"@type\":\"ListItem\",\"position\":1,\"name\":\"Startseite\",\"item\":\"https:\/\/sebim.ch\/fr\/\"},{\"@type\":\"ListItem\",\"position\":2,\"name\":\"Sebim\"}]},{\"@type\":\"WebSite\",\"@id\":\"https:\/\/sebim.ch\/fr\/#website\",\"url\":\"https:\/\/sebim.ch\/fr\/\",\"name\":\"Sebim.ch\",\"description\":\"SCHWEIZERISCHE GESELLSCHAFT F\u00dcR ENERGIE- BIORESONANZ &amp; INFORMATIONSMEDIZIN\",\"potentialAction\":[{\"@type\":\"SearchAction\",\"target\":{\"@type\":\"EntryPoint\",\"urlTemplate\":\"https:\/\/sebim.ch\/fr\/?s={search_term_string}\"},\"query-input\":{\"@type\":\"PropertyValueSpecification\",\"valueRequired\":true,\"valueName\":\"search_term_string\"}}],\"inLanguage\":\"fr-FR\"}]}<\/script>\n<!-- \/ Yoast SEO plugin. -->","yoast_head_json":{"title":"Sebim - Sebim.ch","robots":{"index":"index","follow":"follow","max-snippet":"max-snippet:-1","max-image-preview":"max-image-preview:large","max-video-preview":"max-video-preview:-1"},"canonical":"https:\/\/sebim.ch\/fr\/about-us\/","og_locale":"fr_FR","og_type":"article","og_title":"Sebim - Sebim.ch","og_description":"[vc_row][vc_column][vc_column_text] Qu\u2019est-ce que la SEBIM? La SEBIM est une association [...]","og_url":"https:\/\/sebim.ch\/fr\/about-us\/","og_site_name":"Sebim.ch","article_modified_time":"2021-04-06T17:39:10+00:00","twitter_card":"summary_large_image","twitter_misc":{"Dur\u00e9e de lecture estim\u00e9e":"1 minute"},"schema":{"@context":"https:\/\/schema.org","@graph":[{"@type":"WebPage","@id":"https:\/\/sebim.ch\/fr\/about-us\/","url":"https:\/\/sebim.ch\/fr\/about-us\/","name":"Sebim - Sebim.ch","isPartOf":{"@id":"https:\/\/sebim.ch\/fr\/#website"},"datePublished":"2011-09-23T15:15:41+00:00","dateModified":"2021-04-06T17:39:10+00:00","breadcrumb":{"@id":"https:\/\/sebim.ch\/fr\/about-us\/#breadcrumb"},"inLanguage":"fr-FR","potentialAction":[{"@type":"ReadAction","target":["https:\/\/sebim.ch\/fr\/about-us\/"]}]},{"@type":"BreadcrumbList","@id":"https:\/\/sebim.ch\/fr\/about-us\/#breadcrumb","itemListElement":[{"@type":"ListItem","position":1,"name":"Startseite","item":"https:\/\/sebim.ch\/fr\/"},{"@type":"ListItem","position":2,"name":"Sebim"}]},{"@type":"WebSite","@id":"https:\/\/sebim.ch\/fr\/#website","url":"https:\/\/sebim.ch\/fr\/","name":"Sebim.ch","description":"SCHWEIZERISCHE GESELLSCHAFT F\u00dcR ENERGIE- BIORESONANZ &amp; INFORMATIONSMEDIZIN","potentialAction":[{"@type":"SearchAction","target":{"@type":"EntryPoint","urlTemplate":"https:\/\/sebim.ch\/fr\/?s={search_term_string}"},"query-input":{"@type":"PropertyValueSpecification","valueRequired":true,"valueName":"search_term_string"}}],"inLanguage":"fr-FR"}]}},"_links":{"self":[{"href":"https:\/\/sebim.ch\/fr\/wp-json\/wp\/v2\/pages\/2628","targetHints":{"allow":["GET"]}}],"collection":[{"href":"https:\/\/sebim.ch\/fr\/wp-json\/wp\/v2\/pages"}],"about":[{"href":"https:\/\/sebim.ch\/fr\/wp-json\/wp\/v2\/types\/page"}],"author":[{"embeddable":true,"href":"https:\/\/sebim.ch\/fr\/wp-json\/wp\/v2\/users\/1"}],"replies":[{"embeddable":true,"href":"https:\/\/sebim.ch\/fr\/wp-json\/wp\/v2\/comments?post=2628"}],"version-history":[{"count":5,"href":"https:\/\/sebim.ch\/fr\/wp-json\/wp\/v2\/pages\/2628\/revisions"}],"predecessor-version":[{"id":4210,"href":"https:\/\/sebim.ch\/fr\/wp-json\/wp\/v2\/pages\/2628\/revisions\/4210"}],"wp:attachment":[{"href":"https:\/\/sebim.ch\/fr\/wp-json\/wp\/v2\/media?parent=2628"}],"curies":[{"name":"wp","href":"https:\/\/api.w.org\/{rel}","templated":true}]}}