{"id":2639,"date":"2015-12-16T10:50:13","date_gmt":"2015-12-16T10:50:13","guid":{"rendered":"https:\/\/neu.sebim.ch\/ethische-richtlinien\/"},"modified":"2022-04-30T18:47:59","modified_gmt":"2022-04-30T16:47:59","slug":"directives-ethiques","status":"publish","type":"page","link":"https:\/\/sebim.ch\/fr\/about-us\/directives-ethiques\/","title":{"rendered":"Codex professionnel"},"content":{"rendered":"<div class=\"wpb-content-wrapper\"><p>[vc_row][vc_column][vc_column_text]Tous les membres de la SEBIM sont tenus de respecter le codex professionnel suivant sous leur propre responsabilit\u00e9 :<\/p>\n<p><strong>1. Secret professionnel<\/strong><\/p>\n<p>Les th\u00e9rapeutes de la SEBIM sont tenus de garder le secret sur tout ce qui leur est confi\u00e9 par les patients dans le cadre de l&rsquo;exercice de leur profession. Ils ne transmettent aucune donn\u00e9e sans l&rsquo;accord du patient, y compris aux assurances et aux autorit\u00e9s.<\/p>\n<p><strong>2. Collaboration<\/strong><\/p>\n<p>Les th\u00e9rapeutes SEBIM utilisent la th\u00e9rapie de bior\u00e9sonance comme une m\u00e9thode de m\u00e9decine compl\u00e9mentaire. Cela signifie qu&rsquo;en cas de maladie potentiellement dangereuse (constat ou suspicion), ils orientent leurs patients vers un diagnostic et\/ou un traitement m\u00e9dical classique. Cette approche permet aux patient(e)s de faire le choix qui leur convient le mieux, en connaissance de toutes les options th\u00e9rapeutiques possibles.<\/p>\n<p><strong>3. Comp\u00e9tence professionnelle et attitude<\/strong><\/p>\n<p>Les th\u00e9rapeutes SEBIM respectent les principes suivants de la th\u00e9rapie de bior\u00e9sonance :<br \/>\n\u2022 Ils utilisent pour la th\u00e9rapie d\u2019information un appareil de base de bior\u00e9sonance reconnu par la SEBIM, avec lequel le concept th\u00e9rapeutique enseign\u00e9 peut \u00eatre mis en \u0153uvre de mani\u00e8re globale. Ils accompagnent le processus personnellement et pour le bien du client\/de la cliente.<br \/>\n\u2022 Ils \u00e9tablissent un diagnostic \u00e0 l&rsquo;aide d&rsquo;une ou de plusieurs m\u00e9thodes de test de r\u00e9sonance et les appliquent de mani\u00e8re professionnelle et consciencieuse : test musculaire kin\u00e9siologique, test avec le tensor, mesures sur des points \u00e9lectrosensibles, diagnostic par le pouls.<br \/>\n\u2022 Des m\u00e9thodes de test purement automatis\u00e9es ne peuvent pas remplacer ce diagnostic interpersonnel et ne peuvent donc \u00eatre utilis\u00e9e qu\u2019en compl\u00e9ment.<br \/>\n\u2022 Ils n&rsquo;utilisent que des m\u00e9thodes pour lesquelles ils sont suffisamment qualifi\u00e9s.<br \/>\n\u2022 Ils connaissent leurs propres limites et celles de la m\u00e9thode et agissent en cons\u00e9quence.<br \/>\n\u2022 Ils tiennent une documentation sur les patients, en particulier en ce qui concerne le concept de bior\u00e9sonance.<br \/>\n\u2022 Ils mettent en \u0153uvre le concept enseign\u00e9 lors de la formation initiale et continue en bior\u00e9sonance et le d\u00e9fendent \u00e9galement aupr\u00e8s du public.<\/p>\n<p><strong>4. Orientation des patients<\/strong><\/p>\n<p>Les th\u00e9rapeutes SEBIM donnent \u00e0 leurs patients, sous une forme compr\u00e9hensible pour eux, tous les renseignements professionnels et administratifs souhait\u00e9s. Ils fournissent des informations sur les r\u00e9sultats des tests, le d\u00e9roulement du traitement et, avant le d\u00e9but du traitement, sur les co\u00fbts.<br \/>\nIls ne font aucune promesse de gu\u00e9rison.<\/p>\n<p><strong>5. Protection du patient<\/strong><\/p>\n<p>Les th\u00e9rapeutes SEBIM orientent toutes leurs actions th\u00e9rapeutiques vers le bien-\u00eatre des patients et respectent leurs droits et leur dignit\u00e9, en particulier le droit \u00e0 l&rsquo;autod\u00e9termination. Ils agissent au mieux de leurs connaissances pour promouvoir la sant\u00e9 physique ou psychique et \u00e9viter tout pr\u00e9judice.<\/p>\n<p><strong>6. Possibilit\u00e9 de recours<\/strong><\/p>\n<p>Les plaintes pour violation de ces directives \u00e9thiques doivent \u00eatre adress\u00e9es par \u00e9crit au comit\u00e9 de la SEBIM. En cas d&rsquo;acceptation, les sanctions suivantes sont possibles : avertissement, bl\u00e2me ou exclusion de l&rsquo;association.<\/p>\n<p>Sch\u00f6nenberg, le 19 mars 2022[\/vc_column_text][vc_column_text]<a href=\"https:\/\/sebim.ch\/wp-content\/uploads\/2022\/04\/Berufs-Codex_F_2022-04.pdf\" target=\"_blank\" rel=\"noopener noreferrer\">T\u00e9l\u00e9charger le Codex professionnel<\/a>[\/vc_column_text][\/vc_column][\/vc_row]<\/p>\n<\/div>","protected":false},"excerpt":{"rendered":"<p>[vc_row][vc_column][vc_column_text]Tous les membres de la SEBIM sont tenus de respecter  [&#8230;]<\/p>\n","protected":false},"author":1,"featured_media":0,"parent":2628,"menu_order":0,"comment_status":"closed","ping_status":"closed","template":"","meta":{"_cbd_carousel_blocks":"[]","footnotes":""},"class_list":["post-2639","page","type-page","status-publish","hentry"],"yoast_head":"<!-- This site is optimized with the Yoast SEO plugin v26.8 - https:\/\/yoast.com\/product\/yoast-seo-wordpress\/ -->\n<title>Codex professionnel - Sebim.ch<\/title>\n<meta name=\"robots\" content=\"index, follow, max-snippet:-1, max-image-preview:large, max-video-preview:-1\" \/>\n<link rel=\"canonical\" href=\"https:\/\/sebim.ch\/fr\/about-us\/directives-ethiques\/\" \/>\n<meta property=\"og:locale\" content=\"fr_FR\" \/>\n<meta property=\"og:type\" content=\"article\" \/>\n<meta property=\"og:title\" content=\"Codex professionnel - Sebim.ch\" \/>\n<meta property=\"og:description\" content=\"[vc_row][vc_column][vc_column_text]Tous les membres de la SEBIM sont tenus de respecter [...]\" \/>\n<meta property=\"og:url\" content=\"https:\/\/sebim.ch\/fr\/about-us\/directives-ethiques\/\" \/>\n<meta property=\"og:site_name\" content=\"Sebim.ch\" \/>\n<meta property=\"article:modified_time\" content=\"2022-04-30T16:47:59+00:00\" \/>\n<meta name=\"twitter:card\" content=\"summary_large_image\" \/>\n<meta name=\"twitter:label1\" content=\"Dur\u00e9e de lecture estim\u00e9e\" \/>\n\t<meta name=\"twitter:data1\" content=\"3 minutes\" \/>\n<script type=\"application\/ld+json\" class=\"yoast-schema-graph\">{\"@context\":\"https:\/\/schema.org\",\"@graph\":[{\"@type\":\"WebPage\",\"@id\":\"https:\/\/sebim.ch\/fr\/about-us\/directives-ethiques\/\",\"url\":\"https:\/\/sebim.ch\/fr\/about-us\/directives-ethiques\/\",\"name\":\"Codex professionnel - Sebim.ch\",\"isPartOf\":{\"@id\":\"https:\/\/sebim.ch\/fr\/#website\"},\"datePublished\":\"2015-12-16T10:50:13+00:00\",\"dateModified\":\"2022-04-30T16:47:59+00:00\",\"breadcrumb\":{\"@id\":\"https:\/\/sebim.ch\/fr\/about-us\/directives-ethiques\/#breadcrumb\"},\"inLanguage\":\"fr-FR\",\"potentialAction\":[{\"@type\":\"ReadAction\",\"target\":[\"https:\/\/sebim.ch\/fr\/about-us\/directives-ethiques\/\"]}]},{\"@type\":\"BreadcrumbList\",\"@id\":\"https:\/\/sebim.ch\/fr\/about-us\/directives-ethiques\/#breadcrumb\",\"itemListElement\":[{\"@type\":\"ListItem\",\"position\":1,\"name\":\"Startseite\",\"item\":\"https:\/\/sebim.ch\/fr\/\"},{\"@type\":\"ListItem\",\"position\":2,\"name\":\"Sebim\",\"item\":\"https:\/\/sebim.ch\/fr\/about-us\/\"},{\"@type\":\"ListItem\",\"position\":3,\"name\":\"Codex professionnel\"}]},{\"@type\":\"WebSite\",\"@id\":\"https:\/\/sebim.ch\/fr\/#website\",\"url\":\"https:\/\/sebim.ch\/fr\/\",\"name\":\"Sebim.ch\",\"description\":\"SCHWEIZERISCHE GESELLSCHAFT F\u00dcR ENERGIE- BIORESONANZ &amp; INFORMATIONSMEDIZIN\",\"potentialAction\":[{\"@type\":\"SearchAction\",\"target\":{\"@type\":\"EntryPoint\",\"urlTemplate\":\"https:\/\/sebim.ch\/fr\/?s={search_term_string}\"},\"query-input\":{\"@type\":\"PropertyValueSpecification\",\"valueRequired\":true,\"valueName\":\"search_term_string\"}}],\"inLanguage\":\"fr-FR\"}]}<\/script>\n<!-- \/ Yoast SEO plugin. -->","yoast_head_json":{"title":"Codex professionnel - Sebim.ch","robots":{"index":"index","follow":"follow","max-snippet":"max-snippet:-1","max-image-preview":"max-image-preview:large","max-video-preview":"max-video-preview:-1"},"canonical":"https:\/\/sebim.ch\/fr\/about-us\/directives-ethiques\/","og_locale":"fr_FR","og_type":"article","og_title":"Codex professionnel - Sebim.ch","og_description":"[vc_row][vc_column][vc_column_text]Tous les membres de la SEBIM sont tenus de respecter [...]","og_url":"https:\/\/sebim.ch\/fr\/about-us\/directives-ethiques\/","og_site_name":"Sebim.ch","article_modified_time":"2022-04-30T16:47:59+00:00","twitter_card":"summary_large_image","twitter_misc":{"Dur\u00e9e de lecture estim\u00e9e":"3 minutes"},"schema":{"@context":"https:\/\/schema.org","@graph":[{"@type":"WebPage","@id":"https:\/\/sebim.ch\/fr\/about-us\/directives-ethiques\/","url":"https:\/\/sebim.ch\/fr\/about-us\/directives-ethiques\/","name":"Codex professionnel - Sebim.ch","isPartOf":{"@id":"https:\/\/sebim.ch\/fr\/#website"},"datePublished":"2015-12-16T10:50:13+00:00","dateModified":"2022-04-30T16:47:59+00:00","breadcrumb":{"@id":"https:\/\/sebim.ch\/fr\/about-us\/directives-ethiques\/#breadcrumb"},"inLanguage":"fr-FR","potentialAction":[{"@type":"ReadAction","target":["https:\/\/sebim.ch\/fr\/about-us\/directives-ethiques\/"]}]},{"@type":"BreadcrumbList","@id":"https:\/\/sebim.ch\/fr\/about-us\/directives-ethiques\/#breadcrumb","itemListElement":[{"@type":"ListItem","position":1,"name":"Startseite","item":"https:\/\/sebim.ch\/fr\/"},{"@type":"ListItem","position":2,"name":"Sebim","item":"https:\/\/sebim.ch\/fr\/about-us\/"},{"@type":"ListItem","position":3,"name":"Codex professionnel"}]},{"@type":"WebSite","@id":"https:\/\/sebim.ch\/fr\/#website","url":"https:\/\/sebim.ch\/fr\/","name":"Sebim.ch","description":"SCHWEIZERISCHE GESELLSCHAFT F\u00dcR ENERGIE- BIORESONANZ &amp; INFORMATIONSMEDIZIN","potentialAction":[{"@type":"SearchAction","target":{"@type":"EntryPoint","urlTemplate":"https:\/\/sebim.ch\/fr\/?s={search_term_string}"},"query-input":{"@type":"PropertyValueSpecification","valueRequired":true,"valueName":"search_term_string"}}],"inLanguage":"fr-FR"}]}},"_links":{"self":[{"href":"https:\/\/sebim.ch\/fr\/wp-json\/wp\/v2\/pages\/2639","targetHints":{"allow":["GET"]}}],"collection":[{"href":"https:\/\/sebim.ch\/fr\/wp-json\/wp\/v2\/pages"}],"about":[{"href":"https:\/\/sebim.ch\/fr\/wp-json\/wp\/v2\/types\/page"}],"author":[{"embeddable":true,"href":"https:\/\/sebim.ch\/fr\/wp-json\/wp\/v2\/users\/1"}],"replies":[{"embeddable":true,"href":"https:\/\/sebim.ch\/fr\/wp-json\/wp\/v2\/comments?post=2639"}],"version-history":[{"count":10,"href":"https:\/\/sebim.ch\/fr\/wp-json\/wp\/v2\/pages\/2639\/revisions"}],"predecessor-version":[{"id":5088,"href":"https:\/\/sebim.ch\/fr\/wp-json\/wp\/v2\/pages\/2639\/revisions\/5088"}],"up":[{"embeddable":true,"href":"https:\/\/sebim.ch\/fr\/wp-json\/wp\/v2\/pages\/2628"}],"wp:attachment":[{"href":"https:\/\/sebim.ch\/fr\/wp-json\/wp\/v2\/media?parent=2639"}],"curies":[{"name":"wp","href":"https:\/\/api.w.org\/{rel}","templated":true}]}}