{"id":2647,"date":"2020-05-19T10:01:15","date_gmt":"2020-05-19T08:01:15","guid":{"rendered":"https:\/\/neu.sebim.ch\/?page_id=2647"},"modified":"2020-10-16T09:34:15","modified_gmt":"2020-10-16T07:34:15","slug":"2647-2","status":"publish","type":"page","link":"https:\/\/sebim.ch\/fr\/2647-2\/","title":{"rendered":"Th\u00e9rapie"},"content":{"rendered":"<div class=\"wpb-content-wrapper\"><p>[vc_row][vc_column][vc_column_text]<strong>Th\u00e9rapie de bior\u00e9sonance<\/strong><\/p>\n<p><strong>Le monde est vibration\u2026<\/strong><\/p>\n<p>Toute notre r\u00e9alit\u00e9 \u2013 d\u2019un point de vue physique \u2013 est compos\u00e9e de vibrations. Vu comme cela, chaque organe, chaque sentiment et chaque pens\u00e9e de notre corps \u00e9met une vibration particuli\u00e8re. Lorsque nous disons qu\u2019une personne est \u00absur la m\u00eame longueur d\u2019ondes\u00bb, nous r\u00e9agissons \u00e0 une structure de vibration similaire chez une autre personne, ce qui signifie que nous entrons en r\u00e9sonance.<\/p>\n<p><strong>&#8230; avec des mod\u00e8les conformes \u00e0 la vie et discordants<\/strong><\/p>\n<p>Tant que l\u2019interaction entre les diff\u00e9rents champs de vibrations fonctionne parfaitement, l\u2019\u00eatre humain est en bonne sant\u00e9. Il peut r\u00e9agir de mani\u00e8re \u00e9quilibr\u00e9e aux diff\u00e9rents stimulus et fardeaux. Mais lorsque cette capacit\u00e9 d\u2019autor\u00e9gulation est trop sollicit\u00e9e, un processus maladif commence \u00e0 se d\u00e9velopper. Parall\u00e8lement aux mod\u00e8les de vibrations sains du corps se trouvent alors aussi des mod\u00e8les invalidants: agents pathog\u00e8nes, tissus enflamm\u00e9s, sentiments n\u00e9gatifs, pens\u00e9es destructrices&#8230;<\/p>\n<p><strong>La th\u00e9rapie de bior\u00e9sonance renforce la capacit\u00e9 d\u2019autogu\u00e9rison<\/strong><\/p>\n<p>C\u2019est ici qu\u2019intervient la th\u00e9rapie de bior\u00e9sonance: \u00e0 l\u2019aide d\u2019un appareil, elle donne des informations appropri\u00e9es \u00e0 l\u2019organisme afin de l\u2019aider dans ses efforts de gu\u00e9rison. Les vibrations corporelles dont l\u2019\u00e9quilibre a \u00e9t\u00e9 rompu chez le patient sont modifi\u00e9es par l\u2019appareil, en combinaison avec des signaux th\u00e9rapeutiques compl\u00e9mentaires (vibrations de m\u00e9dicaments, couleurs, pierres pr\u00e9cieuses, tons, etc.).<br \/>\nL\u2019art des th\u00e9rapeutes de bior\u00e9sonance est ainsi de d\u00e9terminer les troubles originels qui ont provoqu\u00e9 la maladie. Il utilise \u00e0 cet effet une proc\u00e9dure test particuli\u00e8re, qui lui permet de consulter des informations importantes enregistr\u00e9es dans l\u2019organisme. Sur la base de ces r\u00e9sultats, il regroupe ensuite des signaux th\u00e9rapeutiques de soutien. Ces derniers aident l\u2019organisme \u00e0 venir \u00e0 bout de la maladie, ce qui signifie: \u00c9vacuer les toxines et les agents pathog\u00e8nes, traiter les conflits psychiques, modifier les sch\u00e9mas de pens\u00e9es n\u00e9fastes, etc.<\/p>\n<p><strong>\u00c0 quel moment la th\u00e9rapie de bior\u00e9sonance peut-elle aider?<\/strong><\/p>\n<p>Selon la litt\u00e9rature sp\u00e9cialis\u00e9e, la th\u00e9rapie de bior\u00e9sonance peut \u00eatre utilis\u00e9e pour quasiment tous les troubles de la sant\u00e9: elle permet souvent d\u2019am\u00e9liorer consid\u00e9rablement des \u00e9tats aigus, comme des inflammations articulaires, des sciatiques, des infections ou des blessures. Dans les processus de maladie chroniques en particulier, la th\u00e9rapie de bior\u00e9sonance peut contribuer \u00e0 une transformation profonde de l\u2019organisme. Les ouvrages sp\u00e9cialis\u00e9s d\u00e9crivent aussi des traitements r\u00e9ussis pour l\u2019asthme, la n\u00e9vrodermite, le rhume des foins, les allergies et intol\u00e9rances alimentaires, les migraines, les probl\u00e8mes de rhumatisme, les troubles digestifs, la pr\u00e9disposition aux infections, etc.<\/p>\n<p>La th\u00e9rapie de bior\u00e9sonance peut \u00eatre utilis\u00e9e \u00e0 tous les \u00e2ges, des nourrissons aux personnes \u00e2g\u00e9es. Les patients appr\u00e9cient tout particuli\u00e8rement la m\u00e9thode de traitement douce et sans douleur. Il n\u2019existe pas d\u2019effets secondaires nocifs.<\/p>\n<p><strong>Comment puis-je trouver une ou un th\u00e9rapeute?<\/strong><\/p>\n<p>Les th\u00e9rapeutes de diff\u00e9rentes professions, comme les m\u00e9decins, les pharmaciens, les dentistes, les v\u00e9t\u00e9rinaires, les naturopathes, les infirmiers, les psychoth\u00e9rapeutes, les physioth\u00e9rapeutes et autres m\u00e9tiers apparent\u00e9s sont r\u00e9unis au sein de la Soci\u00e9t\u00e9 suisse de la m\u00e9decine \u00e9nerg\u00e9tique, de bior\u00e9sonance et d\u2019information (SEBIM).<br \/>\nLa soci\u00e9t\u00e9 contr\u00f4le la qualit\u00e9 de la formation initiale et continue de ses membres. Elle s\u2019efforce de faire davantage conna\u00eetre cette pr\u00e9cieuse m\u00e9thode et se bat pour sa reconnaissance par les caisses-maladie et les autorit\u00e9s.<\/p>\n<p>Vous trouverez la liste des th\u00e9rapeutes\u00a0<strong><a href=\"https:\/\/sebim.ch\/therapeutenliste\/\">ici<\/a><\/strong>.[\/vc_column_text][\/vc_column][\/vc_row]<\/p>\n<\/div>","protected":false},"excerpt":{"rendered":"<p>[vc_row][vc_column][vc_column_text]Th\u00e9rapie de bior\u00e9sonance Le monde est vibration\u2026 Toute notre r\u00e9alit\u00e9  [&#8230;]<\/p>\n","protected":false},"author":1,"featured_media":0,"parent":0,"menu_order":0,"comment_status":"closed","ping_status":"closed","template":"","meta":{"_cbd_carousel_blocks":"[]","footnotes":""},"class_list":["post-2647","page","type-page","status-publish","hentry"],"yoast_head":"<!-- This site is optimized with the Yoast SEO plugin v27.4 - https:\/\/yoast.com\/product\/yoast-seo-wordpress\/ -->\n<title>Th\u00e9rapie - Sebim.ch<\/title>\n<meta name=\"robots\" content=\"index, follow, max-snippet:-1, max-image-preview:large, max-video-preview:-1\" \/>\n<link rel=\"canonical\" href=\"https:\/\/sebim.ch\/fr\/2647-2\/\" \/>\n<meta property=\"og:locale\" content=\"fr_FR\" \/>\n<meta property=\"og:type\" content=\"article\" \/>\n<meta property=\"og:title\" content=\"Th\u00e9rapie - Sebim.ch\" \/>\n<meta property=\"og:description\" content=\"[vc_row][vc_column][vc_column_text]Th\u00e9rapie de bior\u00e9sonance Le monde est vibration\u2026 Toute notre r\u00e9alit\u00e9 [...]\" \/>\n<meta property=\"og:url\" content=\"https:\/\/sebim.ch\/fr\/2647-2\/\" \/>\n<meta property=\"og:site_name\" content=\"Sebim.ch\" \/>\n<meta property=\"article:modified_time\" content=\"2020-10-16T07:34:15+00:00\" \/>\n<meta name=\"twitter:card\" content=\"summary_large_image\" \/>\n<meta name=\"twitter:label1\" content=\"Dur\u00e9e de lecture estim\u00e9e\" \/>\n\t<meta name=\"twitter:data1\" content=\"3 minutes\" \/>\n<script type=\"application\/ld+json\" class=\"yoast-schema-graph\">{\"@context\":\"https:\\\/\\\/schema.org\",\"@graph\":[{\"@type\":\"WebPage\",\"@id\":\"https:\\\/\\\/sebim.ch\\\/fr\\\/2647-2\\\/\",\"url\":\"https:\\\/\\\/sebim.ch\\\/fr\\\/2647-2\\\/\",\"name\":\"Th\u00e9rapie - Sebim.ch\",\"isPartOf\":{\"@id\":\"https:\\\/\\\/sebim.ch\\\/fr\\\/#website\"},\"datePublished\":\"2020-05-19T08:01:15+00:00\",\"dateModified\":\"2020-10-16T07:34:15+00:00\",\"breadcrumb\":{\"@id\":\"https:\\\/\\\/sebim.ch\\\/fr\\\/2647-2\\\/#breadcrumb\"},\"inLanguage\":\"fr-FR\",\"potentialAction\":[{\"@type\":\"ReadAction\",\"target\":[\"https:\\\/\\\/sebim.ch\\\/fr\\\/2647-2\\\/\"]}]},{\"@type\":\"BreadcrumbList\",\"@id\":\"https:\\\/\\\/sebim.ch\\\/fr\\\/2647-2\\\/#breadcrumb\",\"itemListElement\":[{\"@type\":\"ListItem\",\"position\":1,\"name\":\"Startseite\",\"item\":\"https:\\\/\\\/sebim.ch\\\/fr\\\/\"},{\"@type\":\"ListItem\",\"position\":2,\"name\":\"Th\u00e9rapie\"}]},{\"@type\":\"WebSite\",\"@id\":\"https:\\\/\\\/sebim.ch\\\/fr\\\/#website\",\"url\":\"https:\\\/\\\/sebim.ch\\\/fr\\\/\",\"name\":\"Sebim.ch\",\"description\":\"SCHWEIZERISCHE GESELLSCHAFT F\u00dcR ENERGIE- BIORESONANZ &amp; INFORMATIONSMEDIZIN\",\"potentialAction\":[{\"@type\":\"SearchAction\",\"target\":{\"@type\":\"EntryPoint\",\"urlTemplate\":\"https:\\\/\\\/sebim.ch\\\/fr\\\/?s={search_term_string}\"},\"query-input\":{\"@type\":\"PropertyValueSpecification\",\"valueRequired\":true,\"valueName\":\"search_term_string\"}}],\"inLanguage\":\"fr-FR\"}]}<\/script>\n<!-- \/ Yoast SEO plugin. -->","yoast_head_json":{"title":"Th\u00e9rapie - Sebim.ch","robots":{"index":"index","follow":"follow","max-snippet":"max-snippet:-1","max-image-preview":"max-image-preview:large","max-video-preview":"max-video-preview:-1"},"canonical":"https:\/\/sebim.ch\/fr\/2647-2\/","og_locale":"fr_FR","og_type":"article","og_title":"Th\u00e9rapie - Sebim.ch","og_description":"[vc_row][vc_column][vc_column_text]Th\u00e9rapie de bior\u00e9sonance Le monde est vibration\u2026 Toute notre r\u00e9alit\u00e9 [...]","og_url":"https:\/\/sebim.ch\/fr\/2647-2\/","og_site_name":"Sebim.ch","article_modified_time":"2020-10-16T07:34:15+00:00","twitter_card":"summary_large_image","twitter_misc":{"Dur\u00e9e de lecture estim\u00e9e":"3 minutes"},"schema":{"@context":"https:\/\/schema.org","@graph":[{"@type":"WebPage","@id":"https:\/\/sebim.ch\/fr\/2647-2\/","url":"https:\/\/sebim.ch\/fr\/2647-2\/","name":"Th\u00e9rapie - Sebim.ch","isPartOf":{"@id":"https:\/\/sebim.ch\/fr\/#website"},"datePublished":"2020-05-19T08:01:15+00:00","dateModified":"2020-10-16T07:34:15+00:00","breadcrumb":{"@id":"https:\/\/sebim.ch\/fr\/2647-2\/#breadcrumb"},"inLanguage":"fr-FR","potentialAction":[{"@type":"ReadAction","target":["https:\/\/sebim.ch\/fr\/2647-2\/"]}]},{"@type":"BreadcrumbList","@id":"https:\/\/sebim.ch\/fr\/2647-2\/#breadcrumb","itemListElement":[{"@type":"ListItem","position":1,"name":"Startseite","item":"https:\/\/sebim.ch\/fr\/"},{"@type":"ListItem","position":2,"name":"Th\u00e9rapie"}]},{"@type":"WebSite","@id":"https:\/\/sebim.ch\/fr\/#website","url":"https:\/\/sebim.ch\/fr\/","name":"Sebim.ch","description":"SCHWEIZERISCHE GESELLSCHAFT F\u00dcR ENERGIE- BIORESONANZ &amp; INFORMATIONSMEDIZIN","potentialAction":[{"@type":"SearchAction","target":{"@type":"EntryPoint","urlTemplate":"https:\/\/sebim.ch\/fr\/?s={search_term_string}"},"query-input":{"@type":"PropertyValueSpecification","valueRequired":true,"valueName":"search_term_string"}}],"inLanguage":"fr-FR"}]}},"_links":{"self":[{"href":"https:\/\/sebim.ch\/fr\/wp-json\/wp\/v2\/pages\/2647","targetHints":{"allow":["GET"]}}],"collection":[{"href":"https:\/\/sebim.ch\/fr\/wp-json\/wp\/v2\/pages"}],"about":[{"href":"https:\/\/sebim.ch\/fr\/wp-json\/wp\/v2\/types\/page"}],"author":[{"embeddable":true,"href":"https:\/\/sebim.ch\/fr\/wp-json\/wp\/v2\/users\/1"}],"replies":[{"embeddable":true,"href":"https:\/\/sebim.ch\/fr\/wp-json\/wp\/v2\/comments?post=2647"}],"version-history":[{"count":7,"href":"https:\/\/sebim.ch\/fr\/wp-json\/wp\/v2\/pages\/2647\/revisions"}],"predecessor-version":[{"id":3734,"href":"https:\/\/sebim.ch\/fr\/wp-json\/wp\/v2\/pages\/2647\/revisions\/3734"}],"wp:attachment":[{"href":"https:\/\/sebim.ch\/fr\/wp-json\/wp\/v2\/media?parent=2647"}],"curies":[{"name":"wp","href":"https:\/\/api.w.org\/{rel}","templated":true}]}}