{"id":2649,"date":"2020-05-19T10:02:09","date_gmt":"2020-05-19T08:02:09","guid":{"rendered":"https:\/\/neu.sebim.ch\/?page_id=2649"},"modified":"2026-03-06T14:03:35","modified_gmt":"2026-03-06T13:03:35","slug":"devenir-membre","status":"publish","type":"page","link":"https:\/\/sebim.ch\/fr\/devenir-membre\/","title":{"rendered":"Devenir membre"},"content":{"rendered":"<div class=\"wpb-content-wrapper\"><p>[vc_row][vc_column][vc_column_text css=\u00a0\u00bb\u00a0\u00bb]<strong>Inscription membre<\/strong><\/p>\n<p>Nous vous remercions de votre int\u00e9r\u00eat pour une adh\u00e9sion \u00e0 la Soci\u00e9t\u00e9 suisse de la m\u00e9decine d&rsquo;information en bior\u00e9sonance, SEBIM. Peuvent adh\u00e9rer \u00e0 la soci\u00e9t\u00e9 les th\u00e9rapeutes de bior\u00e9sonance des professions m\u00e9dicales r\u00e9pondant au standard de formation exig\u00e9 par notre r\u00e8glement. En cas de formation insuffisante en m\u00e9decine ou en bior\u00e9sonance, il est possible d\u2019adh\u00e9rer \u00e0 la soci\u00e9t\u00e9 en tant que membre extraordinaire. Contrairement aux membres ordinaires, les membres extraordinaires n\u2019ont pas de droit de vote ou d\u2019\u00e9ligibilit\u00e9 \u00e0 l\u2019assembl\u00e9e g\u00e9n\u00e9rale et n\u2019ont pas le droit de figurer sur la liste des th\u00e9rapeutes mise \u00e0 disposition sur Internet.<\/p>\n<p>La SEBIM a \u00e9t\u00e9 fond\u00e9e le 30 octobre 2008, avec entr\u00e9e en vigueur r\u00e9troactive au 1<sup>er<\/sup> septembre 2008. Aujourd\u2019hui, la soci\u00e9t\u00e9 compte pr\u00e8s de 250\u00a0membres. L\u2019id\u00e9e fondamentale de la soci\u00e9t\u00e9 est de promouvoir et de diffuser les connaissances sur le diagnostic et le traitement \u00e0 l\u2019aide de la bior\u00e9sonance, de soutenir la recherche dans ce domaine et d\u2019encourager les \u00e9changes d\u2019exp\u00e9riences entre ses utilisateurs. Par ailleurs, la soci\u00e9t\u00e9 repr\u00e9sente vos int\u00e9r\u00eats face au public et joue le r\u00f4le d\u2019interlocuteur avec le monde politique et le secteur \u00e9conomique. La soci\u00e9t\u00e9 s\u2019engage pour faire reconna\u00eetre les m\u00e9thodes th\u00e9rapeutiques aupr\u00e8s des caisses-maladie et des assurances.<\/p>\n<p>La cotisation annuelle \u00e0 la soci\u00e9t\u00e9 est de CHF 350.\u2013, \u00e0 laquelle s\u2019ajoute un droit d\u2019entr\u00e9e unique de CHF 150.\u2013.<\/p>\n<p>Lors de votre inscription, veuillez documenter pr\u00e9cis\u00e9ment votre formation en m\u00e9decine d&rsquo;information en bior\u00e9sonance.<\/p>\n<p>Nous esp\u00e9rons avoir \u00e9veill\u00e9 votre int\u00e9r\u00eat pour notre soci\u00e9t\u00e9. Nous restons volontiers \u00e0 votre disposition pour tout renseignement compl\u00e9mentaire.<\/p>\n<p>Le formulaire ci-dessous vous permet de faire une demande d\u2019adh\u00e9sion \u00e0 la SEBIM.<\/p>\n<p>Dans la mesure du possible, veuillez remplir le formulaire en ligne, l\u2019imprimer et l\u2019envoyer sign\u00e9 au secr\u00e9tariat.<\/p>\n<p><a href=\"https:\/\/sebim.ch\/wp-content\/uploads\/2021\/05\/Anmeldeformular-franzoesisch-2021-04.pdf\" target=\"_blank\" rel=\"noopener noreferrer\"><strong>Ouvrir le formulaire<\/strong><\/a>[\/vc_column_text][\/vc_column][\/vc_row]<\/p>\n<\/div>","protected":false},"excerpt":{"rendered":"<p>[vc_row][vc_column][vc_column_text css=\u00a0\u00bb\u00a0\u00bb]Inscription membre Nous vous remercions de votre int\u00e9r\u00eat pour  [&#8230;]<\/p>\n","protected":false},"author":1,"featured_media":0,"parent":0,"menu_order":0,"comment_status":"closed","ping_status":"closed","template":"","meta":{"_cbd_carousel_blocks":"[]","footnotes":""},"class_list":["post-2649","page","type-page","status-publish","hentry"],"yoast_head":"<!-- This site is optimized with the Yoast SEO plugin v26.8 - https:\/\/yoast.com\/product\/yoast-seo-wordpress\/ -->\n<title>Devenir membre - Sebim.ch<\/title>\n<meta name=\"robots\" content=\"index, follow, max-snippet:-1, max-image-preview:large, max-video-preview:-1\" \/>\n<link rel=\"canonical\" href=\"https:\/\/sebim.ch\/fr\/devenir-membre\/\" \/>\n<meta property=\"og:locale\" content=\"fr_FR\" \/>\n<meta property=\"og:type\" content=\"article\" \/>\n<meta property=\"og:title\" content=\"Devenir membre - Sebim.ch\" \/>\n<meta property=\"og:description\" content=\"[vc_row][vc_column][vc_column_text css=\u00a0\u00bb\u00a0\u00bb]Inscription membre Nous vous remercions de votre int\u00e9r\u00eat pour [...]\" \/>\n<meta property=\"og:url\" content=\"https:\/\/sebim.ch\/fr\/devenir-membre\/\" \/>\n<meta property=\"og:site_name\" content=\"Sebim.ch\" \/>\n<meta property=\"article:modified_time\" content=\"2026-03-06T13:03:35+00:00\" \/>\n<meta name=\"twitter:card\" content=\"summary_large_image\" \/>\n<meta name=\"twitter:label1\" content=\"Dur\u00e9e de lecture estim\u00e9e\" \/>\n\t<meta name=\"twitter:data1\" content=\"2 minutes\" \/>\n<script type=\"application\/ld+json\" class=\"yoast-schema-graph\">{\"@context\":\"https:\/\/schema.org\",\"@graph\":[{\"@type\":\"WebPage\",\"@id\":\"https:\/\/sebim.ch\/fr\/devenir-membre\/\",\"url\":\"https:\/\/sebim.ch\/fr\/devenir-membre\/\",\"name\":\"Devenir membre - Sebim.ch\",\"isPartOf\":{\"@id\":\"https:\/\/sebim.ch\/fr\/#website\"},\"datePublished\":\"2020-05-19T08:02:09+00:00\",\"dateModified\":\"2026-03-06T13:03:35+00:00\",\"breadcrumb\":{\"@id\":\"https:\/\/sebim.ch\/fr\/devenir-membre\/#breadcrumb\"},\"inLanguage\":\"fr-FR\",\"potentialAction\":[{\"@type\":\"ReadAction\",\"target\":[\"https:\/\/sebim.ch\/fr\/devenir-membre\/\"]}]},{\"@type\":\"BreadcrumbList\",\"@id\":\"https:\/\/sebim.ch\/fr\/devenir-membre\/#breadcrumb\",\"itemListElement\":[{\"@type\":\"ListItem\",\"position\":1,\"name\":\"Startseite\",\"item\":\"https:\/\/sebim.ch\/fr\/\"},{\"@type\":\"ListItem\",\"position\":2,\"name\":\"Devenir membre\"}]},{\"@type\":\"WebSite\",\"@id\":\"https:\/\/sebim.ch\/fr\/#website\",\"url\":\"https:\/\/sebim.ch\/fr\/\",\"name\":\"Sebim.ch\",\"description\":\"SCHWEIZERISCHE GESELLSCHAFT F\u00dcR ENERGIE- BIORESONANZ &amp; INFORMATIONSMEDIZIN\",\"potentialAction\":[{\"@type\":\"SearchAction\",\"target\":{\"@type\":\"EntryPoint\",\"urlTemplate\":\"https:\/\/sebim.ch\/fr\/?s={search_term_string}\"},\"query-input\":{\"@type\":\"PropertyValueSpecification\",\"valueRequired\":true,\"valueName\":\"search_term_string\"}}],\"inLanguage\":\"fr-FR\"}]}<\/script>\n<!-- \/ Yoast SEO plugin. -->","yoast_head_json":{"title":"Devenir membre - Sebim.ch","robots":{"index":"index","follow":"follow","max-snippet":"max-snippet:-1","max-image-preview":"max-image-preview:large","max-video-preview":"max-video-preview:-1"},"canonical":"https:\/\/sebim.ch\/fr\/devenir-membre\/","og_locale":"fr_FR","og_type":"article","og_title":"Devenir membre - Sebim.ch","og_description":"[vc_row][vc_column][vc_column_text css=\u00a0\u00bb\u00a0\u00bb]Inscription membre Nous vous remercions de votre int\u00e9r\u00eat pour [...]","og_url":"https:\/\/sebim.ch\/fr\/devenir-membre\/","og_site_name":"Sebim.ch","article_modified_time":"2026-03-06T13:03:35+00:00","twitter_card":"summary_large_image","twitter_misc":{"Dur\u00e9e de lecture estim\u00e9e":"2 minutes"},"schema":{"@context":"https:\/\/schema.org","@graph":[{"@type":"WebPage","@id":"https:\/\/sebim.ch\/fr\/devenir-membre\/","url":"https:\/\/sebim.ch\/fr\/devenir-membre\/","name":"Devenir membre - Sebim.ch","isPartOf":{"@id":"https:\/\/sebim.ch\/fr\/#website"},"datePublished":"2020-05-19T08:02:09+00:00","dateModified":"2026-03-06T13:03:35+00:00","breadcrumb":{"@id":"https:\/\/sebim.ch\/fr\/devenir-membre\/#breadcrumb"},"inLanguage":"fr-FR","potentialAction":[{"@type":"ReadAction","target":["https:\/\/sebim.ch\/fr\/devenir-membre\/"]}]},{"@type":"BreadcrumbList","@id":"https:\/\/sebim.ch\/fr\/devenir-membre\/#breadcrumb","itemListElement":[{"@type":"ListItem","position":1,"name":"Startseite","item":"https:\/\/sebim.ch\/fr\/"},{"@type":"ListItem","position":2,"name":"Devenir membre"}]},{"@type":"WebSite","@id":"https:\/\/sebim.ch\/fr\/#website","url":"https:\/\/sebim.ch\/fr\/","name":"Sebim.ch","description":"SCHWEIZERISCHE GESELLSCHAFT F\u00dcR ENERGIE- BIORESONANZ &amp; INFORMATIONSMEDIZIN","potentialAction":[{"@type":"SearchAction","target":{"@type":"EntryPoint","urlTemplate":"https:\/\/sebim.ch\/fr\/?s={search_term_string}"},"query-input":{"@type":"PropertyValueSpecification","valueRequired":true,"valueName":"search_term_string"}}],"inLanguage":"fr-FR"}]}},"_links":{"self":[{"href":"https:\/\/sebim.ch\/fr\/wp-json\/wp\/v2\/pages\/2649","targetHints":{"allow":["GET"]}}],"collection":[{"href":"https:\/\/sebim.ch\/fr\/wp-json\/wp\/v2\/pages"}],"about":[{"href":"https:\/\/sebim.ch\/fr\/wp-json\/wp\/v2\/types\/page"}],"author":[{"embeddable":true,"href":"https:\/\/sebim.ch\/fr\/wp-json\/wp\/v2\/users\/1"}],"replies":[{"embeddable":true,"href":"https:\/\/sebim.ch\/fr\/wp-json\/wp\/v2\/comments?post=2649"}],"version-history":[{"count":7,"href":"https:\/\/sebim.ch\/fr\/wp-json\/wp\/v2\/pages\/2649\/revisions"}],"predecessor-version":[{"id":7454,"href":"https:\/\/sebim.ch\/fr\/wp-json\/wp\/v2\/pages\/2649\/revisions\/7454"}],"wp:attachment":[{"href":"https:\/\/sebim.ch\/fr\/wp-json\/wp\/v2\/media?parent=2649"}],"curies":[{"name":"wp","href":"https:\/\/api.w.org\/{rel}","templated":true}]}}