{"id":2693,"date":"2020-05-19T10:11:43","date_gmt":"2020-05-19T08:11:43","guid":{"rendered":"https:\/\/neu.sebim.ch\/?page_id=2693"},"modified":"2026-03-25T15:06:46","modified_gmt":"2026-03-25T14:06:46","slug":"formationcontinue","status":"publish","type":"page","link":"https:\/\/sebim.ch\/fr\/formationcontinue\/","title":{"rendered":"FORMATION CONTINUE R\u00c9GIONALE"},"content":{"rendered":"<div class=\"wpb-content-wrapper\"><p>[vc_row][vc_column][vc_column_text css=\u00a0\u00bb\u00a0\u00bb]Les offres de formation continue r\u00e9gionale sont propos\u00e9es plusieurs fois par ann\u00e9e. Elles permettent \u00e0 toutes les personnes int\u00e9ress\u00e9es d\u2019\u00e9changer avec des th\u00e9rapeutes de bior\u00e9sonance de leur propre r\u00e9gion, d\u2019\u00eatre inform\u00e9es des nouveaut\u00e9s, de parler de cas difficiles et d\u2019apprendre la mani\u00e8re de travailler des coll\u00e8gues. Pour les rencontres effectu\u00e9es, le secr\u00e9tariat de la SEBIM vous fait une attestation. Ces heures de formation continue sont reconnues par le RME et sont donc une excellente mani\u00e8re d\u2019effectuer sa formation continue en toute simplicit\u00e9.<\/p>\n<p>Les dates et les th\u00e8mes des diff\u00e9rentes formations continues r\u00e9gionales sont publi\u00e9s sur le site web www.sebim.ch<\/p>\n<p>Nous recommandons \u00e0 tous les membres de la SEBIM de profiter de ces possibilit\u00e9s de formation continue. De nouveaux membres sont les bienvenus en tout temps. Les membres d\u2019une r\u00e9gion peuvent sans autre profiter des propositions d\u2019autres r\u00e9gions et y prendre part s\u2019ils sont int\u00e9ress\u00e9s. La possibilit\u00e9 de participer \u00e0 ces rencontres est \u00e9galement ouverte \u00e0 des non-membres de la SEBIM et permet ainsi de mieux faire conna\u00eetre les activit\u00e9s de la SEBIM.<\/p>\n<p>Les noms des responsables des formations continues r\u00e9gionales sont indiqu\u00e9s ci-joint et se trouvent \u00e9galement sur le site web www.sebim.ch.<\/p>\n<p>Pour la formation continue r\u00e9gionale Zurich-Winterthour et Suisse Nord-Ouest, il faut un nouveau souffle et un\/une nouveau\/nouvelle responsable. Ceux qui s\u2019int\u00e9ressent \u00e0 collaborer avec ce groupe sont pri\u00e9s de se manifester directement chez Gabriela Balestra. Elle se r\u00e9jouit de votre prise de contact.<\/p>\n<p>L\u2019\u00e9largissement de l\u2019offre dans d\u2019autres r\u00e9gions est bienvenu. Dans l\u2019id\u00e9al, il y aurait un groupe actif, facilement accessible, dans chaque r\u00e9gion.<\/p>\n<p>Pour d\u2019autres informations ou questions, vous pouvez vous adresser \u00e0 tout moment \u00e0 Gabriela Balestra. Elle se r\u00e9jouit de votre prise de contact.<\/p>\n<p>Gabriela Balestra, secr\u00e9tariat SEBIM, info@sebim.ch[\/vc_column_text][\/vc_column][\/vc_row]<\/p>\n<\/div>","protected":false},"excerpt":{"rendered":"<p>[vc_row][vc_column][vc_column_text css=\u00a0\u00bb\u00a0\u00bb]Les offres de formation continue r\u00e9gionale sont propos\u00e9es plusieurs  [&#8230;]<\/p>\n","protected":false},"author":1,"featured_media":0,"parent":0,"menu_order":0,"comment_status":"closed","ping_status":"closed","template":"","meta":{"_cbd_carousel_blocks":"[]","footnotes":""},"class_list":["post-2693","page","type-page","status-publish","hentry"],"yoast_head":"<!-- This site is optimized with the Yoast SEO plugin v27.4 - https:\/\/yoast.com\/product\/yoast-seo-wordpress\/ -->\n<title>FORMATION CONTINUE R\u00c9GIONALE - Sebim.ch<\/title>\n<meta name=\"robots\" content=\"index, follow, max-snippet:-1, max-image-preview:large, max-video-preview:-1\" \/>\n<link rel=\"canonical\" href=\"https:\/\/sebim.ch\/fr\/formationcontinue\/\" \/>\n<meta property=\"og:locale\" content=\"fr_FR\" \/>\n<meta property=\"og:type\" content=\"article\" \/>\n<meta property=\"og:title\" content=\"FORMATION CONTINUE R\u00c9GIONALE - Sebim.ch\" \/>\n<meta property=\"og:description\" content=\"[vc_row][vc_column][vc_column_text css=\u00a0\u00bb\u00a0\u00bb]Les offres de formation continue r\u00e9gionale sont propos\u00e9es plusieurs [...]\" \/>\n<meta property=\"og:url\" content=\"https:\/\/sebim.ch\/fr\/formationcontinue\/\" \/>\n<meta property=\"og:site_name\" content=\"Sebim.ch\" \/>\n<meta property=\"article:modified_time\" content=\"2026-03-25T14:06:46+00:00\" \/>\n<meta name=\"twitter:card\" content=\"summary_large_image\" \/>\n<meta name=\"twitter:label1\" content=\"Dur\u00e9e de lecture estim\u00e9e\" \/>\n\t<meta name=\"twitter:data1\" content=\"2 minutes\" \/>\n<script type=\"application\/ld+json\" class=\"yoast-schema-graph\">{\"@context\":\"https:\\\/\\\/schema.org\",\"@graph\":[{\"@type\":\"WebPage\",\"@id\":\"https:\\\/\\\/sebim.ch\\\/fr\\\/formationcontinue\\\/\",\"url\":\"https:\\\/\\\/sebim.ch\\\/fr\\\/formationcontinue\\\/\",\"name\":\"FORMATION CONTINUE R\u00c9GIONALE - Sebim.ch\",\"isPartOf\":{\"@id\":\"https:\\\/\\\/sebim.ch\\\/fr\\\/#website\"},\"datePublished\":\"2020-05-19T08:11:43+00:00\",\"dateModified\":\"2026-03-25T14:06:46+00:00\",\"breadcrumb\":{\"@id\":\"https:\\\/\\\/sebim.ch\\\/fr\\\/formationcontinue\\\/#breadcrumb\"},\"inLanguage\":\"fr-FR\",\"potentialAction\":[{\"@type\":\"ReadAction\",\"target\":[\"https:\\\/\\\/sebim.ch\\\/fr\\\/formationcontinue\\\/\"]}]},{\"@type\":\"BreadcrumbList\",\"@id\":\"https:\\\/\\\/sebim.ch\\\/fr\\\/formationcontinue\\\/#breadcrumb\",\"itemListElement\":[{\"@type\":\"ListItem\",\"position\":1,\"name\":\"Startseite\",\"item\":\"https:\\\/\\\/sebim.ch\\\/fr\\\/\"},{\"@type\":\"ListItem\",\"position\":2,\"name\":\"FORMATION CONTINUE R\u00c9GIONALE\"}]},{\"@type\":\"WebSite\",\"@id\":\"https:\\\/\\\/sebim.ch\\\/fr\\\/#website\",\"url\":\"https:\\\/\\\/sebim.ch\\\/fr\\\/\",\"name\":\"Sebim.ch\",\"description\":\"SCHWEIZERISCHE GESELLSCHAFT F\u00dcR ENERGIE- BIORESONANZ &amp; INFORMATIONSMEDIZIN\",\"potentialAction\":[{\"@type\":\"SearchAction\",\"target\":{\"@type\":\"EntryPoint\",\"urlTemplate\":\"https:\\\/\\\/sebim.ch\\\/fr\\\/?s={search_term_string}\"},\"query-input\":{\"@type\":\"PropertyValueSpecification\",\"valueRequired\":true,\"valueName\":\"search_term_string\"}}],\"inLanguage\":\"fr-FR\"}]}<\/script>\n<!-- \/ Yoast SEO plugin. -->","yoast_head_json":{"title":"FORMATION CONTINUE R\u00c9GIONALE - Sebim.ch","robots":{"index":"index","follow":"follow","max-snippet":"max-snippet:-1","max-image-preview":"max-image-preview:large","max-video-preview":"max-video-preview:-1"},"canonical":"https:\/\/sebim.ch\/fr\/formationcontinue\/","og_locale":"fr_FR","og_type":"article","og_title":"FORMATION CONTINUE R\u00c9GIONALE - Sebim.ch","og_description":"[vc_row][vc_column][vc_column_text css=\u00a0\u00bb\u00a0\u00bb]Les offres de formation continue r\u00e9gionale sont propos\u00e9es plusieurs [...]","og_url":"https:\/\/sebim.ch\/fr\/formationcontinue\/","og_site_name":"Sebim.ch","article_modified_time":"2026-03-25T14:06:46+00:00","twitter_card":"summary_large_image","twitter_misc":{"Dur\u00e9e de lecture estim\u00e9e":"2 minutes"},"schema":{"@context":"https:\/\/schema.org","@graph":[{"@type":"WebPage","@id":"https:\/\/sebim.ch\/fr\/formationcontinue\/","url":"https:\/\/sebim.ch\/fr\/formationcontinue\/","name":"FORMATION CONTINUE R\u00c9GIONALE - Sebim.ch","isPartOf":{"@id":"https:\/\/sebim.ch\/fr\/#website"},"datePublished":"2020-05-19T08:11:43+00:00","dateModified":"2026-03-25T14:06:46+00:00","breadcrumb":{"@id":"https:\/\/sebim.ch\/fr\/formationcontinue\/#breadcrumb"},"inLanguage":"fr-FR","potentialAction":[{"@type":"ReadAction","target":["https:\/\/sebim.ch\/fr\/formationcontinue\/"]}]},{"@type":"BreadcrumbList","@id":"https:\/\/sebim.ch\/fr\/formationcontinue\/#breadcrumb","itemListElement":[{"@type":"ListItem","position":1,"name":"Startseite","item":"https:\/\/sebim.ch\/fr\/"},{"@type":"ListItem","position":2,"name":"FORMATION CONTINUE R\u00c9GIONALE"}]},{"@type":"WebSite","@id":"https:\/\/sebim.ch\/fr\/#website","url":"https:\/\/sebim.ch\/fr\/","name":"Sebim.ch","description":"SCHWEIZERISCHE GESELLSCHAFT F\u00dcR ENERGIE- BIORESONANZ &amp; INFORMATIONSMEDIZIN","potentialAction":[{"@type":"SearchAction","target":{"@type":"EntryPoint","urlTemplate":"https:\/\/sebim.ch\/fr\/?s={search_term_string}"},"query-input":{"@type":"PropertyValueSpecification","valueRequired":true,"valueName":"search_term_string"}}],"inLanguage":"fr-FR"}]}},"_links":{"self":[{"href":"https:\/\/sebim.ch\/fr\/wp-json\/wp\/v2\/pages\/2693","targetHints":{"allow":["GET"]}}],"collection":[{"href":"https:\/\/sebim.ch\/fr\/wp-json\/wp\/v2\/pages"}],"about":[{"href":"https:\/\/sebim.ch\/fr\/wp-json\/wp\/v2\/types\/page"}],"author":[{"embeddable":true,"href":"https:\/\/sebim.ch\/fr\/wp-json\/wp\/v2\/users\/1"}],"replies":[{"embeddable":true,"href":"https:\/\/sebim.ch\/fr\/wp-json\/wp\/v2\/comments?post=2693"}],"version-history":[{"count":11,"href":"https:\/\/sebim.ch\/fr\/wp-json\/wp\/v2\/pages\/2693\/revisions"}],"predecessor-version":[{"id":7522,"href":"https:\/\/sebim.ch\/fr\/wp-json\/wp\/v2\/pages\/2693\/revisions\/7522"}],"wp:attachment":[{"href":"https:\/\/sebim.ch\/fr\/wp-json\/wp\/v2\/media?parent=2693"}],"curies":[{"name":"wp","href":"https:\/\/api.w.org\/{rel}","templated":true}]}}