{"id":2706,"date":"2015-12-16T14:09:55","date_gmt":"2015-12-16T14:09:55","guid":{"rendered":"https:\/\/neu.sebim.ch\/downloads\/"},"modified":"2025-12-17T09:49:39","modified_gmt":"2025-12-17T08:49:39","slug":"downloads","status":"publish","type":"page","link":"https:\/\/sebim.ch\/fr\/downloads\/","title":{"rendered":"Downloads"},"content":{"rendered":"<div class=\"wpb-content-wrapper\"><p>[vc_row][vc_column][vc_toggle title=\u00a0\u00bbFaites partie de SEBIM&#8230;\u00a0\u00bb color=\u00a0\u00bbviolet\u00a0\u00bb css=\u00a0\u00bb\u00a0\u00bb]<span style=\"color: #3366ff;\">Pour plus d&rsquo;informations, consultez le <strong><u><a style=\"color: #3366ff;\" href=\"https:\/\/sebim.ch\/wp-content\/uploads\/2024\/07\/Flyer-werde-Teil-der-SEBIM_Final_2024-07_FR-2.pdf\" target=\"_blank\" rel=\"noopener\">d\u00e9pliant<\/a><\/u><\/strong><\/span><\/p>\n<p><span style=\"color: #3366ff;\">Vous \u00eates int\u00e9ress\u00e9(e) ? N&rsquo;h\u00e9sitez pas \u00e0 nous <span class=\"quform-popup-link quform-popup-link-22\" data-unique-id=\"d97e01\"><strong>contacter<\/strong><\/span><div class=\"quform-popup\"><div id=\"quform-d97e01\" class=\"quform quform-22 quform-support-page-caching\"><form id=\"quform-form-d97e01\" class=\"quform-form quform-form-22\" action=\"\/fr\/wp-json\/wp\/v2\/pages\/2706#quform-d97e01\" method=\"post\" enctype=\"multipart\/form-data\" novalidate=\"novalidate\" data-options=\"{&quot;id&quot;:22,&quot;uniqueId&quot;:&quot;d97e01&quot;,&quot;theme&quot;:&quot;&quot;,&quot;ajax&quot;:true,&quot;logic&quot;:{&quot;logic&quot;:{&quot;4&quot;:{&quot;action&quot;:true,&quot;match&quot;:&quot;any&quot;,&quot;rules&quot;:[{&quot;elementId&quot;:&quot;3&quot;,&quot;operator&quot;:&quot;eq&quot;,&quot;optionId&quot;:&quot;6&quot;,&quot;value&quot;:&quot;j&#039;ai les questions suivantes et je vous prie de me contacter&quot;}]}},&quot;dependents&quot;:{&quot;3&quot;:[4]},&quot;elementIds&quot;:[4],&quot;dependentElementIds&quot;:[&quot;3&quot;],&quot;animate&quot;:true},&quot;currentPageId&quot;:1,&quot;errorsIcon&quot;:&quot;&quot;,&quot;updateFancybox&quot;:true,&quot;hasPages&quot;:false,&quot;pages&quot;:[1],&quot;pageProgressType&quot;:&quot;numbers&quot;,&quot;tooltipsEnabled&quot;:true,&quot;tooltipClasses&quot;:&quot;qtip-quform-dark qtip-shadow&quot;,&quot;tooltipMy&quot;:&quot;left center&quot;,&quot;tooltipAt&quot;:&quot;right center&quot;,&quot;isRtl&quot;:false,&quot;scrollOffset&quot;:-50,&quot;scrollSpeed&quot;:800}\"><button class=\"quform-default-submit\" name=\"quform_submit\" type=\"submit\" value=\"submit\" aria-hidden=\"true\" tabindex=\"-1\"><\/button><div class=\"quform-form-inner quform-form-inner-22\"><input type=\"hidden\" name=\"quform_form_id\" value=\"22\" \/><input type=\"hidden\" name=\"quform_form_uid\" value=\"d97e01\" \/><input type=\"hidden\" name=\"quform_count\" value=\"1\" \/><input type=\"hidden\" name=\"form_url\" value=\"https:\/\/sebim.ch\/fr\/wp-json\/wp\/v2\/pages\/2706\" \/><input type=\"hidden\" name=\"referring_url\" value=\"\" \/><input type=\"hidden\" name=\"post_id\" value=\"\" \/><input type=\"hidden\" name=\"post_title\" value=\"\" \/><input type=\"hidden\" name=\"quform_current_page_id\" value=\"1\" \/><input type=\"hidden\" name=\"quform_loaded\" value=\"1776868752|ca90789dd605bcef2ee5e463611d4759\" \/><input type=\"hidden\" name=\"quform_csrf_token\" value=\"gkOz6EZspNcXOu9insPpcwPsqhhynQZZhlMudYHB\" \/><div class=\"quform-elements quform-elements-22 quform-cf quform-responsive-elements-phone-landscape\"><div class=\"quform-element quform-element-page quform-page-1 quform-page-22_1 quform-cf quform-group-style-plain quform-first-page quform-last-page quform-current-page\"><div class=\"quform-child-elements\"><div class=\"quform-element quform-element-radio quform-element-22_3 quform-cf quform-element-required\"><div class=\"quform-spacer\"><div class=\"quform-label quform-label-22_3\"><label class=\"quform-label-text\" id=\"quform_22_3_d97e01_label\">Je suis int\u00e9ress\u00e9(e) par:<span class=\"quform-required\">*<\/span><\/label><div class=\"quform-tooltip-icon quform-tooltip-icon-hover\"><i class=\"qicon-question-circle\"><\/i><div class=\"quform-tooltip-icon-content\">Veuillez cocher la case correspondante<\/div><\/div><\/div><div class=\"quform-inner quform-inner-radio quform-inner-22_3\"><div class=\"quform-input quform-input-radio quform-input-22_3 quform-cf\"><div class=\"quform-options quform-cf quform-options-block quform-options-simple\" role=\"radiogroup\" aria-labelledby=\"quform_22_3_d97e01_label\"><div class=\"quform-option\"><input type=\"radio\" name=\"quform_22_3\" id=\"quform_22_3_d97e01_1\" class=\"quform-field quform-field-radio quform-field-22_3 quform-field-22_3_1\" value=\"\u00e0 devenir membre de SEBIM\" \/><label for=\"quform_22_3_d97e01_1\" class=\"quform-option-label quform-option-label-22_3_1\"><span class=\"quform-option-text\">\u00e0 devenir <a href=\"https:\/\/sebim.ch\/wp-content\/uploads\/2021\/05\/Anmeldeformular-franzoesisch-2021-04.pdf\" target=\"_new\">membre de SEBIM<\/a><\/span><\/label><\/div><div class=\"quform-option\"><input type=\"radio\" name=\"quform_22_3\" id=\"quform_22_3_d97e01_2\" class=\"quform-field quform-field-radio quform-field-22_3 quform-field-22_3_2\" value=\"\u00e0 la collaboration avec SEBIM\" \/><label for=\"quform_22_3_d97e01_2\" class=\"quform-option-label quform-option-label-22_3_2\"><span class=\"quform-option-text\">\u00e0 la collaboration avec SEBIM<\/span><\/label><\/div><div class=\"quform-option\"><input type=\"radio\" name=\"quform_22_3\" id=\"quform_22_3_d97e01_3\" class=\"quform-field quform-field-radio quform-field-22_3 quform-field-22_3_3\" value=\"\u00e0 la formation modulaire de base en th\u00e9rapie par bior\u00e9sonance\" \/><label for=\"quform_22_3_d97e01_3\" class=\"quform-option-label quform-option-label-22_3_3\"><span class=\"quform-option-text\">\u00e0 la<a href=\"https:\/\/sebim.ch\/wp-content\/uploads\/2024\/07\/Modulare-Grundausbildung-2408G_Start-Maerz-2025_2024-07-04-1.pdf\" target=\"_new\"> formation modulaire de base en th\u00e9rapie par bior\u00e9sonance<\/a><\/span><\/label><\/div><div class=\"quform-option\"><input type=\"radio\" name=\"quform_22_3\" id=\"quform_22_3_d97e01_6\" class=\"quform-field quform-field-radio quform-field-22_3 quform-field-22_3_6\" value=\"j&#039;ai les questions suivantes et je vous prie de me contacter\" \/><label for=\"quform_22_3_d97e01_6\" class=\"quform-option-label quform-option-label-22_3_6\"><span class=\"quform-option-text\">j'ai les questions suivantes et je vous prie de me contacter<\/span><\/label><\/div><\/div><\/div><\/div><\/div><\/div><div class=\"quform-element quform-element-textarea quform-element-22_4 quform-cf quform-element-optional\"><div class=\"quform-spacer\"><div class=\"quform-label quform-label-22_4\"><label class=\"quform-label-text\" for=\"quform_22_4_d97e01\">Question:<\/label><\/div><div class=\"quform-inner quform-inner-textarea quform-inner-22_4\"><div class=\"quform-input quform-input-textarea quform-input-22_4 quform-cf\"><textarea id=\"quform_22_4_d97e01\" name=\"quform_22_4\" class=\"quform-field quform-field-textarea quform-field-22_4\"><\/textarea><\/div><\/div><\/div><\/div><div class=\"quform-element quform-element-name quform-element-22_6 quform-cf quform-element-required\"><div class=\"quform-spacer\"><div class=\"quform-label quform-label-22_6\"><label class=\"quform-label-text\" id=\"quform_22_6_d97e01_label\">Nom<span class=\"quform-required\">*<\/span><\/label><\/div><div class=\"quform-inner quform-inner-name quform-inner-22_6\"><div class=\"quform-input quform-input-name quform-input-22_6 quform-cf\"><div class=\"quform-element-row quform-2-columns quform-element-row-size-fixed quform-responsive-columns-phone-landscape\"><div class=\"quform-element-column\"><div class=\"quform-element quform-element-text quform-element-22_6_2 quform-cf quform-element-required\"><div class=\"quform-spacer\"><div class=\"quform-inner quform-inner-text quform-inner-22_6_2\"><div class=\"quform-input quform-input-text quform-input-22_6_2 quform-cf\"><input type=\"text\" id=\"quform_22_6_2_d97e01\" name=\"quform_22_6[2]\" class=\"quform-field quform-field-text quform-field-22_6_2\" aria-labelledby=\"quform_22_6_d97e01_label quform_22_6_2_d97e01_sub_label_below\" \/><\/div><label id=\"quform_22_6_2_d97e01_sub_label_below\" class=\"quform-sub-label quform-sub-label-below\">Pr\u00e9nom:<\/label><\/div><\/div><\/div><\/div><div class=\"quform-element-column\"><div class=\"quform-element quform-element-text quform-element-22_6_4 quform-cf quform-element-required\"><div class=\"quform-spacer\"><div class=\"quform-inner quform-inner-text quform-inner-22_6_4\"><div class=\"quform-input quform-input-text quform-input-22_6_4 quform-cf\"><input type=\"text\" id=\"quform_22_6_4_d97e01\" name=\"quform_22_6[4]\" class=\"quform-field quform-field-text quform-field-22_6_4\" aria-labelledby=\"quform_22_6_d97e01_label quform_22_6_4_d97e01_sub_label_below\" \/><\/div><label id=\"quform_22_6_4_d97e01_sub_label_below\" class=\"quform-sub-label quform-sub-label-below\">Nom:<\/label><\/div><\/div><\/div><\/div><\/div><\/div><\/div><\/div><\/div><div class=\"quform-element quform-element-email quform-element-22_7 quform-cf quform-element-required\"><div class=\"quform-spacer\"><div class=\"quform-label quform-label-22_7\"><label class=\"quform-label-text\" for=\"quform_22_7_d97e01\">E-mail:<span class=\"quform-required\">*<\/span><\/label><\/div><div class=\"quform-inner quform-inner-email quform-inner-22_7\"><div class=\"quform-input quform-input-email quform-input-22_7 quform-cf\"><input type=\"email\" id=\"quform_22_7_d97e01\" name=\"quform_22_7\" class=\"quform-field quform-field-email quform-field-22_7\" \/><\/div><\/div><\/div><\/div><div class=\"quform-element quform-element-textarea quform-element-22_735186 quform-sr-only quform-cf\" style=\"clip: rect(1px, 1px, 1px, 1px); clip-path: inset(50%); position: absolute !important; height: 1px; width: 1px; overflow: hidden;\"><div class=\"quform-spacer\"><div class=\"quform-label quform-label-22_735186\"><label class=\"quform-label-text\" for=\"quform_22_735186_d97e01\">Email Address<span class=\"quform-required\">*<\/span><\/label><\/div><div class=\"quform-inner quform-inner-22_735186\"><textarea id=\"quform_22_735186_d97e01\" name=\"quform_22_735186\" class=\"quform-field quform-field-textarea quform-field-22_735186\" tabindex=\"-1\" autocomplete=\"new-password\"><\/textarea><\/div><\/div><\/div><div class=\"quform-element quform-element-text quform-element-22_9 quform-cf quform-element-required\"><div class=\"quform-spacer\"><div class=\"quform-label quform-label-22_9\"><label class=\"quform-label-text\" for=\"quform_22_9_d97e01\">Num\u00e9ro de t\u00e9l\u00e9phone:<span class=\"quform-required\">*<\/span><\/label><\/div><div class=\"quform-inner quform-inner-text quform-inner-22_9\"><div class=\"quform-input quform-input-text quform-input-22_9 quform-cf\"><input type=\"text\" id=\"quform_22_9_d97e01\" name=\"quform_22_9\" class=\"quform-field quform-field-text quform-field-22_9\" \/><\/div><\/div><\/div><\/div><div class=\"quform-element quform-element-file quform-element-22_12 quform-cf quform-element-optional\"><div class=\"quform-spacer\"><div class=\"quform-label quform-label-22_12\"><label class=\"quform-label-text\" for=\"quform_22_12_d97e01\">T\u00e9l\u00e9chargement du formulaire<\/label><\/div><div class=\"quform-inner quform-inner-file quform-inner-22_12\"><div class=\"quform-input quform-input-file quform-input-22_12 quform-cf quform-button-style-theme\"><input type=\"file\" id=\"quform_22_12_d97e01\" name=\"quform_22_12[]\" class=\"quform-field quform-field-file quform-field-22_12 quform-field-file-enhanced\" data-config=\"{&quot;id&quot;:12,&quot;identifier&quot;:&quot;22_12&quot;,&quot;name&quot;:&quot;quform_22_12&quot;,&quot;max&quot;:1,&quot;size&quot;:10485760,&quot;allowedExtensions&quot;:[&quot;jpg&quot;,&quot;jpeg&quot;,&quot;png&quot;,&quot;gif&quot;],&quot;notAllowedTypeWithFilename&quot;:&quot;Type de fichier \\u00ab %filename% \\u00bb non autoris\\u00e9&quot;,&quot;tooBigWithFilename&quot;:&quot;Le fichier \\u00ab %filename% \\u00bb d\\u00e9passe la taille maximale de fichier autoris\\u00e9e&quot;,&quot;tooMany&quot;:&quot;Vous ne pouvez pas envoyer plus de %max% fichier(s)&quot;,&quot;buttonType&quot;:&quot;button&quot;,&quot;buttonText&quot;:&quot;S\\u00e9lectionner un fichier&quot;,&quot;buttonIcon&quot;:&quot;qicon-file_upload&quot;,&quot;buttonIconPosition&quot;:&quot;right&quot;}\" \/><\/div><\/div><\/div><\/div><div class=\"quform-element quform-element-captcha quform-element-22_11 quform-cf quform-element-required\"><div class=\"quform-spacer\"><div class=\"quform-label quform-label-22_11\"><label class=\"quform-label-text\" for=\"quform_22_11_d97e01\">Veuillez saisir les caract\u00e8res:<span class=\"quform-required\">*<\/span><\/label><\/div><div class=\"quform-inner quform-inner-captcha quform-inner-22_11\"><div class=\"quform-input quform-input-captcha quform-input-22_11 quform-cf\"><input type=\"text\" id=\"quform_22_11_d97e01\" name=\"quform_22_11\" class=\"quform-field quform-field-captcha quform-field-22_11\" \/><\/div><div class=\"quform-captcha quform-cf\"><div class=\"quform-captcha-image quform-captcha-image-22_11\"><img decoding=\"async\" class=\"quform-captcha-image-img\" src=\"data:image\/png;base64,iVBORw0KGgoAAAANSUhEUgAAAOYAAABQBAMAAAD\/1xTgAAAAG1BMVEX\/\/\/8iIiLj4+OsrKx0dHRZWVk9PT2QkJDHx8cJr5m6AAAACXBIWXMAAA7EAAAOxAGVKw4bAAAEG0lEQVRoge1XS1PbMBB2FBL72IXYcHTKoxxxZ1o44hna6RE3MOWIWh7XhhbSow0M4Wd3JdnWw0qcFOqTv0NshKxPu\/vtauU4LVq0aNGiRYsWLSQ2P12e7DVL+REYfjZPCUHYHOUK5DhsjjMB8P884O9qY5Q9gEHoODHARmOcEUDqcGvfNEVJcvviF8WTLDXbzbm2YfDvlFvwfZnpfYCQPclzWDt3d99SOLZOj34DrC\/DmYGPv48Yzm91pE8VmZHJHhF5JjlXLt\/XcY5xOon5d4Ma0tg0p5vAuis4v5aDqMlRDWcCa8grUJMsUaDEvEv9W1a8BKcSTuTEJeeCwsZ2UYh40syGFyqcw\/wTMvkMPDwFMN\/BJ\/uTOWtRWMNYXt\/v3unbtU+Wi+ecA7FtddI7CgFFD8w+M\/CfAD\/YWwy16ZJITlGlRynPcL2aRPmZkc7mRFeExSrhbD7v9uo6CeTfZIr+OcaXrnhIxHXyoNKl+Dr74CYJX0cd6guxuMbRy7Ln+n6KhjrOW+tabKmcKZpX\/nagwunxZZloUnW4K1IKPzii4N9Y1orlQiiL85mcFEZMZqHxLW63o++E7eFY7MjI3BKRVHp\/DqfLZyW6RWKTQy1V+Ch3XJKTVvWbSc5eyUkmZv3q8RM90gPuci9GRnUa53YzDwZgK8V9ERSdEyU88J7VaR0e6swQGWXOjg2BJnnKoZ1nWK4swlQypF9qSCSfr0wechcNDUdl7ItET8\/iQCYi3bctAfOkbjO5pX3c3pVaIgrOQ3PDq46Rnm5eIlzRYBFb9U3KjSQgU36MSbujWCXYOkb2M1s8QyWFt3L5ouur1S0rotxVd8QU6ipOE2x9g5Pp5QEqYk7zJ\/dapFhSYAXKfyor0oB5R4pD6LZvxgaNOjGSdpxzFPIdWziZ+Nhp\/UHr5NEhhCodb5dn1NjsDXni62vS3Je0lK\/l5GBVLTilWsnw0M2uVgopCn8LJ17pyo9BO43GgwMp2zX1qYNQkGdhadaG41F1gzvFua5HdKh3BXzGOXsz5GtiSyzmp3KIy4eEyiSv2JmeoSg8dU0+6ZC9mfK1kl6rDL1qImPDFXyZHoTGMNXWfOLxZdvKDPlW4O3\/utcGKknBYD0MI93yKbNUyE2Xbz06i1wkeBeeGaniYUsG28GNlK9f\/dIC7ySe0zEUELeNrJIKj9TnHREPs122FmD84bL2qp\/wSCXVtsdLx2XP6y563esZmWMF4QqtNGAcomMeOepZVYeHW1p76\/F43kT2XrGb5Gk1rGvUNdq6gDI708dZNzKCpRTOYGSr8C8AtdUlic0E2IVmuVtiHTKzYBogB7zdWEy2C4JXw2BeCEQffhG+IikK5WJ+1L27uXeI\/4RH+soRXQRYC5u2EzFNm+ds0aJFixYN4y\/RtqWowOejjQAAAABJRU5ErkJggg==\" alt=\"Image CAPTCHA\" data-element-id=\"11\" width=\"115\" height=\"40\" \/><\/div><\/div><p class=\"quform-description quform-description-below\">Cela nous aide \u00e0 \u00e9viter les spams. Merci.<\/p><\/div><\/div><\/div><div class=\"quform-element quform-element-submit quform-element-22_2 quform-cf quform-button-style-theme\"><div class=\"quform-button-submit quform-button-submit-default quform-button-submit-22_2\"><button name=\"quform_submit\" type=\"submit\" class=\"quform-submit\" value=\"submit\"><span class=\"quform-button-text quform-button-submit-text\">Soumettre<\/span><\/button><\/div><div class=\"quform-loading quform-loading-position-left quform-loading-type-spinner-1\"><div class=\"quform-loading-inner\"><div class=\"quform-loading-spinner\"><div class=\"quform-loading-spinner-inner\"><\/div><\/div><\/div><\/div><\/div><\/div><\/div><\/div><div class=\"quform-upload-progress-wrap\"><div class=\"quform-upload-progress-bar-wrap\"><div class=\"quform-upload-progress-bar\"><\/div><\/div><div class=\"quform-upload-info quform-cf\"><div class=\"quform-upload-filename\"><\/div><\/div><\/div><\/div><\/form><\/div><\/div><\/span>[\/vc_toggle][vc_toggle title=\u00a0\u00bbFormulaire d&rsquo;inscription\u00a0\u00bb color=\u00a0\u00bbviolet\u00a0\u00bb]<a href=\"https:\/\/sebim.ch\/wp-content\/uploads\/2021\/05\/Anmeldeformular-franzoesisch-2021-04.pdf\" target=\"_blank\" rel=\"noopener noreferrer\">Formulaire d&rsquo;inscription<\/a>[\/vc_toggle][vc_toggle title=\u00a0\u00bbStatuts\u00a0\u00bb color=\u00a0\u00bbviolet\u00a0\u00bb]<a href=\"https:\/\/sebim.ch\/wp-content\/uploads\/2021\/05\/Statuten_F_-2021-04.pdf\" target=\"_blank\" rel=\"noopener noreferrer\">Statuts<\/a>[\/vc_toggle][vc_toggle title=\u00a0\u00bbL&rsquo;inscription aux cours\u00a0\u00bb color=\u00a0\u00bbviolet\u00a0\u00bb]<a href=\"https:\/\/sebim.ch\/wp-content\/uploads\/2021\/05\/Anmeldeformular-Kurse-Franzoesisch-2021-04.pdf\" target=\"_blank\" rel=\"noopener noreferrer\">Inscription<\/a>[\/vc_toggle][vc_toggle title=\u00a0\u00bbCG\u00a0\u00bb color=\u00a0\u00bbviolet\u00a0\u00bb]<a href=\"https:\/\/sebim.ch\/wp-content\/uploads\/2021\/05\/AGB_F_2021-04.pdf\" target=\"_blank\" rel=\"noopener noreferrer\">CG<\/a>[\/vc_toggle][vc_toggle title=\u00a0\u00bbR\u00e8glement de formation et de formation continue\u00a0\u00bb color=\u00a0\u00bbviolet\u00a0\u00bb]<a href=\"https:\/\/sebim.ch\/wp-content\/uploads\/2021\/05\/Ausbildungsreglement_F_-2021-04.pdf\" target=\"_blank\" rel=\"noopener noreferrer\">R\u00e8glement<\/a>[\/vc_toggle][vc_toggle title=\u00a0\u00bbFormulaire Attestation de formation continue 2025\/2026&Prime; color=\u00a0\u00bbviolet\u00a0\u00bb css=\u00a0\u00bb\u00a0\u00bb]<a href=\"https:\/\/sebim.ch\/wp-content\/uploads\/2025\/12\/SEBIM_Weiterbildungsformular-ohne-Datenfeld-franzoesisch-2025-12.pdf\">T\u00e9l\u00e9charger le formulaire Attestation de formation continue 2025\/2026<\/a>[\/vc_toggle][vc_toggle title=\u00a0\u00bbFiche relative \u00e0 la methode 38 (RME)\u00a0\u00bb color=\u00a0\u00bbviolet\u00a0\u00bb]<a href=\"https:\/\/sebim.ch\/wp-content\/uploads\/2020\/06\/EMR_Merkblatt-zu-Methode-38_F_2020-04.pdf\" target=\"_blank\" rel=\"noopener noreferrer\">Fiche relative \u00e0 la m\u00e9thode N38, Th\u00e9rapie de Bior\u00e9sonance<\/a>[\/vc_toggle][vc_toggle title=\u00a0\u00bbTarif 590&Prime; color=\u00a0\u00bbviolet\u00a0\u00bb]<a href=\"https:\/\/sebim.ch\/wp-content\/uploads\/2022\/12\/FAQ_Tarif_590_Rechnungsstandard_12.2022_F.pdf\">FAQ \u2013 Questions et r\u00e9ponses sur le Tarif 590 et la norme de facturation de m\u00e9decine compl\u00e9mentaire, 2023<\/a><\/p>\n<p><a href=\"https:\/\/sebim.ch\/wp-content\/uploads\/2022\/10\/Tarif-590-NHP-230101-FR2.pdf\">Tarif 590 pour les naturopathes avec certificat de l\u2019OrTra MA ou avec dipl\u00f4me f\u00e9d\u00e9ral<\/a><\/p>\n<p><a href=\"https:\/\/sebim.ch\/wp-content\/uploads\/2022\/10\/Tarif-590-Aenderungsprotokoll-2023-FR12.pdf\">Tarif 590 Aper\u00e7u des modifications au 2023<\/a><\/p>\n<p><a href=\"https:\/\/sebim.ch\/wp-content\/uploads\/2021\/11\/Tarif-590-Apercu-des-modifications-au-2022-FR.pdf\">Tarif 590 Aper\u00e7u des modifications au 2022 <\/a><\/p>\n<p><a href=\"https:\/\/sebim.ch\/wp-content\/uploads\/2020\/06\/Tarif-590-et-formulaire-de-facture-homog\u00e8ne2020-04.pdf\" target=\"_blank\" rel=\"noopener noreferrer\">Tarif 590 et formulaire de facture homog\u00e8ne<\/a><\/p>\n<p><a href=\"https:\/\/sebim.ch\/wp-content\/uploads\/2020\/06\/FAQ_Tarif_590_Rechnungsformular_V07_final_V2_f1.pdf\" target=\"_blank\" rel=\"noopener noreferrer\">FAQ \u2013 Questions et r\u00e9ponses sur le Tarif 590<\/a>[\/vc_toggle][\/vc_column][\/vc_row][vc_row][vc_column][vc_column_text]<a href=\"https:\/\/www.sanasearch.ch\/de\/\"><img decoding=\"async\" class=\"alignnone size-medium wp-image-2385\" src=\"https:\/\/sebim.ch\/wp-content\/uploads\/2020\/02\/sanasearch.ch-logo-002-300x45.jpg\" alt=\"\" width=\"300\" height=\"45\" srcset=\"https:\/\/sebim.ch\/wp-content\/uploads\/2020\/02\/sanasearch.ch-logo-002-300x45.jpg 300w, https:\/\/sebim.ch\/wp-content\/uploads\/2020\/02\/sanasearch.ch-logo-002-768x116.jpg 768w, https:\/\/sebim.ch\/wp-content\/uploads\/2020\/02\/sanasearch.ch-logo-002-1024x155.jpg 1024w, https:\/\/sebim.ch\/wp-content\/uploads\/2020\/02\/sanasearch.ch-logo-002.jpg 1182w\" sizes=\"(max-width: 300px) 100vw, 300px\" \/><\/a>[\/vc_column_text][\/vc_column][\/vc_row]<\/p>\n<\/div>","protected":false},"excerpt":{"rendered":"<p>[vc_row][vc_column][vc_toggle title=\u00a0\u00bbFaites partie de SEBIM&#8230;\u00a0\u00bb color=\u00a0\u00bbviolet\u00a0\u00bb css=\u00a0\u00bb\u00a0\u00bb]Pour plus d&rsquo;informations, consultez  [&#8230;]<\/p>\n","protected":false},"author":1,"featured_media":0,"parent":0,"menu_order":0,"comment_status":"closed","ping_status":"closed","template":"","meta":{"_cbd_carousel_blocks":"[]","footnotes":""},"class_list":["post-2706","page","type-page","status-publish","hentry"],"yoast_head":"<!-- This site is optimized with the Yoast SEO plugin v26.8 - https:\/\/yoast.com\/product\/yoast-seo-wordpress\/ -->\n<title>Downloads - Sebim.ch<\/title>\n<meta name=\"robots\" content=\"index, follow, max-snippet:-1, max-image-preview:large, max-video-preview:-1\" \/>\n<link rel=\"canonical\" href=\"https:\/\/sebim.ch\/fr\/downloads\/\" \/>\n<meta property=\"og:locale\" content=\"fr_FR\" \/>\n<meta property=\"og:type\" content=\"article\" \/>\n<meta property=\"og:title\" content=\"Downloads - Sebim.ch\" \/>\n<meta property=\"og:description\" content=\"[vc_row][vc_column][vc_toggle title=\u00a0\u00bbFaites partie de SEBIM&#8230;\u00a0\u00bb color=\u00a0\u00bbviolet\u00a0\u00bb css=\u00a0\u00bb\u00a0\u00bb]Pour plus d&rsquo;informations, consultez [...]\" \/>\n<meta property=\"og:url\" content=\"https:\/\/sebim.ch\/fr\/downloads\/\" \/>\n<meta property=\"og:site_name\" content=\"Sebim.ch\" \/>\n<meta property=\"article:modified_time\" content=\"2025-12-17T08:49:39+00:00\" \/>\n<meta property=\"og:image\" content=\"https:\/\/sebim.ch\/wp-content\/uploads\/2020\/02\/sanasearch.ch-logo-002-300x45.jpg\" \/>\n<meta name=\"twitter:card\" content=\"summary_large_image\" \/>\n<meta name=\"twitter:label1\" content=\"Dur\u00e9e de lecture estim\u00e9e\" \/>\n\t<meta name=\"twitter:data1\" content=\"2 minutes\" \/>\n<script type=\"application\/ld+json\" class=\"yoast-schema-graph\">{\"@context\":\"https:\/\/schema.org\",\"@graph\":[{\"@type\":\"WebPage\",\"@id\":\"https:\/\/sebim.ch\/fr\/downloads\/\",\"url\":\"https:\/\/sebim.ch\/fr\/downloads\/\",\"name\":\"Downloads - Sebim.ch\",\"isPartOf\":{\"@id\":\"https:\/\/sebim.ch\/fr\/#website\"},\"primaryImageOfPage\":{\"@id\":\"https:\/\/sebim.ch\/fr\/downloads\/#primaryimage\"},\"image\":{\"@id\":\"https:\/\/sebim.ch\/fr\/downloads\/#primaryimage\"},\"thumbnailUrl\":\"https:\/\/sebim.ch\/wp-content\/uploads\/2020\/02\/sanasearch.ch-logo-002-300x45.jpg\",\"datePublished\":\"2015-12-16T14:09:55+00:00\",\"dateModified\":\"2025-12-17T08:49:39+00:00\",\"breadcrumb\":{\"@id\":\"https:\/\/sebim.ch\/fr\/downloads\/#breadcrumb\"},\"inLanguage\":\"fr-FR\",\"potentialAction\":[{\"@type\":\"ReadAction\",\"target\":[\"https:\/\/sebim.ch\/fr\/downloads\/\"]}]},{\"@type\":\"ImageObject\",\"inLanguage\":\"fr-FR\",\"@id\":\"https:\/\/sebim.ch\/fr\/downloads\/#primaryimage\",\"url\":\"https:\/\/sebim.ch\/wp-content\/uploads\/2020\/02\/sanasearch.ch-logo-002-300x45.jpg\",\"contentUrl\":\"https:\/\/sebim.ch\/wp-content\/uploads\/2020\/02\/sanasearch.ch-logo-002-300x45.jpg\"},{\"@type\":\"BreadcrumbList\",\"@id\":\"https:\/\/sebim.ch\/fr\/downloads\/#breadcrumb\",\"itemListElement\":[{\"@type\":\"ListItem\",\"position\":1,\"name\":\"Startseite\",\"item\":\"https:\/\/sebim.ch\/fr\/\"},{\"@type\":\"ListItem\",\"position\":2,\"name\":\"Downloads\"}]},{\"@type\":\"WebSite\",\"@id\":\"https:\/\/sebim.ch\/fr\/#website\",\"url\":\"https:\/\/sebim.ch\/fr\/\",\"name\":\"Sebim.ch\",\"description\":\"SCHWEIZERISCHE GESELLSCHAFT F\u00dcR ENERGIE- BIORESONANZ &amp; INFORMATIONSMEDIZIN\",\"potentialAction\":[{\"@type\":\"SearchAction\",\"target\":{\"@type\":\"EntryPoint\",\"urlTemplate\":\"https:\/\/sebim.ch\/fr\/?s={search_term_string}\"},\"query-input\":{\"@type\":\"PropertyValueSpecification\",\"valueRequired\":true,\"valueName\":\"search_term_string\"}}],\"inLanguage\":\"fr-FR\"}]}<\/script>\n<!-- \/ Yoast SEO plugin. -->","yoast_head_json":{"title":"Downloads - Sebim.ch","robots":{"index":"index","follow":"follow","max-snippet":"max-snippet:-1","max-image-preview":"max-image-preview:large","max-video-preview":"max-video-preview:-1"},"canonical":"https:\/\/sebim.ch\/fr\/downloads\/","og_locale":"fr_FR","og_type":"article","og_title":"Downloads - Sebim.ch","og_description":"[vc_row][vc_column][vc_toggle title=\u00a0\u00bbFaites partie de SEBIM&#8230;\u00a0\u00bb color=\u00a0\u00bbviolet\u00a0\u00bb css=\u00a0\u00bb\u00a0\u00bb]Pour plus d&rsquo;informations, consultez [...]","og_url":"https:\/\/sebim.ch\/fr\/downloads\/","og_site_name":"Sebim.ch","article_modified_time":"2025-12-17T08:49:39+00:00","og_image":[{"url":"https:\/\/sebim.ch\/wp-content\/uploads\/2020\/02\/sanasearch.ch-logo-002-300x45.jpg","type":"","width":"","height":""}],"twitter_card":"summary_large_image","twitter_misc":{"Dur\u00e9e de lecture estim\u00e9e":"2 minutes"},"schema":{"@context":"https:\/\/schema.org","@graph":[{"@type":"WebPage","@id":"https:\/\/sebim.ch\/fr\/downloads\/","url":"https:\/\/sebim.ch\/fr\/downloads\/","name":"Downloads - Sebim.ch","isPartOf":{"@id":"https:\/\/sebim.ch\/fr\/#website"},"primaryImageOfPage":{"@id":"https:\/\/sebim.ch\/fr\/downloads\/#primaryimage"},"image":{"@id":"https:\/\/sebim.ch\/fr\/downloads\/#primaryimage"},"thumbnailUrl":"https:\/\/sebim.ch\/wp-content\/uploads\/2020\/02\/sanasearch.ch-logo-002-300x45.jpg","datePublished":"2015-12-16T14:09:55+00:00","dateModified":"2025-12-17T08:49:39+00:00","breadcrumb":{"@id":"https:\/\/sebim.ch\/fr\/downloads\/#breadcrumb"},"inLanguage":"fr-FR","potentialAction":[{"@type":"ReadAction","target":["https:\/\/sebim.ch\/fr\/downloads\/"]}]},{"@type":"ImageObject","inLanguage":"fr-FR","@id":"https:\/\/sebim.ch\/fr\/downloads\/#primaryimage","url":"https:\/\/sebim.ch\/wp-content\/uploads\/2020\/02\/sanasearch.ch-logo-002-300x45.jpg","contentUrl":"https:\/\/sebim.ch\/wp-content\/uploads\/2020\/02\/sanasearch.ch-logo-002-300x45.jpg"},{"@type":"BreadcrumbList","@id":"https:\/\/sebim.ch\/fr\/downloads\/#breadcrumb","itemListElement":[{"@type":"ListItem","position":1,"name":"Startseite","item":"https:\/\/sebim.ch\/fr\/"},{"@type":"ListItem","position":2,"name":"Downloads"}]},{"@type":"WebSite","@id":"https:\/\/sebim.ch\/fr\/#website","url":"https:\/\/sebim.ch\/fr\/","name":"Sebim.ch","description":"SCHWEIZERISCHE GESELLSCHAFT F\u00dcR ENERGIE- BIORESONANZ &amp; INFORMATIONSMEDIZIN","potentialAction":[{"@type":"SearchAction","target":{"@type":"EntryPoint","urlTemplate":"https:\/\/sebim.ch\/fr\/?s={search_term_string}"},"query-input":{"@type":"PropertyValueSpecification","valueRequired":true,"valueName":"search_term_string"}}],"inLanguage":"fr-FR"}]}},"_links":{"self":[{"href":"https:\/\/sebim.ch\/fr\/wp-json\/wp\/v2\/pages\/2706","targetHints":{"allow":["GET"]}}],"collection":[{"href":"https:\/\/sebim.ch\/fr\/wp-json\/wp\/v2\/pages"}],"about":[{"href":"https:\/\/sebim.ch\/fr\/wp-json\/wp\/v2\/types\/page"}],"author":[{"embeddable":true,"href":"https:\/\/sebim.ch\/fr\/wp-json\/wp\/v2\/users\/1"}],"replies":[{"embeddable":true,"href":"https:\/\/sebim.ch\/fr\/wp-json\/wp\/v2\/comments?post=2706"}],"version-history":[{"count":23,"href":"https:\/\/sebim.ch\/fr\/wp-json\/wp\/v2\/pages\/2706\/revisions"}],"predecessor-version":[{"id":7163,"href":"https:\/\/sebim.ch\/fr\/wp-json\/wp\/v2\/pages\/2706\/revisions\/7163"}],"wp:attachment":[{"href":"https:\/\/sebim.ch\/fr\/wp-json\/wp\/v2\/media?parent=2706"}],"curies":[{"name":"wp","href":"https:\/\/api.w.org\/{rel}","templated":true}]}}