{"id":2781,"date":"2015-12-16T14:48:43","date_gmt":"2015-12-16T13:48:43","guid":{"rendered":"https:\/\/neu.sebim.ch\/marktplatz\/geraeteboerse\/"},"modified":"2026-05-02T12:48:24","modified_gmt":"2026-05-02T10:48:24","slug":"geraeteboerse","status":"publish","type":"page","link":"https:\/\/sebim.ch\/fr\/placedumarche\/geraeteboerse\/","title":{"rendered":"Ger\u00e4teb\u00f6rse \/ Bourse aux appareils \/ Compravendite"},"content":{"rendered":"<div class=\"wpb-content-wrapper\"><p>[vc_row][vc_column width=\u00a0\u00bb2\/3&Prime;]<div id=\"ult-carousel-7845209136a000fa953d6a\" class=\"ult-carousel-wrapper   ult_horizontal\" data-gutter=\"15\" data-rtl=\"false\" ><div class=\"ult-carousel-38983559846a000fa953bb8 \" >[vc_column_text]Auf dieser Seite sehen Sie die bestehenden Angebote f\u00fcr den Verkauf bzw. die W\u00fcnsche f\u00fcr einen Kauf von gebrauchten Bioresonanz-Ger\u00e4ten.<\/p>\n<p>Sie k\u00f6nnen keine eigenen Eintr\u00e4ge machen. Um Ihr Gebot oder Ihren Wunsch platzieren zu lassen, m\u00fcssen Sie auf der <a href=\"https:\/\/sebim.ch\/fr\/placedumarche\/\">Seite Marktplatz <\/a>ein Formular laden und ausf\u00fcllen. Dieses senden Sie per Mail an das Sekretariat.[\/vc_column_text][vc_column_text]Sur cette page vous trouvez les offres actuelles pour la vente respectivement la recherche d\u2019appareils de bior\u00e9sonance d\u2019occasion.<br \/>\nVous ne pouvez pas y faire les inscriptions directement. Pour placer votre offre de vente ou de recherche, vous devez t\u00e9l\u00e9charger un formulaire sur la page <a href=\"https:\/\/sebim.ch\/fr\/placedumarche\/\" target=\"_blank\" rel=\"noopener noreferrer\">Place du march\u00e9<\/a> et le remplir. Ensuite vous \u00eates pri\u00e9 de l\u2019envoyer au secr\u00e9tariat par mail.[\/vc_column_text][vc_column_text]In questa pagina vedi le offerte esistenti per la vendita o i desideri per l&rsquo;acquisto di apparecchi di biorisonanza usati.<br \/>\nNon \u00e8 possibile introdurre direttamente i tuoi appunti. Per fare la tua offerta o il tuo desiderio, devi caricare e compilare un modulo sulla pagina <a href=\"https:\/\/sebim.ch\/fr\/placedumarche\/\" target=\"_blank\" rel=\"noopener noreferrer\">Piazza del mercato<\/a>, poi inviarlo alla segreteria per via e-mail.[\/vc_column_text]<\/div><\/div>\t\t\t<script type=\"text\/javascript\">\n\t\t\t\tjQuery(document).ready(function ($) {\n\t\t\t\t\tif( typeof jQuery('.ult-carousel-38983559846a000fa953bb8').slick == \"function\"){\n\t\t\t\t\t\t$('.ult-carousel-38983559846a000fa953bb8').slick({dots: true,autoplay: true,autoplaySpeed: \"5000\",speed: \"300\",infinite: true,arrows: true,nextArrow: '<button type=\"button\" role=\"button\" aria-label=\"Next\" style=\"color:#333333; font-size:20px;\" class=\"slick-next default\"><i class=\"ultsl-arrow-right4\"><\/i><\/button>',prevArrow: '<button type=\"button\" role=\"button\" aria-label=\"Previous\" style=\"color:#333333; font-size:20px;\" class=\"slick-prev default\"><i class=\"ultsl-arrow-left4\"><\/i><\/button>',slidesToScroll:1,slidesToShow:1,swipe: true,draggable: true,touchMove: true,pauseOnHover: true,pauseOnFocus: false,responsive: [\n\t\t\t\t\t\t\t{\n\t\t\t\t\t\t\t  breakpoint: 1026,\n\t\t\t\t\t\t\t  settings: {\n\t\t\t\t\t\t\t\tslidesToShow: 1,\n\t\t\t\t\t\t\t\tslidesToScroll: 1,  \n\t\t\t\t\t\t\t  }\n\t\t\t\t\t\t\t},\n\t\t\t\t\t\t\t{\n\t\t\t\t\t\t\t  breakpoint: 1025,\n\t\t\t\t\t\t\t  settings: {\n\t\t\t\t\t\t\t\tslidesToShow: 1,\n\t\t\t\t\t\t\t\tslidesToScroll: 1\n\t\t\t\t\t\t\t  }\n\t\t\t\t\t\t\t},\n\t\t\t\t\t\t\t{\n\t\t\t\t\t\t\t  breakpoint: 760,\n\t\t\t\t\t\t\t  settings: {\n\t\t\t\t\t\t\t\tslidesToShow: 1,\n\t\t\t\t\t\t\t\tslidesToScroll: 1\n\t\t\t\t\t\t\t  }\n\t\t\t\t\t\t\t}\n\t\t\t\t\t\t],pauseOnDotsHover: true,customPaging: function(slider, i) {\n                   return '<i type=\"button\" style= \"color:#333333;\" class=\"ultsl-record\" data-role=\"none\"><\/i>';\n                },});\n\t\t\t\t\t}\n\t\t\t\t});\n\t\t\t<\/script>\n\t\t\t[\/vc_column][vc_column width=\u00a0\u00bb1\/3&Prime;][vc_single_image image=\u00a0\u00bb1064&Prime; img_size=\u00a0\u00bb\u00a0\u00bb][\/vc_column][\/vc_row][vc_row][vc_column][\/vc_column][\/vc_row][vc_row][vc_column][vc_column_text]<\/p>\n<h3><strong>Verkauf \/ Vente \/ Vendita<\/strong><\/h3>\n<p>[\/vc_column_text][\/vc_column][\/vc_row][vc_row][vc_column][vc_column_text]<\/p>\n<h3>Diverse Ger\u00e4te und Mehr<\/h3>\n<p>[\/vc_column_text][vc_toggle title=\u00a0\u00bbPraxisaufl\u00f6sung &#8211; Bicom 2000, Actisan, Ondamed, Schr\u00f6pfger\u00e4t mit diversem Zubeh\u00f6r\u00a0\u00bb color=\u00a0\u00bbvista_blue\u00a0\u00bb css=\u00a0\u00bb\u00a0\u00bb]<\/p>\n<h3>Praxisaufl\u00f6sung &#8211; Bicom 2000, Actisan, Ondamed, Schr\u00f6pfger\u00e4t mit diversem Zubeh\u00f6r<\/h3>\n<p>Auf Grund der Praxisaufl\u00f6sung verkaufen wir ein Bicom, Acitsam, Ondamed und Schr\u00f6pfger\u00e4t<\/p>\n<p>zu allen Ger\u00e4ten ist diverses Zubeh\u00f6r vorhanden wie Kabel, H\u00e4mmer, Messing-Becher, -Kugeln, -St\u00e4be, Augen-Elektrode, diverse Elektroden und mehr<\/p>\n<p><strong><img decoding=\"async\" class=\"alignnone wp-image-7560\" src=\"https:\/\/sebim.ch\/wp-content\/uploads\/2026\/04\/Bild-Bicom-mit-Zubehoer_Ananda-Spillmann_2026-04-1-300x217.jpg\" alt=\"\" width=\"164\" height=\"118\" srcset=\"https:\/\/sebim.ch\/wp-content\/uploads\/2026\/04\/Bild-Bicom-mit-Zubehoer_Ananda-Spillmann_2026-04-1-200x144.jpg 200w, https:\/\/sebim.ch\/wp-content\/uploads\/2026\/04\/Bild-Bicom-mit-Zubehoer_Ananda-Spillmann_2026-04-1-300x214.jpg 300w, https:\/\/sebim.ch\/wp-content\/uploads\/2026\/04\/Bild-Bicom-mit-Zubehoer_Ananda-Spillmann_2026-04-1-400x289.jpg 400w, https:\/\/sebim.ch\/wp-content\/uploads\/2026\/04\/Bild-Bicom-mit-Zubehoer_Ananda-Spillmann_2026-04-1-600x433.jpg 600w, https:\/\/sebim.ch\/wp-content\/uploads\/2026\/04\/Bild-Bicom-mit-Zubehoer_Ananda-Spillmann_2026-04-1-rotated.jpg 640w\" sizes=\"(max-width: 164px) 100vw, 164px\" \/> <img decoding=\"async\" class=\"alignnone wp-image-7554\" src=\"https:\/\/sebim.ch\/wp-content\/uploads\/2026\/04\/Bild-Ondamed_Ananda-Spillmann_2026-04-300x225.jpg\" alt=\"\" width=\"158\" height=\"119\" srcset=\"https:\/\/sebim.ch\/wp-content\/uploads\/2026\/04\/Bild-Ondamed_Ananda-Spillmann_2026-04-200x150.jpg 200w, https:\/\/sebim.ch\/wp-content\/uploads\/2026\/04\/Bild-Ondamed_Ananda-Spillmann_2026-04-300x225.jpg 300w, https:\/\/sebim.ch\/wp-content\/uploads\/2026\/04\/Bild-Ondamed_Ananda-Spillmann_2026-04-400x300.jpg 400w, https:\/\/sebim.ch\/wp-content\/uploads\/2026\/04\/Bild-Ondamed_Ananda-Spillmann_2026-04-600x450.jpg 600w, https:\/\/sebim.ch\/wp-content\/uploads\/2026\/04\/Bild-Ondamed_Ananda-Spillmann_2026-04.jpg 640w\" sizes=\"(max-width: 158px) 100vw, 158px\" \/> <img decoding=\"async\" class=\"alignnone wp-image-7548\" src=\"https:\/\/sebim.ch\/wp-content\/uploads\/2026\/04\/Bild-Actisan_Ananda-Spillmann_2026-04-300x225.jpg\" alt=\"\" width=\"158\" height=\"119\" srcset=\"https:\/\/sebim.ch\/wp-content\/uploads\/2026\/04\/Bild-Actisan_Ananda-Spillmann_2026-04-200x150.jpg 200w, https:\/\/sebim.ch\/wp-content\/uploads\/2026\/04\/Bild-Actisan_Ananda-Spillmann_2026-04-300x225.jpg 300w, https:\/\/sebim.ch\/wp-content\/uploads\/2026\/04\/Bild-Actisan_Ananda-Spillmann_2026-04-400x300.jpg 400w, https:\/\/sebim.ch\/wp-content\/uploads\/2026\/04\/Bild-Actisan_Ananda-Spillmann_2026-04-600x450.jpg 600w, https:\/\/sebim.ch\/wp-content\/uploads\/2026\/04\/Bild-Actisan_Ananda-Spillmann_2026-04.jpg 640w\" sizes=\"(max-width: 158px) 100vw, 158px\" \/> <img decoding=\"async\" class=\"alignnone wp-image-7557\" src=\"https:\/\/sebim.ch\/wp-content\/uploads\/2026\/04\/Bild-Schroepfgeraet_Ananda-Spillmann_2026-04-300x225.jpg\" alt=\"\" width=\"158\" height=\"118\" srcset=\"https:\/\/sebim.ch\/wp-content\/uploads\/2026\/04\/Bild-Schroepfgeraet_Ananda-Spillmann_2026-04-200x150.jpg 200w, https:\/\/sebim.ch\/wp-content\/uploads\/2026\/04\/Bild-Schroepfgeraet_Ananda-Spillmann_2026-04-300x225.jpg 300w, https:\/\/sebim.ch\/wp-content\/uploads\/2026\/04\/Bild-Schroepfgeraet_Ananda-Spillmann_2026-04-400x300.jpg 400w, https:\/\/sebim.ch\/wp-content\/uploads\/2026\/04\/Bild-Schroepfgeraet_Ananda-Spillmann_2026-04-600x450.jpg 600w, https:\/\/sebim.ch\/wp-content\/uploads\/2026\/04\/Bild-Schroepfgeraet_Ananda-Spillmann_2026-04.jpg 640w\" sizes=\"(max-width: 158px) 100vw, 158px\" \/><\/strong><\/p>\n<p><strong>Alle kann als Ganzes oder Einzeln erworben werden.\u00a0<\/strong><\/p>\n<p><strong>Preisvorstellung:<\/strong> nach Absprache<\/p>\n<p><strong>InteressentInnen melden sich bitte unter:<\/strong><\/p>\n<p>Ananda Spillmann,\u00a0<a href=\"mailto:ananda@borntobe.ch\">ananda@borntobe.ch,<\/a>\u00a0 079 533 54 45[\/vc_toggle][vc_toggle title=\u00a0\u00bbBioresonanz 3000&Prime; color=\u00a0\u00bbvista_blue\u00a0\u00bb css=\u00a0\u00bb\u00a0\u00bb]<\/p>\n<h3>Bioresonanz 3000<\/h3>\n<p>Resonanzger\u00e4t inkl. Software f\u00fcr Mensch und Tier<\/p>\n<p><strong>Kaufdatum<\/strong>: 2020<\/p>\n<p><strong>Neupreis: <\/strong>CHF 14&rsquo;000.00<\/p>\n<p><strong>Preisvorstellung:<\/strong> CHF 8&rsquo;500.00<\/p>\n<p><strong>InteressentInnen melden sich bitte unter:<\/strong><\/p>\n<p>Elisabeth Fr\u00f6hlich, 076 507 99 42\/ 044 822 00 20,\u00a0<a href=\"mailto:elisafroehlich@hotmail.com\">elisafroehlich@hotmail.com<\/a><\/p>\n<p>[\/vc_toggle][vc_toggle title=\u00a0\u00bbBICOM optima Mobile Bioresonanzger\u00e4t\u00a0\u00bb color=\u00a0\u00bbvista_blue\u00a0\u00bb css=\u00a0\u00bb\u00a0\u00bb]<strong>BICOM optima Mobile Bioresonanzger\u00e4t<\/strong><\/p>\n<p>Das Ger\u00e4t ist ein System f\u00fcr regulative Bioresonanztherapie f\u00fcr Human-und Veterin\u00e4rmedizin!<\/p>\n<p>Kaufdatum: 2016<\/p>\n<p>Neupreis: CHF 45&rsquo;000.00<\/p>\n<p><strong>Verkaufspreis: 9800.00<\/strong><\/p>\n<p>InteressentInnen melden sich bitte unter:<\/p>\n<p>Christine Kl\u00e4y, 079 541 22 30, <a href=\"mailto:c.klaey@cantinacolori.ch\">c.klaey@cantinacolori.ch<\/a>[\/vc_toggle][\/vc_column][\/vc_row][vc_row][vc_column][vc_column_text]<\/p>\n<h3>Kauf \/ Achat \/ Acauisto<\/h3>\n<p>[\/vc_column_text][vc_row_inner][vc_column_inner][vc_toggle title=\u00a0\u00bbBioresonanzger\u00e4t mobil\u00a0\u00bb color=\u00a0\u00bbvista_blue\u00a0\u00bb css=\u00a0\u00bb\u00a0\u00bb]Suche ein Bioresonanzger\u00e4t, <strong>muss ein mobiles sein<\/strong><\/p>\n<p>Preisvorstellung: 5&rsquo;000 &#8211; 10&rsquo;000 CHF<\/p>\n<p>Haben Sie ein passendes Angebot, dann melden Sie sich bei:<\/p>\n<p>Simone Stoller, 079 473 56 80, <a href=\"mailto:simstoller@sunrise.ch\">simstoller@sunrise.ch<\/a>[\/vc_toggle][vc_toggle title=\u00a0\u00bbHier k\u00f6nnte Ihr Inserat stehen\u00a0\u00bb color=\u00a0\u00bbvista_blue\u00a0\u00bb css=\u00a0\u00bb\u00a0\u00bb]Suchen Sie etwas im Bereich der Bioresonanztherapie?<\/p>\n<p>Dann senden Sie uns Ihr Kaufinserat[\/vc_toggle][\/vc_column_inner][vc_column_inner][\/vc_column_inner][\/vc_row_inner][\/vc_column][\/vc_row][vc_row][vc_column][vc_column_text css=\u00a0\u00bb\u00a0\u00bb][\/vc_column_text][\/vc_column][vc_column][\/vc_column][\/vc_row]<\/p>\n<\/div>","protected":false},"excerpt":{"rendered":"<p>[vc_row][vc_column width=\u00a0\u00bb2\/3&Prime;][\/vc_column][vc_column width=\u00a0\u00bb1\/3&Prime;][vc_single_image image=\u00a0\u00bb1064&Prime; img_size=\u00a0\u00bb\u00a0\u00bb][\/vc_column][\/vc_row][vc_row][vc_column][\/vc_column][\/vc_row][vc_row][vc_column][vc_column_text] Verkauf \/ Vente \/ Vendita  [&#8230;]<\/p>\n","protected":false},"author":1,"featured_media":0,"parent":2770,"menu_order":0,"comment_status":"closed","ping_status":"closed","template":"","meta":{"_cbd_carousel_blocks":"[]","footnotes":""},"class_list":["post-2781","page","type-page","status-publish","hentry"],"yoast_head":"<!-- This site is optimized with the Yoast SEO plugin v27.4 - https:\/\/yoast.com\/product\/yoast-seo-wordpress\/ -->\n<title>Ger\u00e4teb\u00f6rse \/ Bourse aux appareils \/ Compravendite - Sebim.ch<\/title>\n<meta name=\"description\" content=\"Auf dieser Seite sehen Sie die bestehenden Angebote f\u00fcr den Verkauf bzw. die W\u00fcnsche f\u00fcr einen Kauf von Bioresonanzger\u00e4ten.\" \/>\n<meta name=\"robots\" content=\"index, follow, max-snippet:-1, max-image-preview:large, max-video-preview:-1\" \/>\n<link rel=\"canonical\" href=\"https:\/\/sebim.ch\/fr\/placedumarche\/geraeteboerse\/\" \/>\n<meta property=\"og:locale\" content=\"fr_FR\" \/>\n<meta property=\"og:type\" content=\"article\" \/>\n<meta property=\"og:title\" content=\"Ger\u00e4teb\u00f6rse \/ Bourse aux appareils \/ Compravendite - Sebim.ch\" \/>\n<meta property=\"og:description\" content=\"Auf dieser Seite sehen Sie die bestehenden Angebote f\u00fcr den Verkauf bzw. die W\u00fcnsche f\u00fcr einen Kauf von Bioresonanzger\u00e4ten.\" \/>\n<meta property=\"og:url\" content=\"https:\/\/sebim.ch\/fr\/placedumarche\/geraeteboerse\/\" \/>\n<meta property=\"og:site_name\" content=\"Sebim.ch\" \/>\n<meta property=\"article:modified_time\" content=\"2026-05-02T10:48:24+00:00\" \/>\n<meta property=\"og:image\" content=\"https:\/\/sebim.ch\/wp-content\/uploads\/2026\/04\/Bild-Bicom-mit-Zubehoer_Ananda-Spillmann_2026-04-1-300x217.jpg\" \/>\n<meta name=\"twitter:card\" content=\"summary_large_image\" \/>\n<meta name=\"twitter:label1\" content=\"Dur\u00e9e de lecture estim\u00e9e\" \/>\n\t<meta name=\"twitter:data1\" content=\"4 minutes\" \/>\n<script type=\"application\/ld+json\" class=\"yoast-schema-graph\">{\"@context\":\"https:\\\/\\\/schema.org\",\"@graph\":[{\"@type\":\"WebPage\",\"@id\":\"https:\\\/\\\/sebim.ch\\\/fr\\\/placedumarche\\\/geraeteboerse\\\/\",\"url\":\"https:\\\/\\\/sebim.ch\\\/fr\\\/placedumarche\\\/geraeteboerse\\\/\",\"name\":\"Ger\u00e4teb\u00f6rse \\\/ Bourse aux appareils \\\/ Compravendite - Sebim.ch\",\"isPartOf\":{\"@id\":\"https:\\\/\\\/sebim.ch\\\/fr\\\/#website\"},\"primaryImageOfPage\":{\"@id\":\"https:\\\/\\\/sebim.ch\\\/fr\\\/placedumarche\\\/geraeteboerse\\\/#primaryimage\"},\"image\":{\"@id\":\"https:\\\/\\\/sebim.ch\\\/fr\\\/placedumarche\\\/geraeteboerse\\\/#primaryimage\"},\"thumbnailUrl\":\"https:\\\/\\\/sebim.ch\\\/wp-content\\\/uploads\\\/2026\\\/04\\\/Bild-Bicom-mit-Zubehoer_Ananda-Spillmann_2026-04-1-300x217.jpg\",\"datePublished\":\"2015-12-16T13:48:43+00:00\",\"dateModified\":\"2026-05-02T10:48:24+00:00\",\"description\":\"Auf dieser Seite sehen Sie die bestehenden Angebote f\u00fcr den Verkauf bzw. die W\u00fcnsche f\u00fcr einen Kauf von Bioresonanzger\u00e4ten.\",\"breadcrumb\":{\"@id\":\"https:\\\/\\\/sebim.ch\\\/fr\\\/placedumarche\\\/geraeteboerse\\\/#breadcrumb\"},\"inLanguage\":\"fr-FR\",\"potentialAction\":[{\"@type\":\"ReadAction\",\"target\":[\"https:\\\/\\\/sebim.ch\\\/fr\\\/placedumarche\\\/geraeteboerse\\\/\"]}]},{\"@type\":\"ImageObject\",\"inLanguage\":\"fr-FR\",\"@id\":\"https:\\\/\\\/sebim.ch\\\/fr\\\/placedumarche\\\/geraeteboerse\\\/#primaryimage\",\"url\":\"https:\\\/\\\/sebim.ch\\\/wp-content\\\/uploads\\\/2026\\\/04\\\/Bild-Bicom-mit-Zubehoer_Ananda-Spillmann_2026-04-1-300x217.jpg\",\"contentUrl\":\"https:\\\/\\\/sebim.ch\\\/wp-content\\\/uploads\\\/2026\\\/04\\\/Bild-Bicom-mit-Zubehoer_Ananda-Spillmann_2026-04-1-300x217.jpg\"},{\"@type\":\"BreadcrumbList\",\"@id\":\"https:\\\/\\\/sebim.ch\\\/fr\\\/placedumarche\\\/geraeteboerse\\\/#breadcrumb\",\"itemListElement\":[{\"@type\":\"ListItem\",\"position\":1,\"name\":\"Startseite\",\"item\":\"https:\\\/\\\/sebim.ch\\\/fr\\\/\"},{\"@type\":\"ListItem\",\"position\":2,\"name\":\"Place du march\u00e9\",\"item\":\"https:\\\/\\\/sebim.ch\\\/fr\\\/placedumarche\\\/\"},{\"@type\":\"ListItem\",\"position\":3,\"name\":\"Ger\u00e4teb\u00f6rse \\\/ Bourse aux appareils \\\/ Compravendite\"}]},{\"@type\":\"WebSite\",\"@id\":\"https:\\\/\\\/sebim.ch\\\/fr\\\/#website\",\"url\":\"https:\\\/\\\/sebim.ch\\\/fr\\\/\",\"name\":\"Sebim.ch\",\"description\":\"SCHWEIZERISCHE GESELLSCHAFT F\u00dcR ENERGIE- BIORESONANZ &amp; INFORMATIONSMEDIZIN\",\"potentialAction\":[{\"@type\":\"SearchAction\",\"target\":{\"@type\":\"EntryPoint\",\"urlTemplate\":\"https:\\\/\\\/sebim.ch\\\/fr\\\/?s={search_term_string}\"},\"query-input\":{\"@type\":\"PropertyValueSpecification\",\"valueRequired\":true,\"valueName\":\"search_term_string\"}}],\"inLanguage\":\"fr-FR\"}]}<\/script>\n<!-- \/ Yoast SEO plugin. -->","yoast_head_json":{"title":"Ger\u00e4teb\u00f6rse \/ Bourse aux appareils \/ Compravendite - Sebim.ch","description":"Auf dieser Seite sehen Sie die bestehenden Angebote f\u00fcr den Verkauf bzw. die W\u00fcnsche f\u00fcr einen Kauf von Bioresonanzger\u00e4ten.","robots":{"index":"index","follow":"follow","max-snippet":"max-snippet:-1","max-image-preview":"max-image-preview:large","max-video-preview":"max-video-preview:-1"},"canonical":"https:\/\/sebim.ch\/fr\/placedumarche\/geraeteboerse\/","og_locale":"fr_FR","og_type":"article","og_title":"Ger\u00e4teb\u00f6rse \/ Bourse aux appareils \/ Compravendite - Sebim.ch","og_description":"Auf dieser Seite sehen Sie die bestehenden Angebote f\u00fcr den Verkauf bzw. die W\u00fcnsche f\u00fcr einen Kauf von Bioresonanzger\u00e4ten.","og_url":"https:\/\/sebim.ch\/fr\/placedumarche\/geraeteboerse\/","og_site_name":"Sebim.ch","article_modified_time":"2026-05-02T10:48:24+00:00","og_image":[{"url":"https:\/\/sebim.ch\/wp-content\/uploads\/2026\/04\/Bild-Bicom-mit-Zubehoer_Ananda-Spillmann_2026-04-1-300x217.jpg","type":"","width":"","height":""}],"twitter_card":"summary_large_image","twitter_misc":{"Dur\u00e9e de lecture estim\u00e9e":"4 minutes"},"schema":{"@context":"https:\/\/schema.org","@graph":[{"@type":"WebPage","@id":"https:\/\/sebim.ch\/fr\/placedumarche\/geraeteboerse\/","url":"https:\/\/sebim.ch\/fr\/placedumarche\/geraeteboerse\/","name":"Ger\u00e4teb\u00f6rse \/ Bourse aux appareils \/ Compravendite - Sebim.ch","isPartOf":{"@id":"https:\/\/sebim.ch\/fr\/#website"},"primaryImageOfPage":{"@id":"https:\/\/sebim.ch\/fr\/placedumarche\/geraeteboerse\/#primaryimage"},"image":{"@id":"https:\/\/sebim.ch\/fr\/placedumarche\/geraeteboerse\/#primaryimage"},"thumbnailUrl":"https:\/\/sebim.ch\/wp-content\/uploads\/2026\/04\/Bild-Bicom-mit-Zubehoer_Ananda-Spillmann_2026-04-1-300x217.jpg","datePublished":"2015-12-16T13:48:43+00:00","dateModified":"2026-05-02T10:48:24+00:00","description":"Auf dieser Seite sehen Sie die bestehenden Angebote f\u00fcr den Verkauf bzw. die W\u00fcnsche f\u00fcr einen Kauf von Bioresonanzger\u00e4ten.","breadcrumb":{"@id":"https:\/\/sebim.ch\/fr\/placedumarche\/geraeteboerse\/#breadcrumb"},"inLanguage":"fr-FR","potentialAction":[{"@type":"ReadAction","target":["https:\/\/sebim.ch\/fr\/placedumarche\/geraeteboerse\/"]}]},{"@type":"ImageObject","inLanguage":"fr-FR","@id":"https:\/\/sebim.ch\/fr\/placedumarche\/geraeteboerse\/#primaryimage","url":"https:\/\/sebim.ch\/wp-content\/uploads\/2026\/04\/Bild-Bicom-mit-Zubehoer_Ananda-Spillmann_2026-04-1-300x217.jpg","contentUrl":"https:\/\/sebim.ch\/wp-content\/uploads\/2026\/04\/Bild-Bicom-mit-Zubehoer_Ananda-Spillmann_2026-04-1-300x217.jpg"},{"@type":"BreadcrumbList","@id":"https:\/\/sebim.ch\/fr\/placedumarche\/geraeteboerse\/#breadcrumb","itemListElement":[{"@type":"ListItem","position":1,"name":"Startseite","item":"https:\/\/sebim.ch\/fr\/"},{"@type":"ListItem","position":2,"name":"Place du march\u00e9","item":"https:\/\/sebim.ch\/fr\/placedumarche\/"},{"@type":"ListItem","position":3,"name":"Ger\u00e4teb\u00f6rse \/ Bourse aux appareils \/ Compravendite"}]},{"@type":"WebSite","@id":"https:\/\/sebim.ch\/fr\/#website","url":"https:\/\/sebim.ch\/fr\/","name":"Sebim.ch","description":"SCHWEIZERISCHE GESELLSCHAFT F\u00dcR ENERGIE- BIORESONANZ &amp; INFORMATIONSMEDIZIN","potentialAction":[{"@type":"SearchAction","target":{"@type":"EntryPoint","urlTemplate":"https:\/\/sebim.ch\/fr\/?s={search_term_string}"},"query-input":{"@type":"PropertyValueSpecification","valueRequired":true,"valueName":"search_term_string"}}],"inLanguage":"fr-FR"}]}},"_links":{"self":[{"href":"https:\/\/sebim.ch\/fr\/wp-json\/wp\/v2\/pages\/2781","targetHints":{"allow":["GET"]}}],"collection":[{"href":"https:\/\/sebim.ch\/fr\/wp-json\/wp\/v2\/pages"}],"about":[{"href":"https:\/\/sebim.ch\/fr\/wp-json\/wp\/v2\/types\/page"}],"author":[{"embeddable":true,"href":"https:\/\/sebim.ch\/fr\/wp-json\/wp\/v2\/users\/1"}],"replies":[{"embeddable":true,"href":"https:\/\/sebim.ch\/fr\/wp-json\/wp\/v2\/comments?post=2781"}],"version-history":[{"count":213,"href":"https:\/\/sebim.ch\/fr\/wp-json\/wp\/v2\/pages\/2781\/revisions"}],"predecessor-version":[{"id":7602,"href":"https:\/\/sebim.ch\/fr\/wp-json\/wp\/v2\/pages\/2781\/revisions\/7602"}],"up":[{"embeddable":true,"href":"https:\/\/sebim.ch\/fr\/wp-json\/wp\/v2\/pages\/2770"}],"wp:attachment":[{"href":"https:\/\/sebim.ch\/fr\/wp-json\/wp\/v2\/media?parent=2781"}],"curies":[{"name":"wp","href":"https:\/\/api.w.org\/{rel}","templated":true}]}}