{"id":3269,"date":"2015-12-16T13:02:10","date_gmt":"2015-12-16T13:02:10","guid":{"rendered":"https:\/\/neu.sebim.ch\/vortraege\/"},"modified":"2026-03-25T14:45:59","modified_gmt":"2026-03-25T13:45:59","slug":"vortraege","status":"publish","type":"page","link":"https:\/\/sebim.ch\/fr\/vortraege\/","title":{"rendered":"Vortr\u00e4ge \/ Conf\u00e9rences \/ Lezioni"},"content":{"rendered":"<div class=\"wpb-content-wrapper\"><p>[vc_row][vc_column][vc_row_inner][vc_column_inner][vc_column_text css=\u00a0\u00bb\u00a0\u00bb]<\/p>\n<div class=\"art\">\n<h3>Vortr\u00e4ge der SEBIM-Jahrestagung 2026<\/h3>\n<p>Neu befinden sich die Beitr\u00e4ge zur Jahrestagung im f\u00fcr Mitglieder gesch\u00fctzten Raum unter dem Menupunkt Mitglieder<\/p>\n<h3>Vortr\u00e4ge der SEBIM-Jahrestagung 2024<\/h3>\n<p>Daniel Linder:<\/p>\n<p><a href=\"https:\/\/sebim.ch\/wp-content\/uploads\/2024\/03\/Handout-Schlafplatzuntersuchung_2024-02.pdf\">Mein Wohlf\u00fchlplatz \u2013 Vorgehensweise einer feinstofflichen Schlafplatzuntersuchung<\/a><\/p>\n<p><a href=\"https:\/\/sebim.ch\/wp-content\/uploads\/2024\/03\/Handout-Schlafplatzuntersuchung_2024-03_F.pdf\">Mon lieu de bien-\u00eatre \u2013 proc\u00e9dure d\u2019une enqu\u00eate \u00e9nerg\u00e9tique sur les lieux de sommeil<\/a><\/p>\n<p><a href=\"https:\/\/sebim.ch\/wp-content\/uploads\/2024\/03\/Handout-Schlafplatzuntersuchung_2024-02_IT.pdf\">Il mio posto del benessere &#8211; procedura per l&rsquo;analisi sottile del posto letto<\/a><\/p>\n<p>Dr. med. Bodo K\u00f6hler:<\/p>\n<p><a href=\"https:\/\/sebim.ch\/wp-content\/uploads\/2024\/03\/Vortrag-SEBIM-handout_Bodo-Koehler-2024_3_21.pdf\">Wie lassen sich bioenergetische Therapieverfahren in eine zukunftsweisende Medizin integrieren?<\/a><\/p>\n<p><a href=\"https:\/\/sebim.ch\/wp-content\/uploads\/2024\/06\/Vortrag-SEBIM-handout_F_Bodo-Koehler-2024_3-2.pdf\">Comment int\u00e9grer les m\u00e9thodes th\u00e9rapeutiques bio\u00e9nerg\u00e9tiques dans une m\u00e9decine tourn\u00e9e vers l&rsquo;avenir?<\/a><\/p>\n<p><strong>Information pour le texte en fran\u00e7ais:<\/strong> le volume s\u2019est agrandi par la traduction (vive la technique!) et nous \u00e9tions forc\u00e9 de couper une partie du texte. Vous trouverez donc toute la partie de la conf\u00e9rence en fran\u00e7ais ici, par contre le mode d\u2019emploi pratique (\u00abpub\u00bb pour son appareil) et la liste de litt\u00e9rature n\u2019y figurent pas. Vous pouvez les lire dans le texte en allemand d\u00e8s la page 44 respectivement d\u00e8s la page 71. Merci de votre compr\u00e9hension.<\/p>\n<h3>Vortr\u00e4ge der SEBIM-Jahrestagung 2023<\/h3>\n<p>Dr. med. Birgitt Holschuh-Lorang: <a href=\"https:\/\/sebim.ch\/wp-content\/uploads\/2023\/04\/Einfuehrung-PSE-Rebapad-Testung_25.03.2023-komprimiert.pdf\">Einf\u00fchrung in die Psychosomatische Energetik &#8211; Testen mit dem RebaPAD<\/a><\/p>\n<p>Hans Ruedi Aeberli, Dr. med. Coni Schollenberger, Dr. med. Hans Schwarz: <a href=\"https:\/\/sebim.ch\/wp-content\/uploads\/2023\/04\/Praesentation-Jahrestagung2023-komprimiert.pdf\">Bioresonanz-Informations-Medizin &#8211; ein alternativmedizinisches Gesamtsystem<\/a><\/p>\n<\/div>\n<p>[\/vc_column_text][vc_column_text]<\/p>\n<div class=\"art\">\n<h3>Vortr\u00e4ge der SEBIM-Jahrestagung 2022<\/h3>\n<p>Dr. Ursula Bubendorf: <a href=\"https:\/\/sebim.ch\/wp-content\/uploads\/2022\/03\/SKRIPT_MeGeMit_Dr.-U.-Bubendorf-2022-03-19-1-komprimiert.pdf\">Mikro-Einf\u00fchrung in die Mikroimmuntherapie<\/a><\/p>\n<p>Dorothe Ogroske, Mykotroph : <a href=\"https:\/\/sebim.ch\/wp-content\/uploads\/2022\/03\/SKRIPT_Mykotroph_Immunsystem_D.-Ogroske-2022-03-19.pdf\">Mykotroph-Immunsystem_2022<\/a><\/p>\n<\/div>\n<p>[\/vc_column_text][vc_column_text]<\/p>\n<div class=\"art\">\n<h3>Vortr\u00e4ge der SEBIM-Jahrestagung 2021<\/h3>\n<p>Dr. Michael Allmann PhD FAMH: <a href=\"https:\/\/sebim.ch\/wp-content\/uploads\/2021\/03\/SEBIM_Jahrestagung_2021_Wenn-die-Leber-nicht-kann.pdf\">Wenn die Leber nicht kann<\/a><\/p>\n<p>Karin Klups, ebipharm GmbH: <a href=\"https:\/\/sebim.ch\/wp-content\/uploads\/2021\/03\/Leberstoffwechsel-SEBIM_2021.pdf\">Leberstoffwechsel SEBIM_2021<\/a><\/p>\n<h3>Vortr\u00e4ge der SEBIM-Jahrestagung 2018<\/h3>\n<p>Hans Ruedi Aeberli: <a href=\"https:\/\/sebim.ch\/wp-content\/uploads\/2020\/08\/Mikrobiom-Referat-Aeberli-2018-03-17.pdf\" target=\"_blank\" rel=\"noopener noreferrer\">Das Mikrobiom in der Dynamik des menschlichen Lebens<\/a><\/p>\n<p class=\"textbox\" dir=\"ltr\">Antal Csepregi: <a href=\"https:\/\/sebim.ch\/wp-content\/uploads\/2020\/08\/Mikrobiom-Referat-Csespregi-2018-03-17.pdf\" target=\"_blank\" rel=\"noopener noreferrer\">Die Magen-Darm-Gehirn-Achse: Das orogastrointestinale Mikrobiom und weitere Faktoren<\/a><\/p>\n<p>Martin Keymer: <a href=\"https:\/\/sebim.ch\/wp-content\/uploads\/2020\/08\/Vortragsheft-Martin-Keymer-SEBIM-2018.pdf\" target=\"_blank\" rel=\"noopener noreferrer\">Vortragsheft 2018 \u00ab\u00a0Die Symbiotischen Strukturen im Darm\u00a0\u00bb<\/a><\/p>\n<h3>Vortr\u00e4ge der SEBIM-Jahrestagung 2015<\/h3>\n<div class=\"text\">\n<p>Vortrag Dr. med. Braun von Gladiss \u00fcber <a href=\"https:\/\/sebim.ch\/wp-content\/uploads\/2015\/12\/Braun_von-Gladiss.pdf\" target=\"_blank\" rel=\"noopener noreferrer\">Modulare Ganzeitliche Onkologie<\/a><\/p>\n<\/div>\n<\/div>\n<div class=\"art\">\n<h3>Vortr\u00e4ge der SEBIM-Jahrestagung 2014<\/h3>\n<div class=\"text\">\n<p>Sie finden hier die drei Vortr\u00e4ge der SEBIM-Jahrestagung 2014 als pdf zum Download:<\/p>\n<p><a href=\"https:\/\/sebim.ch\/wp-content\/uploads\/2015\/12\/7dca1dfc1e291b94a6d2ab09a5d5c45a.pdf\" target=\"_blank\" rel=\"noopener noreferrer\">Darm und Ern\u00e4hrung,<\/a> Sybille Binder, nhk<\/p>\n<p><a href=\"https:\/\/sebim.ch\/wp-content\/uploads\/2015\/12\/Der-Darm.pdf\" target=\"_blank\" rel=\"noopener noreferrer\">Der Darm, das Zentrum des ICH,<\/a> Wolfgang Rohrer, Klosters<\/p>\n<p><a href=\"https:\/\/sebim.ch\/wp-content\/uploads\/2015\/12\/SEBIM-Epigenetik.pdf\" target=\"_blank\" rel=\"noopener noreferrer\">Epigenetik, Isopathie, Darm, <\/a>Karin Klups, ebi-pharm<\/p>\n<\/div>\n<\/div>\n<div class=\"art\">\n<h3>Vortrag Dr. Coni Schollenberger an der Jahrestagung des NVS 21.04.2012<\/h3>\n<div class=\"text\">\n<p>Coni Schollenberger hielt an der Jahrestagung des NVS am 21.04.2012 einen Vortrag \u00fcber Energie und Information.<\/p>\n<p>Der Vortrag ist als pdf zum <a href=\"https:\/\/sebim.ch\/wp-content\/uploads\/2015\/12\/Energie-und-Information.pdf\" target=\"_blank\" rel=\"noopener noreferrer\">Download <\/a>bereit gestellt.<\/p>\n<\/div>\n<\/div>\n<p>[\/vc_column_text][\/vc_column_inner][\/vc_row_inner][\/vc_column][\/vc_row]<\/p>\n<\/div>","protected":false},"excerpt":{"rendered":"<p>[vc_row][vc_column][vc_row_inner][vc_column_inner][vc_column_text css=\u00a0\u00bb\u00a0\u00bb] Vortr\u00e4ge der SEBIM-Jahrestagung 2026 Neu befinden sich die  [&#8230;]<\/p>\n","protected":false},"author":1,"featured_media":0,"parent":0,"menu_order":0,"comment_status":"closed","ping_status":"closed","template":"","meta":{"_cbd_carousel_blocks":"[]","footnotes":""},"class_list":["post-3269","page","type-page","status-publish","hentry"],"yoast_head":"<!-- This site is optimized with the Yoast SEO plugin v27.4 - https:\/\/yoast.com\/product\/yoast-seo-wordpress\/ -->\n<title>Vortr\u00e4ge \/ Conf\u00e9rences \/ Lezioni - Sebim.ch<\/title>\n<meta name=\"robots\" content=\"index, follow, max-snippet:-1, max-image-preview:large, max-video-preview:-1\" \/>\n<link rel=\"canonical\" href=\"https:\/\/sebim.ch\/fr\/vortraege\/\" \/>\n<meta property=\"og:locale\" content=\"fr_FR\" \/>\n<meta property=\"og:type\" content=\"article\" \/>\n<meta property=\"og:title\" content=\"Vortr\u00e4ge \/ Conf\u00e9rences \/ Lezioni - Sebim.ch\" \/>\n<meta property=\"og:description\" content=\"[vc_row][vc_column][vc_row_inner][vc_column_inner][vc_column_text css=\u00a0\u00bb\u00a0\u00bb] Vortr\u00e4ge der SEBIM-Jahrestagung 2026 Neu befinden sich die [...]\" \/>\n<meta property=\"og:url\" content=\"https:\/\/sebim.ch\/fr\/vortraege\/\" \/>\n<meta property=\"og:site_name\" content=\"Sebim.ch\" \/>\n<meta property=\"article:modified_time\" content=\"2026-03-25T13:45:59+00:00\" \/>\n<meta name=\"twitter:card\" content=\"summary_large_image\" \/>\n<meta name=\"twitter:label1\" content=\"Dur\u00e9e de lecture estim\u00e9e\" \/>\n\t<meta name=\"twitter:data1\" content=\"2 minutes\" \/>\n<script type=\"application\/ld+json\" class=\"yoast-schema-graph\">{\"@context\":\"https:\\\/\\\/schema.org\",\"@graph\":[{\"@type\":\"WebPage\",\"@id\":\"https:\\\/\\\/sebim.ch\\\/fr\\\/vortraege\\\/\",\"url\":\"https:\\\/\\\/sebim.ch\\\/fr\\\/vortraege\\\/\",\"name\":\"Vortr\u00e4ge \\\/ Conf\u00e9rences \\\/ Lezioni - Sebim.ch\",\"isPartOf\":{\"@id\":\"https:\\\/\\\/sebim.ch\\\/fr\\\/#website\"},\"datePublished\":\"2015-12-16T13:02:10+00:00\",\"dateModified\":\"2026-03-25T13:45:59+00:00\",\"breadcrumb\":{\"@id\":\"https:\\\/\\\/sebim.ch\\\/fr\\\/vortraege\\\/#breadcrumb\"},\"inLanguage\":\"fr-FR\",\"potentialAction\":[{\"@type\":\"ReadAction\",\"target\":[\"https:\\\/\\\/sebim.ch\\\/fr\\\/vortraege\\\/\"]}]},{\"@type\":\"BreadcrumbList\",\"@id\":\"https:\\\/\\\/sebim.ch\\\/fr\\\/vortraege\\\/#breadcrumb\",\"itemListElement\":[{\"@type\":\"ListItem\",\"position\":1,\"name\":\"Startseite\",\"item\":\"https:\\\/\\\/sebim.ch\\\/fr\\\/\"},{\"@type\":\"ListItem\",\"position\":2,\"name\":\"Vortr\u00e4ge \\\/ Conf\u00e9rences \\\/ Lezioni\"}]},{\"@type\":\"WebSite\",\"@id\":\"https:\\\/\\\/sebim.ch\\\/fr\\\/#website\",\"url\":\"https:\\\/\\\/sebim.ch\\\/fr\\\/\",\"name\":\"Sebim.ch\",\"description\":\"SCHWEIZERISCHE GESELLSCHAFT F\u00dcR ENERGIE- BIORESONANZ &amp; INFORMATIONSMEDIZIN\",\"potentialAction\":[{\"@type\":\"SearchAction\",\"target\":{\"@type\":\"EntryPoint\",\"urlTemplate\":\"https:\\\/\\\/sebim.ch\\\/fr\\\/?s={search_term_string}\"},\"query-input\":{\"@type\":\"PropertyValueSpecification\",\"valueRequired\":true,\"valueName\":\"search_term_string\"}}],\"inLanguage\":\"fr-FR\"}]}<\/script>\n<!-- \/ Yoast SEO plugin. -->","yoast_head_json":{"title":"Vortr\u00e4ge \/ Conf\u00e9rences \/ Lezioni - Sebim.ch","robots":{"index":"index","follow":"follow","max-snippet":"max-snippet:-1","max-image-preview":"max-image-preview:large","max-video-preview":"max-video-preview:-1"},"canonical":"https:\/\/sebim.ch\/fr\/vortraege\/","og_locale":"fr_FR","og_type":"article","og_title":"Vortr\u00e4ge \/ Conf\u00e9rences \/ Lezioni - Sebim.ch","og_description":"[vc_row][vc_column][vc_row_inner][vc_column_inner][vc_column_text css=\u00a0\u00bb\u00a0\u00bb] Vortr\u00e4ge der SEBIM-Jahrestagung 2026 Neu befinden sich die [...]","og_url":"https:\/\/sebim.ch\/fr\/vortraege\/","og_site_name":"Sebim.ch","article_modified_time":"2026-03-25T13:45:59+00:00","twitter_card":"summary_large_image","twitter_misc":{"Dur\u00e9e de lecture estim\u00e9e":"2 minutes"},"schema":{"@context":"https:\/\/schema.org","@graph":[{"@type":"WebPage","@id":"https:\/\/sebim.ch\/fr\/vortraege\/","url":"https:\/\/sebim.ch\/fr\/vortraege\/","name":"Vortr\u00e4ge \/ Conf\u00e9rences \/ Lezioni - Sebim.ch","isPartOf":{"@id":"https:\/\/sebim.ch\/fr\/#website"},"datePublished":"2015-12-16T13:02:10+00:00","dateModified":"2026-03-25T13:45:59+00:00","breadcrumb":{"@id":"https:\/\/sebim.ch\/fr\/vortraege\/#breadcrumb"},"inLanguage":"fr-FR","potentialAction":[{"@type":"ReadAction","target":["https:\/\/sebim.ch\/fr\/vortraege\/"]}]},{"@type":"BreadcrumbList","@id":"https:\/\/sebim.ch\/fr\/vortraege\/#breadcrumb","itemListElement":[{"@type":"ListItem","position":1,"name":"Startseite","item":"https:\/\/sebim.ch\/fr\/"},{"@type":"ListItem","position":2,"name":"Vortr\u00e4ge \/ Conf\u00e9rences \/ Lezioni"}]},{"@type":"WebSite","@id":"https:\/\/sebim.ch\/fr\/#website","url":"https:\/\/sebim.ch\/fr\/","name":"Sebim.ch","description":"SCHWEIZERISCHE GESELLSCHAFT F\u00dcR ENERGIE- BIORESONANZ &amp; INFORMATIONSMEDIZIN","potentialAction":[{"@type":"SearchAction","target":{"@type":"EntryPoint","urlTemplate":"https:\/\/sebim.ch\/fr\/?s={search_term_string}"},"query-input":{"@type":"PropertyValueSpecification","valueRequired":true,"valueName":"search_term_string"}}],"inLanguage":"fr-FR"}]}},"_links":{"self":[{"href":"https:\/\/sebim.ch\/fr\/wp-json\/wp\/v2\/pages\/3269","targetHints":{"allow":["GET"]}}],"collection":[{"href":"https:\/\/sebim.ch\/fr\/wp-json\/wp\/v2\/pages"}],"about":[{"href":"https:\/\/sebim.ch\/fr\/wp-json\/wp\/v2\/types\/page"}],"author":[{"embeddable":true,"href":"https:\/\/sebim.ch\/fr\/wp-json\/wp\/v2\/users\/1"}],"replies":[{"embeddable":true,"href":"https:\/\/sebim.ch\/fr\/wp-json\/wp\/v2\/comments?post=3269"}],"version-history":[{"count":23,"href":"https:\/\/sebim.ch\/fr\/wp-json\/wp\/v2\/pages\/3269\/revisions"}],"predecessor-version":[{"id":7508,"href":"https:\/\/sebim.ch\/fr\/wp-json\/wp\/v2\/pages\/3269\/revisions\/7508"}],"wp:attachment":[{"href":"https:\/\/sebim.ch\/fr\/wp-json\/wp\/v2\/media?parent=3269"}],"curies":[{"name":"wp","href":"https:\/\/api.w.org\/{rel}","templated":true}]}}