{"id":5552,"date":"2023-05-10T14:58:10","date_gmt":"2023-05-10T12:58:10","guid":{"rendered":"https:\/\/sebim.ch\/?page_id=5552"},"modified":"2026-03-06T14:15:08","modified_gmt":"2026-03-06T13:15:08","slug":"devenir-donateur","status":"publish","type":"page","link":"https:\/\/sebim.ch\/fr\/devenir-donateur\/","title":{"rendered":"Devenir donateur"},"content":{"rendered":"<div class=\"wpb-content-wrapper\"><p>[vc_row][vc_column][vc_column_text css=\u00a0\u00bb\u00a0\u00bb]<span style=\"color: #008000;\"><strong>La SEBIM se pr\u00e9sente:<\/strong><\/span><\/p>\n<p>La SEBIM est une association ind\u00e9pendante <strong>d&rsquo;utilisateurs de la m\u00e9decine d&rsquo;information en<\/strong> <strong>bior\u00e9sonance<\/strong> issus de professions m\u00e9dicales telles que m\u00e9decins, dentistes et v\u00e9t\u00e9rinaires, naturopathes, infirmiers, pharmaciens, assistants m\u00e9dicaux et autres professions apparent\u00e9es.<\/p>\n<p>La large r\u00e9partition et la taille de la soci\u00e9t\u00e9 lui conf\u00e8rent le poids n\u00e9cessaire pour d\u00e9fendre ses int\u00e9r\u00eats.<\/p>\n<p>Les membres ordinaires disposent tous d&rsquo;une <strong>solide formation de base<\/strong> et sont soumis \u00e0 une obligation de formation continue permanente et contr\u00f4l\u00e9e.<\/p>\n<p><span style=\"color: #008000;\"><strong>La SEBIM se fixe les t\u00e2ches suivantes:<\/strong><\/span><\/p>\n<p><strong>Faire conna\u00eetre<\/strong> la m\u00e9decine d&rsquo;information en bior\u00e9sonance.<\/p>\n<p>Assurer que nos membres aient une <strong>formation initiale et continue de haut niveau<\/strong>.<\/p>\n<p>Assurer un <strong>\u00e9change intensif d&rsquo;informations et d&rsquo;exp\u00e9riences<\/strong> entre les membres.<\/p>\n<p><span style=\"color: #008000;\"><strong>Pourquoi devenir donateur de la SEBIM?<\/strong><\/span><\/p>\n<p>Le vieillissement croissant du secteur de la sant\u00e9 n&rsquo;\u00e9pargne pas la SEBIM. Actuellement, nous enregistrons plus de d\u00e9parts li\u00e9s \u00e0 l&rsquo;\u00e2ge que d&rsquo;arriv\u00e9es de jeunes membres fra\u00eechement form\u00e9s.<\/p>\n<p>Cela entra\u00eene une baisse de nos recettes et met en danger la p\u00e9rennit\u00e9 de la soci\u00e9t\u00e9 \u00e0 long terme.<\/p>\n<p>A la recherche de moyens financiers suppl\u00e9mentaires, nous faisons appel \u00e0 vous pour nous soutenir financi\u00e8rement en tant que donateur de la SEBIM.<\/p>\n<p><span style=\"color: #008000;\"><strong>Que soutenez-vous en devenant membre de la SEBIM?<\/strong><\/span><\/p>\n<p>La repr\u00e9sentation des int\u00e9r\u00eats des th\u00e9rapeutes en bior\u00e9sonance aupr\u00e8s du grand public ainsi que l&rsquo;engagement politique pour la <strong>reconnaissance de la m\u00e9thode<\/strong> aupr\u00e8s de la population et des organismes payeurs.<\/p>\n<p>L\u2019assurance que nos membres aient une <strong>formation initiale et continue de qualit\u00e9<\/strong>.<\/p>\n<p><span style=\"color: #008000;\"><strong>Que recevez-vous en remerciement de <\/strong><strong>votre adh\u00e9sion en tant que donateur?<\/strong><\/span><\/p>\n<p>&#8211; Magazine News deux fois par an<\/p>\n<p>&#8211; Entr\u00e9e gratuite au congr\u00e8s annuel avec partie scientifique, exposition vari\u00e9e, restauration.<\/p>\n<p><span style=\"color: #008000;\"><strong>Et que co\u00fbte l&rsquo;adh\u00e9sion en tant que membre donateur?<\/strong><\/span><\/p>\n<p>Le m\u00eame montant que la cotisation annuelle de nos membres ou, et nous en serions \u00e9videmment tr\u00e8s heureux, un peu plus .<\/p>\n<p>N&rsquo;h\u00e9sitez pas \u00e0 nous contacter en cas de doute, par t\u00e9l\u00e9phone ou par mail. Visitez \u00e9galement notre site web <strong>www.sebim.ch<\/strong> o\u00f9 vous trouverez le formulaire d&rsquo;inscription pour devenir donateur.<\/p>\n<p>Nous vous remercions d&rsquo;avoir pris le temps d&rsquo;\u00e9tudier le d\u00e9pliant.<\/p>\n<p>Nous serions tr\u00e8s heureux de vous accueillir <strong>vous en particulier<\/strong> au sein de la SEBIM en tant que donateur d&rsquo;une bonne cause.<\/p>\n<p><a href=\"https:\/\/sebim.ch\/wp-content\/uploads\/2026\/03\/Anmeldeformular_Goennermitgliedschaft_F_2023-04.pdf\">Formulaire d\u2018inscription &#8211; donateur de la SEBIM<\/a><\/p>\n<p><a href=\"https:\/\/sebim.ch\/wp-content\/uploads\/2023\/05\/Sebim_Goenner_F_Final_2023-04.pdf\">T\u00e9l\u00e9garger Flyer \u00ab\u00a0Devenir donateur de la SEBIM\u00a0\u00bb<\/a>[\/vc_column_text][vc_row_inner][vc_column_inner][vc_column_text][\/vc_column_text][\/vc_column_inner][\/vc_row_inner][\/vc_column][\/vc_row]<\/p>\n<\/div>","protected":false},"excerpt":{"rendered":"<p>[vc_row][vc_column][vc_column_text css=\u00a0\u00bb\u00a0\u00bb]La SEBIM se pr\u00e9sente: La SEBIM est une association  [&#8230;]<\/p>\n","protected":false},"author":1,"featured_media":0,"parent":0,"menu_order":0,"comment_status":"closed","ping_status":"closed","template":"","meta":{"_cbd_carousel_blocks":"[]","footnotes":""},"class_list":["post-5552","page","type-page","status-publish","hentry"],"yoast_head":"<!-- This site is optimized with the Yoast SEO plugin v27.4 - https:\/\/yoast.com\/product\/yoast-seo-wordpress\/ -->\n<title>Devenir donateur - Sebim.ch<\/title>\n<meta name=\"robots\" content=\"index, follow, max-snippet:-1, max-image-preview:large, max-video-preview:-1\" \/>\n<link rel=\"canonical\" href=\"https:\/\/sebim.ch\/fr\/devenir-donateur\/\" \/>\n<meta property=\"og:locale\" content=\"fr_FR\" \/>\n<meta property=\"og:type\" content=\"article\" \/>\n<meta property=\"og:title\" content=\"Devenir donateur - Sebim.ch\" \/>\n<meta property=\"og:description\" content=\"[vc_row][vc_column][vc_column_text css=\u00a0\u00bb\u00a0\u00bb]La SEBIM se pr\u00e9sente: La SEBIM est une association [...]\" \/>\n<meta property=\"og:url\" content=\"https:\/\/sebim.ch\/fr\/devenir-donateur\/\" \/>\n<meta property=\"og:site_name\" content=\"Sebim.ch\" \/>\n<meta property=\"article:modified_time\" content=\"2026-03-06T13:15:08+00:00\" \/>\n<meta name=\"twitter:card\" content=\"summary_large_image\" \/>\n<meta name=\"twitter:label1\" content=\"Dur\u00e9e de lecture estim\u00e9e\" \/>\n\t<meta name=\"twitter:data1\" content=\"3 minutes\" \/>\n<script type=\"application\/ld+json\" class=\"yoast-schema-graph\">{\"@context\":\"https:\\\/\\\/schema.org\",\"@graph\":[{\"@type\":\"WebPage\",\"@id\":\"https:\\\/\\\/sebim.ch\\\/fr\\\/devenir-donateur\\\/\",\"url\":\"https:\\\/\\\/sebim.ch\\\/fr\\\/devenir-donateur\\\/\",\"name\":\"Devenir donateur - Sebim.ch\",\"isPartOf\":{\"@id\":\"https:\\\/\\\/sebim.ch\\\/fr\\\/#website\"},\"datePublished\":\"2023-05-10T12:58:10+00:00\",\"dateModified\":\"2026-03-06T13:15:08+00:00\",\"breadcrumb\":{\"@id\":\"https:\\\/\\\/sebim.ch\\\/fr\\\/devenir-donateur\\\/#breadcrumb\"},\"inLanguage\":\"fr-FR\",\"potentialAction\":[{\"@type\":\"ReadAction\",\"target\":[\"https:\\\/\\\/sebim.ch\\\/fr\\\/devenir-donateur\\\/\"]}]},{\"@type\":\"BreadcrumbList\",\"@id\":\"https:\\\/\\\/sebim.ch\\\/fr\\\/devenir-donateur\\\/#breadcrumb\",\"itemListElement\":[{\"@type\":\"ListItem\",\"position\":1,\"name\":\"Startseite\",\"item\":\"https:\\\/\\\/sebim.ch\\\/fr\\\/\"},{\"@type\":\"ListItem\",\"position\":2,\"name\":\"Devenir donateur\"}]},{\"@type\":\"WebSite\",\"@id\":\"https:\\\/\\\/sebim.ch\\\/fr\\\/#website\",\"url\":\"https:\\\/\\\/sebim.ch\\\/fr\\\/\",\"name\":\"Sebim.ch\",\"description\":\"SCHWEIZERISCHE GESELLSCHAFT F\u00dcR ENERGIE- BIORESONANZ &amp; INFORMATIONSMEDIZIN\",\"potentialAction\":[{\"@type\":\"SearchAction\",\"target\":{\"@type\":\"EntryPoint\",\"urlTemplate\":\"https:\\\/\\\/sebim.ch\\\/fr\\\/?s={search_term_string}\"},\"query-input\":{\"@type\":\"PropertyValueSpecification\",\"valueRequired\":true,\"valueName\":\"search_term_string\"}}],\"inLanguage\":\"fr-FR\"}]}<\/script>\n<!-- \/ Yoast SEO plugin. -->","yoast_head_json":{"title":"Devenir donateur - Sebim.ch","robots":{"index":"index","follow":"follow","max-snippet":"max-snippet:-1","max-image-preview":"max-image-preview:large","max-video-preview":"max-video-preview:-1"},"canonical":"https:\/\/sebim.ch\/fr\/devenir-donateur\/","og_locale":"fr_FR","og_type":"article","og_title":"Devenir donateur - Sebim.ch","og_description":"[vc_row][vc_column][vc_column_text css=\u00a0\u00bb\u00a0\u00bb]La SEBIM se pr\u00e9sente: La SEBIM est une association [...]","og_url":"https:\/\/sebim.ch\/fr\/devenir-donateur\/","og_site_name":"Sebim.ch","article_modified_time":"2026-03-06T13:15:08+00:00","twitter_card":"summary_large_image","twitter_misc":{"Dur\u00e9e de lecture estim\u00e9e":"3 minutes"},"schema":{"@context":"https:\/\/schema.org","@graph":[{"@type":"WebPage","@id":"https:\/\/sebim.ch\/fr\/devenir-donateur\/","url":"https:\/\/sebim.ch\/fr\/devenir-donateur\/","name":"Devenir donateur - Sebim.ch","isPartOf":{"@id":"https:\/\/sebim.ch\/fr\/#website"},"datePublished":"2023-05-10T12:58:10+00:00","dateModified":"2026-03-06T13:15:08+00:00","breadcrumb":{"@id":"https:\/\/sebim.ch\/fr\/devenir-donateur\/#breadcrumb"},"inLanguage":"fr-FR","potentialAction":[{"@type":"ReadAction","target":["https:\/\/sebim.ch\/fr\/devenir-donateur\/"]}]},{"@type":"BreadcrumbList","@id":"https:\/\/sebim.ch\/fr\/devenir-donateur\/#breadcrumb","itemListElement":[{"@type":"ListItem","position":1,"name":"Startseite","item":"https:\/\/sebim.ch\/fr\/"},{"@type":"ListItem","position":2,"name":"Devenir donateur"}]},{"@type":"WebSite","@id":"https:\/\/sebim.ch\/fr\/#website","url":"https:\/\/sebim.ch\/fr\/","name":"Sebim.ch","description":"SCHWEIZERISCHE GESELLSCHAFT F\u00dcR ENERGIE- BIORESONANZ &amp; INFORMATIONSMEDIZIN","potentialAction":[{"@type":"SearchAction","target":{"@type":"EntryPoint","urlTemplate":"https:\/\/sebim.ch\/fr\/?s={search_term_string}"},"query-input":{"@type":"PropertyValueSpecification","valueRequired":true,"valueName":"search_term_string"}}],"inLanguage":"fr-FR"}]}},"_links":{"self":[{"href":"https:\/\/sebim.ch\/fr\/wp-json\/wp\/v2\/pages\/5552","targetHints":{"allow":["GET"]}}],"collection":[{"href":"https:\/\/sebim.ch\/fr\/wp-json\/wp\/v2\/pages"}],"about":[{"href":"https:\/\/sebim.ch\/fr\/wp-json\/wp\/v2\/types\/page"}],"author":[{"embeddable":true,"href":"https:\/\/sebim.ch\/fr\/wp-json\/wp\/v2\/users\/1"}],"replies":[{"embeddable":true,"href":"https:\/\/sebim.ch\/fr\/wp-json\/wp\/v2\/comments?post=5552"}],"version-history":[{"count":8,"href":"https:\/\/sebim.ch\/fr\/wp-json\/wp\/v2\/pages\/5552\/revisions"}],"predecessor-version":[{"id":7467,"href":"https:\/\/sebim.ch\/fr\/wp-json\/wp\/v2\/pages\/5552\/revisions\/7467"}],"wp:attachment":[{"href":"https:\/\/sebim.ch\/fr\/wp-json\/wp\/v2\/media?parent=5552"}],"curies":[{"name":"wp","href":"https:\/\/api.w.org\/{rel}","templated":true}]}}