{"id":5573,"date":"2023-05-10T15:54:39","date_gmt":"2023-05-10T13:54:39","guid":{"rendered":"https:\/\/sebim.ch\/?page_id=5573"},"modified":"2023-05-11T11:49:01","modified_gmt":"2023-05-11T09:49:01","slug":"liste-des-appareils","status":"publish","type":"page","link":"https:\/\/sebim.ch\/fr\/liste-des-appareils\/","title":{"rendered":"Liste des appareils"},"content":{"rendered":"<div class=\"wpb-content-wrapper\"><p>[vc_row][vc_column][vc_column_text]version 3\/2023<\/p>\n<p>Les appareils de base sont des appareils qui ont \u00e9t\u00e9 contr\u00f4l\u00e9s selon les crit\u00e8res de notre r\u00e8glement sur les appareils et avec lesquels notre concept de bior\u00e9sonance peut \u00eatre mis en pratique.<\/p>\n<p><strong>1. Appareils de base pour la th\u00e9rapie de bior\u00e9sonance<\/strong><\/p>\n<p>Bicom (Regumed)<br \/>\nAppareils Mora (MedTronik)<br \/>\nBioKat M V et M III<br \/>\nMed-Select (Wegamed)<br \/>\nApere (Apere GmbH)<br \/>\nS\u00e9rie Medisend Super (AMS)<br \/>\nColorpunctur (AMS)<br \/>\nLykotronic (Jahoda)<br \/>\nRemiWave Pro (Holimed)<br \/>\nOndamed (Binder)<br \/>\nBioSyn-17 (Bionik)<br \/>\nEquilizer 109 (K\u00f6hler)<br \/>\nFalco (Falco Energetics GmbH)<br \/>\nRayocomp PS-1000, PS-10 (Rayonnex)<br \/>\nMito (Vitatec)<\/p>\n<p><strong>1a. Appareils de base pour la th\u00e9rapie de bior\u00e9sonance<\/strong><\/p>\n<p>(Ces appareils ne sont plus fabriqu\u00e9s. Il existe une garantie d&rsquo;acquis pour les propri\u00e9taires actuels).<\/p>\n<p>Bemisan, Mitosan (Vitatec)<br \/>\nMitoPlus avec module de bior\u00e9sonance (Vitatec)<br \/>\nVega-Select (Vega)<br \/>\nAdvantus (MDT)<\/p>\n<p>Cette liste n&rsquo;est pas exhaustive.<\/p>\n<p>Pour plus d&rsquo;informations sur les appareils qui ne figurent pas sur la liste, veuillez contacter le secr\u00e9tariat du SEBIM.<\/p>\n<p><a href=\"https:\/\/sebim.ch\/wp-content\/uploads\/2023\/05\/Geraete-Liste_Grundgeraete_F_2023-05.pdf\">T\u00e9l\u00e9garger Liste des appareils<\/a>[\/vc_column_text][vc_row_inner][vc_column_inner][\/vc_column_inner][\/vc_row_inner][\/vc_column][\/vc_row]<\/p>\n<\/div>","protected":false},"excerpt":{"rendered":"<p>[vc_row][vc_column][vc_column_text]version 3\/2023 Les appareils de base sont des appareils qui  [&#8230;]<\/p>\n","protected":false},"author":1,"featured_media":0,"parent":0,"menu_order":0,"comment_status":"closed","ping_status":"closed","template":"","meta":{"_cbd_carousel_blocks":"[]","footnotes":""},"class_list":["post-5573","page","type-page","status-publish","hentry"],"yoast_head":"<!-- This site is optimized with the Yoast SEO plugin v26.8 - https:\/\/yoast.com\/product\/yoast-seo-wordpress\/ -->\n<title>Liste des appareils - Sebim.ch<\/title>\n<meta name=\"robots\" content=\"index, follow, max-snippet:-1, max-image-preview:large, max-video-preview:-1\" \/>\n<link rel=\"canonical\" href=\"https:\/\/sebim.ch\/fr\/liste-des-appareils\/\" \/>\n<meta property=\"og:locale\" content=\"fr_FR\" \/>\n<meta property=\"og:type\" content=\"article\" \/>\n<meta property=\"og:title\" content=\"Liste des appareils - Sebim.ch\" \/>\n<meta property=\"og:description\" content=\"[vc_row][vc_column][vc_column_text]version 3\/2023 Les appareils de base sont des appareils qui [...]\" \/>\n<meta property=\"og:url\" content=\"https:\/\/sebim.ch\/fr\/liste-des-appareils\/\" \/>\n<meta property=\"og:site_name\" content=\"Sebim.ch\" \/>\n<meta property=\"article:modified_time\" content=\"2023-05-11T09:49:01+00:00\" \/>\n<meta name=\"twitter:card\" content=\"summary_large_image\" \/>\n<meta name=\"twitter:label1\" content=\"Dur\u00e9e de lecture estim\u00e9e\" \/>\n\t<meta name=\"twitter:data1\" content=\"1 minute\" \/>\n<script type=\"application\/ld+json\" class=\"yoast-schema-graph\">{\"@context\":\"https:\/\/schema.org\",\"@graph\":[{\"@type\":\"WebPage\",\"@id\":\"https:\/\/sebim.ch\/fr\/liste-des-appareils\/\",\"url\":\"https:\/\/sebim.ch\/fr\/liste-des-appareils\/\",\"name\":\"Liste des appareils - Sebim.ch\",\"isPartOf\":{\"@id\":\"https:\/\/sebim.ch\/fr\/#website\"},\"datePublished\":\"2023-05-10T13:54:39+00:00\",\"dateModified\":\"2023-05-11T09:49:01+00:00\",\"breadcrumb\":{\"@id\":\"https:\/\/sebim.ch\/fr\/liste-des-appareils\/#breadcrumb\"},\"inLanguage\":\"fr-FR\",\"potentialAction\":[{\"@type\":\"ReadAction\",\"target\":[\"https:\/\/sebim.ch\/fr\/liste-des-appareils\/\"]}]},{\"@type\":\"BreadcrumbList\",\"@id\":\"https:\/\/sebim.ch\/fr\/liste-des-appareils\/#breadcrumb\",\"itemListElement\":[{\"@type\":\"ListItem\",\"position\":1,\"name\":\"Startseite\",\"item\":\"https:\/\/sebim.ch\/fr\/\"},{\"@type\":\"ListItem\",\"position\":2,\"name\":\"Liste des appareils\"}]},{\"@type\":\"WebSite\",\"@id\":\"https:\/\/sebim.ch\/fr\/#website\",\"url\":\"https:\/\/sebim.ch\/fr\/\",\"name\":\"Sebim.ch\",\"description\":\"SCHWEIZERISCHE GESELLSCHAFT F\u00dcR ENERGIE- BIORESONANZ &amp; INFORMATIONSMEDIZIN\",\"potentialAction\":[{\"@type\":\"SearchAction\",\"target\":{\"@type\":\"EntryPoint\",\"urlTemplate\":\"https:\/\/sebim.ch\/fr\/?s={search_term_string}\"},\"query-input\":{\"@type\":\"PropertyValueSpecification\",\"valueRequired\":true,\"valueName\":\"search_term_string\"}}],\"inLanguage\":\"fr-FR\"}]}<\/script>\n<!-- \/ Yoast SEO plugin. -->","yoast_head_json":{"title":"Liste des appareils - Sebim.ch","robots":{"index":"index","follow":"follow","max-snippet":"max-snippet:-1","max-image-preview":"max-image-preview:large","max-video-preview":"max-video-preview:-1"},"canonical":"https:\/\/sebim.ch\/fr\/liste-des-appareils\/","og_locale":"fr_FR","og_type":"article","og_title":"Liste des appareils - Sebim.ch","og_description":"[vc_row][vc_column][vc_column_text]version 3\/2023 Les appareils de base sont des appareils qui [...]","og_url":"https:\/\/sebim.ch\/fr\/liste-des-appareils\/","og_site_name":"Sebim.ch","article_modified_time":"2023-05-11T09:49:01+00:00","twitter_card":"summary_large_image","twitter_misc":{"Dur\u00e9e de lecture estim\u00e9e":"1 minute"},"schema":{"@context":"https:\/\/schema.org","@graph":[{"@type":"WebPage","@id":"https:\/\/sebim.ch\/fr\/liste-des-appareils\/","url":"https:\/\/sebim.ch\/fr\/liste-des-appareils\/","name":"Liste des appareils - Sebim.ch","isPartOf":{"@id":"https:\/\/sebim.ch\/fr\/#website"},"datePublished":"2023-05-10T13:54:39+00:00","dateModified":"2023-05-11T09:49:01+00:00","breadcrumb":{"@id":"https:\/\/sebim.ch\/fr\/liste-des-appareils\/#breadcrumb"},"inLanguage":"fr-FR","potentialAction":[{"@type":"ReadAction","target":["https:\/\/sebim.ch\/fr\/liste-des-appareils\/"]}]},{"@type":"BreadcrumbList","@id":"https:\/\/sebim.ch\/fr\/liste-des-appareils\/#breadcrumb","itemListElement":[{"@type":"ListItem","position":1,"name":"Startseite","item":"https:\/\/sebim.ch\/fr\/"},{"@type":"ListItem","position":2,"name":"Liste des appareils"}]},{"@type":"WebSite","@id":"https:\/\/sebim.ch\/fr\/#website","url":"https:\/\/sebim.ch\/fr\/","name":"Sebim.ch","description":"SCHWEIZERISCHE GESELLSCHAFT F\u00dcR ENERGIE- BIORESONANZ &amp; INFORMATIONSMEDIZIN","potentialAction":[{"@type":"SearchAction","target":{"@type":"EntryPoint","urlTemplate":"https:\/\/sebim.ch\/fr\/?s={search_term_string}"},"query-input":{"@type":"PropertyValueSpecification","valueRequired":true,"valueName":"search_term_string"}}],"inLanguage":"fr-FR"}]}},"_links":{"self":[{"href":"https:\/\/sebim.ch\/fr\/wp-json\/wp\/v2\/pages\/5573","targetHints":{"allow":["GET"]}}],"collection":[{"href":"https:\/\/sebim.ch\/fr\/wp-json\/wp\/v2\/pages"}],"about":[{"href":"https:\/\/sebim.ch\/fr\/wp-json\/wp\/v2\/types\/page"}],"author":[{"embeddable":true,"href":"https:\/\/sebim.ch\/fr\/wp-json\/wp\/v2\/users\/1"}],"replies":[{"embeddable":true,"href":"https:\/\/sebim.ch\/fr\/wp-json\/wp\/v2\/comments?post=5573"}],"version-history":[{"count":5,"href":"https:\/\/sebim.ch\/fr\/wp-json\/wp\/v2\/pages\/5573\/revisions"}],"predecessor-version":[{"id":5629,"href":"https:\/\/sebim.ch\/fr\/wp-json\/wp\/v2\/pages\/5573\/revisions\/5629"}],"wp:attachment":[{"href":"https:\/\/sebim.ch\/fr\/wp-json\/wp\/v2\/media?parent=5573"}],"curies":[{"name":"wp","href":"https:\/\/api.w.org\/{rel}","templated":true}]}}