{"id":5588,"date":"2023-05-10T16:12:05","date_gmt":"2023-05-10T14:12:05","guid":{"rendered":"https:\/\/sebim.ch\/?page_id=5588"},"modified":"2024-04-04T14:52:10","modified_gmt":"2024-04-04T12:52:10","slug":"geraetereglement","status":"publish","type":"page","link":"https:\/\/sebim.ch\/fr\/geraetereglement\/","title":{"rendered":"R\u00e8glement concernant les appareils"},"content":{"rendered":"<div class=\"wpb-content-wrapper\"><p>[vc_row][vc_column][vc_column_text]Dans la m\u00e9decine d&rsquo;information en bior\u00e9sonance, le th\u00e9rapeute saisit la situation de r\u00e9gulation \u00e9nerg\u00e9tique du patient \u00e0 l&rsquo;aide de m\u00e9thodes de test bio\u00e9nerg\u00e9tiques (kin\u00e9siologie, EAP, Tensor, RAC selon Nogier).<br \/>\nAu cours de la th\u00e9rapie, une r\u00e9sonance est g\u00e9n\u00e9r\u00e9e dans le corps du patient par l&rsquo;activation de sch\u00e9mas de fr\u00e9quences propres ou externes au corps, modul\u00e9s \u00e9lectroniquement, dans le but de faire fonctionner \u00e0 nouveau les circuits de r\u00e9gulation cybern\u00e9tiques bloqu\u00e9s et d&rsquo;am\u00e9liorer ainsi la capacit\u00e9 de r\u00e9gulation.<\/p>\n<p>Les appareils de th\u00e9rapie en bior\u00e9sonance reconnus par la SEBIM ont un large \u00e9ventail d&rsquo;applications. Ils permettent au th\u00e9rapeute de proposer une th\u00e9rapie globale adapt\u00e9e \u00e0 chaque individu, qui correspond \u00e0 la d\u00e9finition ci-dessus et qui peut mettre en \u0153uvre les concepts de diagnostic et de th\u00e9rapie enseign\u00e9s dans le concept de formation SEBIM.<\/p>\n<p>Chaque th\u00e9rapeute SEBIM a besoin d&rsquo;au moins un de ces appareils de bior\u00e9sonance reconnus par la SEBIM pour \u00eatre admis en tant que membre ordinaire et pour son activit\u00e9 th\u00e9rapeutique ult\u00e9rieure.<\/p>\n<p>Pour \u00eatre reconnu comme appareil th\u00e9rapeutique, une demande \u00e9crite du fabricant doit \u00eatre adress\u00e9e au secr\u00e9tariat de la SEBIM, accompagn\u00e9e de la preuve des conditions \u00e9num\u00e9r\u00e9es en annexe.<\/p>\n<p>C&rsquo;est le comit\u00e9 de la SEBIM qui d\u00e9cide si un nouvel appareil doit \u00eatre ajout\u00e9 \u00e0 la liste. En cas de doute ou de recours, des experts ind\u00e9pendants et des utilisateurs exp\u00e9riment\u00e9s sont consult\u00e9s pour prendre une d\u00e9cision. Les frais de recours sont payants.<\/p>\n<p>Sch\u00f6nenberg, 16 mars 2024<\/p>\n<p><strong>Annexe<\/strong><\/p>\n<p>Crit\u00e8res \u00e0 remplir pour la reconnaissance SEBIM d&rsquo;un appareil de bior\u00e9sonance<\/p>\n<p>1. Utilisation possible d&rsquo;informations endog\u00e8nes et exog\u00e8nes.<br \/>\n2. Possibilit\u00e9 d\u2019adaptation individuelle des param\u00e8tres de th\u00e9rapie.<br \/>\n3. Existence de concepts de traitement ainsi que de rapports d\u2019exp\u00e9riences.<br \/>\n4. Accessoires sp\u00e9cifiques \u00e0 l&rsquo;appareil disponibles.<br \/>\n5. Mode d&#8217;emploi, explication de la technique sous-jacente disponibles.<br \/>\n6. Possibilit\u00e9s de formation et de perfectionnement sp\u00e9cifiques \u00e0 l&rsquo;appareil.<br \/>\n7. Assistance et soutien.<\/p>\n<p><a href=\"https:\/\/sebim.ch\/wp-content\/uploads\/2024\/04\/Geraetereglement_F_2024-04-04.pdf\">T\u00e9l\u00e9garger R\u00e8glement concernant les appareils<\/a>[\/vc_column_text][vc_row_inner][vc_column_inner][\/vc_column_inner][\/vc_row_inner][\/vc_column][\/vc_row]<\/p>\n<\/div>","protected":false},"excerpt":{"rendered":"<p>[vc_row][vc_column][vc_column_text]Dans la m\u00e9decine d&rsquo;information en bior\u00e9sonance, le th\u00e9rapeute saisit la  [&#8230;]<\/p>\n","protected":false},"author":1,"featured_media":0,"parent":0,"menu_order":0,"comment_status":"closed","ping_status":"closed","template":"","meta":{"_cbd_carousel_blocks":"[]","footnotes":""},"class_list":["post-5588","page","type-page","status-publish","hentry"],"yoast_head":"<!-- This site is optimized with the Yoast SEO plugin v27.4 - https:\/\/yoast.com\/product\/yoast-seo-wordpress\/ -->\n<title>R\u00e8glement concernant les appareils - Sebim.ch<\/title>\n<meta name=\"robots\" content=\"index, follow, max-snippet:-1, max-image-preview:large, max-video-preview:-1\" \/>\n<link rel=\"canonical\" href=\"https:\/\/sebim.ch\/fr\/geraetereglement\/\" \/>\n<meta property=\"og:locale\" content=\"fr_FR\" \/>\n<meta property=\"og:type\" content=\"article\" \/>\n<meta property=\"og:title\" content=\"R\u00e8glement concernant les appareils - Sebim.ch\" \/>\n<meta property=\"og:description\" content=\"[vc_row][vc_column][vc_column_text]Dans la m\u00e9decine d&rsquo;information en bior\u00e9sonance, le th\u00e9rapeute saisit la [...]\" \/>\n<meta property=\"og:url\" content=\"https:\/\/sebim.ch\/fr\/geraetereglement\/\" \/>\n<meta property=\"og:site_name\" content=\"Sebim.ch\" \/>\n<meta property=\"article:modified_time\" content=\"2024-04-04T12:52:10+00:00\" \/>\n<meta name=\"twitter:card\" content=\"summary_large_image\" \/>\n<meta name=\"twitter:label1\" content=\"Dur\u00e9e de lecture estim\u00e9e\" \/>\n\t<meta name=\"twitter:data1\" content=\"2 minutes\" \/>\n<script type=\"application\/ld+json\" class=\"yoast-schema-graph\">{\"@context\":\"https:\\\/\\\/schema.org\",\"@graph\":[{\"@type\":\"WebPage\",\"@id\":\"https:\\\/\\\/sebim.ch\\\/fr\\\/geraetereglement\\\/\",\"url\":\"https:\\\/\\\/sebim.ch\\\/fr\\\/geraetereglement\\\/\",\"name\":\"R\u00e8glement concernant les appareils - Sebim.ch\",\"isPartOf\":{\"@id\":\"https:\\\/\\\/sebim.ch\\\/fr\\\/#website\"},\"datePublished\":\"2023-05-10T14:12:05+00:00\",\"dateModified\":\"2024-04-04T12:52:10+00:00\",\"breadcrumb\":{\"@id\":\"https:\\\/\\\/sebim.ch\\\/fr\\\/geraetereglement\\\/#breadcrumb\"},\"inLanguage\":\"fr-FR\",\"potentialAction\":[{\"@type\":\"ReadAction\",\"target\":[\"https:\\\/\\\/sebim.ch\\\/fr\\\/geraetereglement\\\/\"]}]},{\"@type\":\"BreadcrumbList\",\"@id\":\"https:\\\/\\\/sebim.ch\\\/fr\\\/geraetereglement\\\/#breadcrumb\",\"itemListElement\":[{\"@type\":\"ListItem\",\"position\":1,\"name\":\"Startseite\",\"item\":\"https:\\\/\\\/sebim.ch\\\/fr\\\/\"},{\"@type\":\"ListItem\",\"position\":2,\"name\":\"R\u00e8glement concernant les appareils\"}]},{\"@type\":\"WebSite\",\"@id\":\"https:\\\/\\\/sebim.ch\\\/fr\\\/#website\",\"url\":\"https:\\\/\\\/sebim.ch\\\/fr\\\/\",\"name\":\"Sebim.ch\",\"description\":\"SCHWEIZERISCHE GESELLSCHAFT F\u00dcR ENERGIE- BIORESONANZ &amp; INFORMATIONSMEDIZIN\",\"potentialAction\":[{\"@type\":\"SearchAction\",\"target\":{\"@type\":\"EntryPoint\",\"urlTemplate\":\"https:\\\/\\\/sebim.ch\\\/fr\\\/?s={search_term_string}\"},\"query-input\":{\"@type\":\"PropertyValueSpecification\",\"valueRequired\":true,\"valueName\":\"search_term_string\"}}],\"inLanguage\":\"fr-FR\"}]}<\/script>\n<!-- \/ Yoast SEO plugin. -->","yoast_head_json":{"title":"R\u00e8glement concernant les appareils - Sebim.ch","robots":{"index":"index","follow":"follow","max-snippet":"max-snippet:-1","max-image-preview":"max-image-preview:large","max-video-preview":"max-video-preview:-1"},"canonical":"https:\/\/sebim.ch\/fr\/geraetereglement\/","og_locale":"fr_FR","og_type":"article","og_title":"R\u00e8glement concernant les appareils - Sebim.ch","og_description":"[vc_row][vc_column][vc_column_text]Dans la m\u00e9decine d&rsquo;information en bior\u00e9sonance, le th\u00e9rapeute saisit la [...]","og_url":"https:\/\/sebim.ch\/fr\/geraetereglement\/","og_site_name":"Sebim.ch","article_modified_time":"2024-04-04T12:52:10+00:00","twitter_card":"summary_large_image","twitter_misc":{"Dur\u00e9e de lecture estim\u00e9e":"2 minutes"},"schema":{"@context":"https:\/\/schema.org","@graph":[{"@type":"WebPage","@id":"https:\/\/sebim.ch\/fr\/geraetereglement\/","url":"https:\/\/sebim.ch\/fr\/geraetereglement\/","name":"R\u00e8glement concernant les appareils - Sebim.ch","isPartOf":{"@id":"https:\/\/sebim.ch\/fr\/#website"},"datePublished":"2023-05-10T14:12:05+00:00","dateModified":"2024-04-04T12:52:10+00:00","breadcrumb":{"@id":"https:\/\/sebim.ch\/fr\/geraetereglement\/#breadcrumb"},"inLanguage":"fr-FR","potentialAction":[{"@type":"ReadAction","target":["https:\/\/sebim.ch\/fr\/geraetereglement\/"]}]},{"@type":"BreadcrumbList","@id":"https:\/\/sebim.ch\/fr\/geraetereglement\/#breadcrumb","itemListElement":[{"@type":"ListItem","position":1,"name":"Startseite","item":"https:\/\/sebim.ch\/fr\/"},{"@type":"ListItem","position":2,"name":"R\u00e8glement concernant les appareils"}]},{"@type":"WebSite","@id":"https:\/\/sebim.ch\/fr\/#website","url":"https:\/\/sebim.ch\/fr\/","name":"Sebim.ch","description":"SCHWEIZERISCHE GESELLSCHAFT F\u00dcR ENERGIE- BIORESONANZ &amp; INFORMATIONSMEDIZIN","potentialAction":[{"@type":"SearchAction","target":{"@type":"EntryPoint","urlTemplate":"https:\/\/sebim.ch\/fr\/?s={search_term_string}"},"query-input":{"@type":"PropertyValueSpecification","valueRequired":true,"valueName":"search_term_string"}}],"inLanguage":"fr-FR"}]}},"_links":{"self":[{"href":"https:\/\/sebim.ch\/fr\/wp-json\/wp\/v2\/pages\/5588","targetHints":{"allow":["GET"]}}],"collection":[{"href":"https:\/\/sebim.ch\/fr\/wp-json\/wp\/v2\/pages"}],"about":[{"href":"https:\/\/sebim.ch\/fr\/wp-json\/wp\/v2\/types\/page"}],"author":[{"embeddable":true,"href":"https:\/\/sebim.ch\/fr\/wp-json\/wp\/v2\/users\/1"}],"replies":[{"embeddable":true,"href":"https:\/\/sebim.ch\/fr\/wp-json\/wp\/v2\/comments?post=5588"}],"version-history":[{"count":8,"href":"https:\/\/sebim.ch\/fr\/wp-json\/wp\/v2\/pages\/5588\/revisions"}],"predecessor-version":[{"id":6033,"href":"https:\/\/sebim.ch\/fr\/wp-json\/wp\/v2\/pages\/5588\/revisions\/6033"}],"wp:attachment":[{"href":"https:\/\/sebim.ch\/fr\/wp-json\/wp\/v2\/media?parent=5588"}],"curies":[{"name":"wp","href":"https:\/\/api.w.org\/{rel}","templated":true}]}}