{"id":2480,"date":"2016-03-08T10:40:22","date_gmt":"2016-03-08T10:40:22","guid":{"rendered":"https:\/\/neu.sebim.ch\/news\/"},"modified":"2026-03-24T12:33:50","modified_gmt":"2026-03-24T11:33:50","slug":"news","status":"publish","type":"page","link":"https:\/\/sebim.ch\/it\/","title":{"rendered":"Notizie"},"content":{"rendered":"<div class=\"wpb-content-wrapper\"><p>[vc_row][vc_column][vc_empty_space height=&#8221;48px&#8221;][\/vc_column][\/vc_row][vc_row seperator_indeed_locker=&#8221;&#8221; lk_t=&#8221;ism_template_1&#8243; lk_io=&#8221;default&#8221; lk_dm=&#8221;0&#8243; lk_thm=&#8221;0&#8243; lk_tuo=&#8221;0&#8243; ru_on=&#8221;0&#8243; uhc_on=&#8221;0&#8243; ur_on=&#8221;0&#8243; ref_on=&#8221;0&#8243; css=&#8221;.vc_custom_1604419382417{border-radius: 1px !important;}&#8221;][vc_column][vc_column_text css=&#8221;&#8221;]<strong>Cari membri di SEBIM, Gentili interessati<\/strong>[\/vc_column_text][vc_column_text css=&#8221;&#8221;]<span style=\"color: #1f4879;\"><strong>Notre congr\u00e8s annuel du samedi 21 mars 2026 appartient d\u00e9j\u00e0 au pass\u00e9.<\/strong><\/span><\/p>\n<p><span style=\"color: #1f4879;\">Nous pouvons revenir sur une journ\u00e9e r\u00e9ussie avec des pr\u00e9sentations scientifiquement fond\u00e9es, une exposition vari\u00e9e avec des repr\u00e9sentants engag\u00e9s de diff\u00e9rentes entreprises et un service traiteur offrant un voyage gustatif \u00e0 travers la nature.<\/span><\/p>\n<p><span style=\"color: #1f4879;\">Nous remercions tous ceux qui ont contribu\u00e9 \u00e0 la r\u00e9ussite de cette journ\u00e9e ainsi que tous les participants pour leur pr\u00e9sence.<\/span><\/p>\n<p><span style=\"color: #1f4879;\"><strong>Notre prochain congr\u00e8s annuel aura lieu le samedi 20 mars 2027 \u00e0 nouveau \u00e0 Aarau. R\u00e9servez cette date d\u00e8s aujourd&#8217;hui!<\/strong><\/span>[\/vc_column_text][vc_column_text css=&#8221;&#8221;]<span style=\"color: #008000;\"><strong>Partecipate a SEBIM&#8230;.<\/strong><\/span><\/p>\n<p><span style=\"color: #008000;\">Per maggiori informazioni, consultate il <strong><a style=\"color: #008000;\" href=\"https:\/\/sebim.ch\/wp-content\/uploads\/2024\/07\/Flyer-werde-Teil-der-SEBIM_Final_2024-07_IT-2.pdf\" target=\"_blank\" rel=\"noopener\">volantino<\/a><\/strong><\/span><\/p>\n<p><span style=\"color: #008000;\">Se siete interessati, non esitate a <span class=\"quform-popup-link quform-popup-link-23\" data-unique-id=\"c717e9\"><strong>contattarci<\/strong><\/span><div class=\"quform-popup\"><div id=\"quform-c717e9\" class=\"quform quform-23 quform-support-page-caching\"><form id=\"quform-form-c717e9\" class=\"quform-form quform-form-23\" action=\"\/it\/wp-json\/wp\/v2\/pages\/2480#quform-c717e9\" method=\"post\" enctype=\"multipart\/form-data\" novalidate=\"novalidate\" data-options=\"{&quot;id&quot;:23,&quot;uniqueId&quot;:&quot;c717e9&quot;,&quot;theme&quot;:&quot;&quot;,&quot;ajax&quot;:true,&quot;logic&quot;:{&quot;logic&quot;:{&quot;4&quot;:{&quot;action&quot;:true,&quot;match&quot;:&quot;any&quot;,&quot;rules&quot;:[{&quot;elementId&quot;:&quot;3&quot;,&quot;operator&quot;:&quot;eq&quot;,&quot;optionId&quot;:&quot;6&quot;,&quot;value&quot;:&quot;ho le seguenti domande e vorrei che prendeste contatto con me&quot;}]}},&quot;dependents&quot;:{&quot;3&quot;:[4]},&quot;elementIds&quot;:[4],&quot;dependentElementIds&quot;:[&quot;3&quot;],&quot;animate&quot;:true},&quot;currentPageId&quot;:1,&quot;errorsIcon&quot;:&quot;&quot;,&quot;updateFancybox&quot;:true,&quot;hasPages&quot;:false,&quot;pages&quot;:[1],&quot;pageProgressType&quot;:&quot;numbers&quot;,&quot;tooltipsEnabled&quot;:true,&quot;tooltipClasses&quot;:&quot;qtip-quform-dark qtip-shadow&quot;,&quot;tooltipMy&quot;:&quot;left center&quot;,&quot;tooltipAt&quot;:&quot;right center&quot;,&quot;isRtl&quot;:false,&quot;scrollOffset&quot;:-50,&quot;scrollSpeed&quot;:800}\"><button class=\"quform-default-submit\" name=\"quform_submit\" type=\"submit\" value=\"submit\" aria-hidden=\"true\" tabindex=\"-1\"><\/button><div class=\"quform-form-inner quform-form-inner-23\"><input type=\"hidden\" name=\"quform_form_id\" value=\"23\" \/><input type=\"hidden\" name=\"quform_form_uid\" value=\"c717e9\" \/><input type=\"hidden\" name=\"quform_count\" value=\"1\" \/><input type=\"hidden\" name=\"form_url\" value=\"https:\/\/sebim.ch\/it\/wp-json\/wp\/v2\/pages\/2480\" \/><input type=\"hidden\" name=\"referring_url\" value=\"\" \/><input type=\"hidden\" name=\"post_id\" value=\"\" \/><input type=\"hidden\" name=\"post_title\" value=\"\" \/><input type=\"hidden\" name=\"quform_current_page_id\" value=\"1\" \/><input type=\"hidden\" name=\"quform_loaded\" value=\"1776354367|0a0853fe23e482af13487a56cddd7587\" \/><input type=\"hidden\" name=\"quform_csrf_token\" value=\"tayWlJZi0S5gyoRCCkpRv36lH6ksaQENohXYKdke\" \/><div class=\"quform-elements quform-elements-23 quform-cf quform-responsive-elements-phone-landscape\"><div class=\"quform-element quform-element-page quform-page-1 quform-page-23_1 quform-cf quform-group-style-plain quform-first-page quform-last-page quform-current-page\"><div class=\"quform-child-elements\"><div class=\"quform-element quform-element-radio quform-element-23_3 quform-cf quform-element-optional\"><div class=\"quform-spacer\"><div class=\"quform-label quform-label-23_3\"><label class=\"quform-label-text\" id=\"quform_23_3_c717e9_label\">Sono interessato a:<\/label><div class=\"quform-tooltip-icon quform-tooltip-icon-hover\"><i class=\"qicon-question-circle\"><\/i><div class=\"quform-tooltip-icon-content\">(Si prega di barrare la casella appropriata)<\/div><\/div><\/div><div class=\"quform-inner quform-inner-radio quform-inner-23_3\"><div class=\"quform-input quform-input-radio quform-input-23_3 quform-cf\"><div class=\"quform-options quform-cf quform-options-block quform-options-simple\" role=\"radiogroup\" aria-labelledby=\"quform_23_3_c717e9_label\"><div class=\"quform-option\"><input type=\"radio\" name=\"quform_23_3\" id=\"quform_23_3_c717e9_1\" class=\"quform-field quform-field-radio quform-field-23_3 quform-field-23_3_1\" value=\"diventare membro di SEBIM\" \/><label for=\"quform_23_3_c717e9_1\" class=\"quform-option-label quform-option-label-23_3_1\"><span class=\"quform-option-text\">diventare<a href=\"https:\/\/sebim.ch\/wp-content\/uploads\/2021\/05\/Anmeldeformular-Mitgliedschaft-italienisch-2021-04pap.pdf\" target=\"_new\"> membro di SEBIM<\/a><\/span><\/label><\/div><div class=\"quform-option\"><input type=\"radio\" name=\"quform_23_3\" id=\"quform_23_3_c717e9_2\" class=\"quform-field quform-field-radio quform-field-23_3 quform-field-23_3_2\" value=\"collaborare con SEBIM\" \/><label for=\"quform_23_3_c717e9_2\" class=\"quform-option-label quform-option-label-23_3_2\"><span class=\"quform-option-text\">collaborare con SEBIM<\/span><\/label><\/div><div class=\"quform-option\"><input type=\"radio\" name=\"quform_23_3\" id=\"quform_23_3_c717e9_3\" class=\"quform-field quform-field-radio quform-field-23_3 quform-field-23_3_3\" value=\"al corso di formazione modulare di base in biorisonanza\" \/><label for=\"quform_23_3_c717e9_3\" class=\"quform-option-label quform-option-label-23_3_3\"><span class=\"quform-option-text\">al corso di <a href=\"https:\/\/sebim.ch\/wp-content\/uploads\/2024\/07\/Modulare-Grundausbildung-2408G_Start-Maerz-2025_2024-07-04-1.pdf\" target=\"_new\"> formazione modulare di base in biorisonanza<\/a><\/span><\/label><\/div><div class=\"quform-option\"><input type=\"radio\" name=\"quform_23_3\" id=\"quform_23_3_c717e9_6\" class=\"quform-field quform-field-radio quform-field-23_3 quform-field-23_3_6\" value=\"ho le seguenti domande e vorrei che prendeste contatto con me\" \/><label for=\"quform_23_3_c717e9_6\" class=\"quform-option-label quform-option-label-23_3_6\"><span class=\"quform-option-text\">ho le seguenti domande e vorrei che prendeste contatto con me<\/span><\/label><\/div><\/div><\/div><\/div><\/div><\/div><div class=\"quform-element quform-element-textarea quform-element-23_4 quform-cf quform-element-optional\"><div class=\"quform-spacer\"><div class=\"quform-label quform-label-23_4\"><label class=\"quform-label-text\" for=\"quform_23_4_c717e9\">Domanda:<\/label><\/div><div class=\"quform-inner quform-inner-textarea quform-inner-23_4\"><div class=\"quform-input quform-input-textarea quform-input-23_4 quform-cf\"><textarea id=\"quform_23_4_c717e9\" name=\"quform_23_4\" class=\"quform-field quform-field-textarea quform-field-23_4\"><\/textarea><\/div><\/div><\/div><\/div><div class=\"quform-element quform-element-name quform-element-23_6 quform-cf quform-element-required\"><div class=\"quform-spacer\"><div class=\"quform-label quform-label-23_6\"><label class=\"quform-label-text\" id=\"quform_23_6_c717e9_label\">Nome:<span class=\"quform-required\">*<\/span><\/label><\/div><div class=\"quform-inner quform-inner-name quform-inner-23_6\"><div class=\"quform-input quform-input-name quform-input-23_6 quform-cf\"><div class=\"quform-element-row quform-2-columns quform-element-row-size-fixed quform-responsive-columns-phone-landscape\"><div class=\"quform-element-column\"><div class=\"quform-element quform-element-text quform-element-23_6_2 quform-cf quform-element-required\"><div class=\"quform-spacer\"><div class=\"quform-inner quform-inner-text quform-inner-23_6_2\"><div class=\"quform-input quform-input-text quform-input-23_6_2 quform-cf\"><input type=\"text\" id=\"quform_23_6_2_c717e9\" name=\"quform_23_6[2]\" class=\"quform-field quform-field-text quform-field-23_6_2\" aria-labelledby=\"quform_23_6_c717e9_label quform_23_6_2_c717e9_sub_label_below\" \/><\/div><label id=\"quform_23_6_2_c717e9_sub_label_below\" class=\"quform-sub-label quform-sub-label-below\">Nome:<\/label><\/div><\/div><\/div><\/div><div class=\"quform-element-column\"><div class=\"quform-element quform-element-text quform-element-23_6_4 quform-cf quform-element-required\"><div class=\"quform-spacer\"><div class=\"quform-inner quform-inner-text quform-inner-23_6_4\"><div class=\"quform-input quform-input-text quform-input-23_6_4 quform-cf\"><input type=\"text\" id=\"quform_23_6_4_c717e9\" name=\"quform_23_6[4]\" class=\"quform-field quform-field-text quform-field-23_6_4\" aria-labelledby=\"quform_23_6_c717e9_label quform_23_6_4_c717e9_sub_label_below\" \/><\/div><label id=\"quform_23_6_4_c717e9_sub_label_below\" class=\"quform-sub-label quform-sub-label-below\">Cognome:<\/label><\/div><\/div><\/div><\/div><\/div><\/div><\/div><\/div><\/div><div class=\"quform-element quform-element-email quform-element-23_7 quform-cf quform-element-optional\"><div class=\"quform-spacer\"><div class=\"quform-label quform-label-23_7\"><label class=\"quform-label-text\" for=\"quform_23_7_c717e9\">E-mail:<\/label><\/div><div class=\"quform-inner quform-inner-email quform-inner-23_7\"><div class=\"quform-input quform-input-email quform-input-23_7 quform-cf\"><input type=\"email\" id=\"quform_23_7_c717e9\" name=\"quform_23_7\" class=\"quform-field quform-field-email quform-field-23_7\" \/><\/div><\/div><\/div><\/div><div class=\"quform-element quform-element-textarea quform-element-23_946947 quform-sr-only quform-cf\" style=\"clip: rect(1px, 1px, 1px, 1px); clip-path: inset(50%); position: absolute !important; height: 1px; width: 1px; overflow: hidden;\"><div class=\"quform-spacer\"><div class=\"quform-label quform-label-23_946947\"><label class=\"quform-label-text\" for=\"quform_23_946947_c717e9\">Email Address<span class=\"quform-required\">*<\/span><\/label><\/div><div class=\"quform-inner quform-inner-23_946947\"><textarea id=\"quform_23_946947_c717e9\" name=\"quform_23_946947\" class=\"quform-field quform-field-textarea quform-field-23_946947\" tabindex=\"-1\" autocomplete=\"new-password\"><\/textarea><\/div><\/div><\/div><div class=\"quform-element quform-element-text quform-element-23_9 quform-cf quform-element-optional\"><div class=\"quform-spacer\"><div class=\"quform-label quform-label-23_9\"><label class=\"quform-label-text\" for=\"quform_23_9_c717e9\">Numero di telefono:<\/label><\/div><div class=\"quform-inner quform-inner-text quform-inner-23_9\"><div class=\"quform-input quform-input-text quform-input-23_9 quform-cf\"><input type=\"text\" id=\"quform_23_9_c717e9\" name=\"quform_23_9\" class=\"quform-field quform-field-text quform-field-23_9\" \/><\/div><\/div><\/div><\/div><div class=\"quform-element quform-element-file quform-element-23_12 quform-cf quform-element-optional\"><div class=\"quform-spacer\"><div class=\"quform-label quform-label-23_12\"><label class=\"quform-label-text\" for=\"quform_23_12_c717e9\">Caricamento modulo<\/label><\/div><div class=\"quform-inner quform-inner-file quform-inner-23_12\"><div class=\"quform-input quform-input-file quform-input-23_12 quform-cf quform-button-style-theme\"><input type=\"file\" id=\"quform_23_12_c717e9\" name=\"quform_23_12[]\" class=\"quform-field quform-field-file quform-field-23_12 quform-field-file-enhanced\" data-config=\"{&quot;id&quot;:12,&quot;identifier&quot;:&quot;23_12&quot;,&quot;name&quot;:&quot;quform_23_12&quot;,&quot;max&quot;:1,&quot;size&quot;:10485760,&quot;allowedExtensions&quot;:[&quot;jpg&quot;,&quot;jpeg&quot;,&quot;png&quot;,&quot;gif&quot;],&quot;notAllowedTypeWithFilename&quot;:&quot;File type of &#039;%filename%&#039; is not allowed&quot;,&quot;tooBigWithFilename&quot;:&quot;Il file &#039;%filename%&#039; supera la dimensione massima consentita per il file&quot;,&quot;tooMany&quot;:&quot;Non puoi caricare pi\\u00f9 di %max% file&quot;,&quot;buttonType&quot;:&quot;button&quot;,&quot;buttonText&quot;:&quot;Selezionare il file&quot;,&quot;buttonIcon&quot;:&quot;qicon-file_upload&quot;,&quot;buttonIconPosition&quot;:&quot;right&quot;}\" \/><\/div><\/div><\/div><\/div><div class=\"quform-element quform-element-captcha quform-element-23_11 quform-cf quform-element-required\"><div class=\"quform-spacer\"><div class=\"quform-label quform-label-23_11\"><label class=\"quform-label-text\" for=\"quform_23_11_c717e9\">Inserire i seguenti caratteri<span class=\"quform-required\">*<\/span><\/label><\/div><div class=\"quform-inner quform-inner-captcha quform-inner-23_11\"><div class=\"quform-input quform-input-captcha quform-input-23_11 quform-cf\"><input type=\"text\" id=\"quform_23_11_c717e9\" name=\"quform_23_11\" class=\"quform-field quform-field-captcha quform-field-23_11\" \/><\/div><div class=\"quform-captcha quform-cf\"><div class=\"quform-captcha-image quform-captcha-image-23_11\"><img decoding=\"async\" class=\"quform-captcha-image-img\" src=\"data:image\/png;base64,iVBORw0KGgoAAAANSUhEUgAAAOYAAABQBAMAAAD\/1xTgAAAAJ1BMVEX\/\/\/8iIiLHx8eQkJB0dHRZWVmsrKzj4+M9PT1SUlI6Ojo5OTmJiYnci2sKAAAACXBIWXMAAA7EAAAOxAGVKw4bAAADjklEQVRoge1XPVPbQBCVZeRzmQUbnEmDY4ZQWiQMrT18lihkgBKDE1KksM0kUHKTkOGn5Gdmd+9s70mKNGRCaO4VFlrp9u3H29MRBB4eHh4eHh4eHh4ez4HJ+uW7nf\/EpZBsdz+IgXA+tb55Ssoqc8GVuXStNYL7zdFf++zsHV8VPa8Ysm1w8mzj36391bwFapJrFvhMng7KOUeH9xqWL6bWsbG+D9TM9Hr9cjvYeqBgiikXeGmrILLaA7r5Se3TcDS3JmZhMIBTNnzUdH9tQilwh0igeXGpYVGYzk5SjVIAL\/ASCgUFprrQqgE06M52vWOLUkRZY1VEshq4utVLB7ZsHkhfWPNdvTzmsv+4MpytG\/ptHhemWYcl47Q7M1G1G28v5FsDjimCprsU8Ldvk3upfwGgGCfXZZVFb3d0aZsLQ3FjoCFyqrOfMWcrjSMqO8CQF7wCbvdCmYJw0Ht0qciGKjP9S3MLdqBH8a3IpREFwhLcNHoCdlKRC3PRN0WtOClgj5qHIMqNil2hd4\/kUubkkemqjqkN1T4VWRGnDC6G1gjLLVIf0HPtyJZSPOd2kgs9m5HEjSwHtrZtI3iLhEKtSlMdmxSmRoA4sZ0N4kTVLoZfqAPKqU8urIZih5O7V5NawIaeV13ZEk8XeU+IZMxMFGutZDg5ASJTjmJCqlG45+gPt6DIlS1zItc6RRjzy1St1EDlAf3j1rUB0l+VHIzBSR2VMebNyMm914cmXZRZj6oapQYqFzgX92dW5hYRseHOJvWH9RikxIFkB7iOOLHEdyaBXlwq2yD4ZkdL5MCDU3c3Vyxk4sqWGD7gNkCcY\/syjpQ2oizCRquDA\/09ljm0OdSO+1GlYXCXIicaV0Musen9AJqQiiwLRUW5Gbmj1xcb4Qyx21+zlnYBUsRUDnXIRJZFzeyRVaHRT6s6b8LqTssZZrezJZ66S0eWhZ3gwVxstZxPLg2clUma82haYmPS2ciySGBpFKzBvPERedp33vlK41TN7i+ao1PTjTbg4PP6ksItfme1LIg5qzgzltDjKPuJiplLgZi0hcJTjoVKnBMkYqhF3PwKn6kG2U9UxG1kzt7UVnrkI4RbyLCdtkghhHRbzSvakHugy84\/OVA32ThO5XPkxFPaH\/3GUPqVfjwSkC3LIILyrefRuC05sq5t\/nNKo7Oik\/5TQA13Cv+j8fDw8PDw8PDw8HhG\/AZaa44a97EdXQAAAABJRU5ErkJggg==\" alt=\"CAPTCHA immagine\" data-element-id=\"11\" width=\"115\" height=\"40\" \/><\/div><\/div><p class=\"quform-description quform-description-below\">Questo ci aiuta a evitare lo spam. Grazie mille.<\/p><\/div><\/div><\/div><div class=\"quform-element quform-element-submit quform-element-23_14 quform-cf quform-button-style-theme\"><div class=\"quform-button-submit quform-button-submit-default quform-button-submit-23_14\"><button name=\"quform_submit\" type=\"submit\" class=\"quform-submit\" value=\"submit\"><span class=\"quform-button-text quform-button-submit-text\">Invia<\/span><\/button><\/div><div class=\"quform-loading quform-loading-position-left quform-loading-type-spinner-1\"><div class=\"quform-loading-inner\"><div class=\"quform-loading-spinner\"><div class=\"quform-loading-spinner-inner\"><\/div><\/div><\/div><\/div><\/div><\/div><\/div><\/div><div class=\"quform-upload-progress-wrap\"><div class=\"quform-upload-progress-bar-wrap\"><div class=\"quform-upload-progress-bar\"><\/div><\/div><div class=\"quform-upload-info quform-cf\"><div class=\"quform-upload-filename\"><\/div><\/div><\/div><\/div><\/form><\/div><\/div><\/span>[\/vc_column_text][\/vc_column][\/vc_row][vc_row][vc_column width=&#8221;2\/3&#8243;][\/vc_column][vc_column width=&#8221;1\/3&#8243;][\/vc_column][\/vc_row]<\/p>\n<\/div>","protected":false},"excerpt":{"rendered":"<p>[vc_row][vc_column][vc_empty_space height=&#8221;48px&#8221;][\/vc_column][\/vc_row][vc_row seperator_indeed_locker=&#8221;&#8221; lk_t=&#8221;ism_template_1&#8243; lk_io=&#8221;default&#8221; lk_dm=&#8221;0&#8243; lk_thm=&#8221;0&#8243; lk_tuo=&#8221;0&#8243; ru_on=&#8221;0&#8243; uhc_on=&#8221;0&#8243;  [&#8230;]<\/p>\n","protected":false},"author":2,"featured_media":0,"parent":0,"menu_order":0,"comment_status":"closed","ping_status":"closed","template":"","meta":{"_cbd_carousel_blocks":"[]","footnotes":""},"class_list":["post-2480","page","type-page","status-publish","hentry"],"yoast_head":"<!-- This site is optimized with the Yoast SEO plugin v26.8 - https:\/\/yoast.com\/product\/yoast-seo-wordpress\/ -->\n<title>Notizie - Sebim.ch<\/title>\n<meta name=\"robots\" content=\"index, follow, max-snippet:-1, max-image-preview:large, max-video-preview:-1\" \/>\n<link rel=\"canonical\" href=\"https:\/\/sebim.ch\/it\/\" \/>\n<meta property=\"og:locale\" content=\"it_IT\" \/>\n<meta property=\"og:type\" content=\"article\" \/>\n<meta property=\"og:title\" content=\"Notizie - Sebim.ch\" \/>\n<meta property=\"og:description\" content=\"[vc_row][vc_column][vc_empty_space height=&#8221;48px&#8221;][\/vc_column][\/vc_row][vc_row seperator_indeed_locker=&#8221;&#8221; lk_t=&#8221;ism_template_1&#8243; lk_io=&#8221;default&#8221; lk_dm=&#8221;0&#8243; lk_thm=&#8221;0&#8243; lk_tuo=&#8221;0&#8243; ru_on=&#8221;0&#8243; uhc_on=&#8221;0&#8243; [...]\" \/>\n<meta property=\"og:url\" content=\"https:\/\/sebim.ch\/it\/\" \/>\n<meta property=\"og:site_name\" content=\"Sebim.ch\" \/>\n<meta property=\"article:modified_time\" content=\"2026-03-24T11:33:50+00:00\" \/>\n<meta name=\"twitter:card\" content=\"summary_large_image\" \/>\n<meta name=\"twitter:label1\" content=\"Tempo di lettura stimato\" \/>\n\t<meta name=\"twitter:data1\" content=\"2 minuti\" \/>\n<script type=\"application\/ld+json\" class=\"yoast-schema-graph\">{\"@context\":\"https:\/\/schema.org\",\"@graph\":[{\"@type\":\"WebPage\",\"@id\":\"https:\/\/sebim.ch\/it\/\",\"url\":\"https:\/\/sebim.ch\/it\/\",\"name\":\"Notizie - Sebim.ch\",\"isPartOf\":{\"@id\":\"https:\/\/sebim.ch\/it\/#website\"},\"datePublished\":\"2016-03-08T10:40:22+00:00\",\"dateModified\":\"2026-03-24T11:33:50+00:00\",\"breadcrumb\":{\"@id\":\"https:\/\/sebim.ch\/it\/#breadcrumb\"},\"inLanguage\":\"it-IT\",\"potentialAction\":[{\"@type\":\"ReadAction\",\"target\":[\"https:\/\/sebim.ch\/it\/\"]}]},{\"@type\":\"BreadcrumbList\",\"@id\":\"https:\/\/sebim.ch\/it\/#breadcrumb\",\"itemListElement\":[{\"@type\":\"ListItem\",\"position\":1,\"name\":\"Startseite\",\"item\":\"https:\/\/sebim.ch\/it\/\"},{\"@type\":\"ListItem\",\"position\":2,\"name\":\"Notizie\"}]},{\"@type\":\"WebSite\",\"@id\":\"https:\/\/sebim.ch\/it\/#website\",\"url\":\"https:\/\/sebim.ch\/it\/\",\"name\":\"Sebim.ch\",\"description\":\"SCHWEIZERISCHE GESELLSCHAFT F\u00dcR ENERGIE- BIORESONANZ &amp; INFORMATIONSMEDIZIN\",\"potentialAction\":[{\"@type\":\"SearchAction\",\"target\":{\"@type\":\"EntryPoint\",\"urlTemplate\":\"https:\/\/sebim.ch\/it\/?s={search_term_string}\"},\"query-input\":{\"@type\":\"PropertyValueSpecification\",\"valueRequired\":true,\"valueName\":\"search_term_string\"}}],\"inLanguage\":\"it-IT\"}]}<\/script>\n<!-- \/ Yoast SEO plugin. -->","yoast_head_json":{"title":"Notizie - Sebim.ch","robots":{"index":"index","follow":"follow","max-snippet":"max-snippet:-1","max-image-preview":"max-image-preview:large","max-video-preview":"max-video-preview:-1"},"canonical":"https:\/\/sebim.ch\/it\/","og_locale":"it_IT","og_type":"article","og_title":"Notizie - Sebim.ch","og_description":"[vc_row][vc_column][vc_empty_space height=&#8221;48px&#8221;][\/vc_column][\/vc_row][vc_row seperator_indeed_locker=&#8221;&#8221; lk_t=&#8221;ism_template_1&#8243; lk_io=&#8221;default&#8221; lk_dm=&#8221;0&#8243; lk_thm=&#8221;0&#8243; lk_tuo=&#8221;0&#8243; ru_on=&#8221;0&#8243; uhc_on=&#8221;0&#8243; [...]","og_url":"https:\/\/sebim.ch\/it\/","og_site_name":"Sebim.ch","article_modified_time":"2026-03-24T11:33:50+00:00","twitter_card":"summary_large_image","twitter_misc":{"Tempo di lettura stimato":"2 minuti"},"schema":{"@context":"https:\/\/schema.org","@graph":[{"@type":"WebPage","@id":"https:\/\/sebim.ch\/it\/","url":"https:\/\/sebim.ch\/it\/","name":"Notizie - Sebim.ch","isPartOf":{"@id":"https:\/\/sebim.ch\/it\/#website"},"datePublished":"2016-03-08T10:40:22+00:00","dateModified":"2026-03-24T11:33:50+00:00","breadcrumb":{"@id":"https:\/\/sebim.ch\/it\/#breadcrumb"},"inLanguage":"it-IT","potentialAction":[{"@type":"ReadAction","target":["https:\/\/sebim.ch\/it\/"]}]},{"@type":"BreadcrumbList","@id":"https:\/\/sebim.ch\/it\/#breadcrumb","itemListElement":[{"@type":"ListItem","position":1,"name":"Startseite","item":"https:\/\/sebim.ch\/it\/"},{"@type":"ListItem","position":2,"name":"Notizie"}]},{"@type":"WebSite","@id":"https:\/\/sebim.ch\/it\/#website","url":"https:\/\/sebim.ch\/it\/","name":"Sebim.ch","description":"SCHWEIZERISCHE GESELLSCHAFT F\u00dcR ENERGIE- BIORESONANZ &amp; INFORMATIONSMEDIZIN","potentialAction":[{"@type":"SearchAction","target":{"@type":"EntryPoint","urlTemplate":"https:\/\/sebim.ch\/it\/?s={search_term_string}"},"query-input":{"@type":"PropertyValueSpecification","valueRequired":true,"valueName":"search_term_string"}}],"inLanguage":"it-IT"}]}},"_links":{"self":[{"href":"https:\/\/sebim.ch\/it\/wp-json\/wp\/v2\/pages\/2480","targetHints":{"allow":["GET"]}}],"collection":[{"href":"https:\/\/sebim.ch\/it\/wp-json\/wp\/v2\/pages"}],"about":[{"href":"https:\/\/sebim.ch\/it\/wp-json\/wp\/v2\/types\/page"}],"author":[{"embeddable":true,"href":"https:\/\/sebim.ch\/it\/wp-json\/wp\/v2\/users\/2"}],"replies":[{"embeddable":true,"href":"https:\/\/sebim.ch\/it\/wp-json\/wp\/v2\/comments?post=2480"}],"version-history":[{"count":68,"href":"https:\/\/sebim.ch\/it\/wp-json\/wp\/v2\/pages\/2480\/revisions"}],"predecessor-version":[{"id":7485,"href":"https:\/\/sebim.ch\/it\/wp-json\/wp\/v2\/pages\/2480\/revisions\/7485"}],"wp:attachment":[{"href":"https:\/\/sebim.ch\/it\/wp-json\/wp\/v2\/media?parent=2480"}],"curies":[{"name":"wp","href":"https:\/\/api.w.org\/{rel}","templated":true}]}}