{"id":2793,"date":"2020-05-19T15:01:57","date_gmt":"2020-05-19T13:01:57","guid":{"rendered":"https:\/\/neu.sebim.ch\/?page_id=2793"},"modified":"2023-05-01T18:02:38","modified_gmt":"2023-05-01T16:02:38","slug":"statuto","status":"publish","type":"page","link":"https:\/\/sebim.ch\/it\/sebim\/statuto\/","title":{"rendered":"Statuto"},"content":{"rendered":"<div class=\"wpb-content-wrapper\"><p>[vc_row][vc_column][vc_column_text]dell\u2019Societ\u00e0 svizzera per la medicina d\u2019informazione sulla biorisonanza, SEBIM<\/p>\n<p>L\u2019uso della forma maschile nel testo rinvia implicitamente anche alle persone di sesso femminile.<\/p>\n<p><strong>Art. 1 Nome<\/strong><\/p>\n<p>\u00c8 costituita con il nome \u00abSociet\u00e0 svizzera per la medicina d\u2019informazione sulla biorisonanza SEBIM\u00bb un\u2019organizzazione di pubblica utilit\u00e0 slegata da interessi d\u2019impresa ai sensi dell\u2019art. 60 e ss. CC.<\/p>\n<p><strong>Art. 2 Sede <\/strong><\/p>\n<p>La sede legale dell\u2019associazione \u00e8 situata presso la Segreteria.<\/p>\n<p><strong>Art. 3 Finalit\u00e0<\/strong><\/p>\n<p>La SEBIM persegue l\u2019acquisizione e la diffusione della conoscenza delle possibilit\u00e0 diagnostiche e terapeutiche offerte dalla medicina d\u2019informazione sulla biorisonanza, oltre a promuovere la ricerca in questo settore e lo scambio a livello di prassi e studi. L\u2019associazione rappresenta nell\u2019ambito pubblico, politico ed economico gli interessi di chi pratica questa disciplina e si adopera per ottenere il riconoscimento dei soci da parte di assicurazioni sociali e casse malattia. La SEBIM si occupa altres\u00ec di regolamentare, verificare e organizzare le attivit\u00e0 di formazione e perfezionamento nel settore della medicina d\u2019informazione sulla biorisonanza, nonch\u00e9 di definire nel proprio regolamento tecnico gli standard validi per i dispositivi omologati.<\/p>\n<p>Per il perseguimento delle finalit\u00e0 sociali, la SEBIM si avvale soprattutto di:<\/p>\n<ol>\n<li>a) conferenze specialistiche e corsi di formazione permanente;<\/li>\n<li>b) mezzi di informazione e attivit\u00e0 di PR;<\/li>\n<li>c) commissioni specifiche;<\/li>\n<li>d) collaborazioni con societ\u00e0 specializzate che perseguono finalit\u00e0 simili;<\/li>\n<li>e) contatti con tutti i costruttori di apparecchiature interessati.<\/li>\n<\/ol>\n<p><strong>Art. 4 Categorie di affiliazione<\/strong><\/p>\n<p>1.Soci ordinari<\/p>\n<p>Terapisti praticanti che hanno completato una formazione tra quelle riconosciute dalla SEBIM (come da Regolamento sulla formazione).<\/p>\n<p>I soci ordinari godono del diritto di voto e di elezione.<\/p>\n<p>I soci ordinari sono inclusi nell\u2019elenco dei terapisti che compare sul sito, eccetto nel caso in cui facciano espressa richiesta di rimanerne esclusi o non ottemperino all\u2019obbligo di formazione continua.<\/p>\n<p>I terapisti che non ottemperano a tale obbligo in maniera reiterata perdono lo status di socio ordinario e sono retrocessi a socio straordinario.<\/p>\n<p>2. Soci straordinari<\/p>\n<p>Persone fisiche e giuridiche interessate alla medicina d\u2019informazione sulla biorisonanza, come pure terapisti in corso di formazione. I soci straordinari non hanno diritto di voto n\u00e9 di elezione.<\/p>\n<p>3. Soci gratuiti<\/p>\n<p>Soci ordinari che hanno rinunciato alla pratica professionale per motivi di et\u00e0 o di salute e fanno richiesta di essere iscritti come soci gratuiti. Per motivi fondati, il Consiglio direttivo pu\u00f2 riconoscere l\u2019affiliazione come socio gratuito anche per altri motivi. I soci gratuiti non sono tenuti al pagamento della quota associativa e non possono esercitare il diritto di voto e di elezione.<\/p>\n<p>4. Soci benemeriti<\/p>\n<p>Persone che si sono particolarmente distinte nell\u2019ambito della medicina energetica, informativa e di biorisonanza possono essere nominate soci benemeriti dall\u2019Assemblea generale (AG) su proposta del Consiglio direttivo.<\/p>\n<p>5. adesione come sostenitore<\/p>\n<p>Persone fisiche e giuridiche interessate alla medicina d\u2019informazione sulla biorisonanza che sostengono finanziariamente gli interessi della Societ\u00e0. I benefattori pagano annualmente almeno la quota fissa di un membro ordinario. Non hanno il diritto Diritto di voto e di elezione.<\/p>\n<p>I soci benemeriti non versano la quota associativa ma possono esercitare sia il diritto di voto che di elezione e partecipare ai lavori del Consiglio direttivo con poteri consultivi.<\/p>\n<p><strong>Art. 5 Nuove adesioni<\/strong><\/p>\n<p>La domanda di ammissione deve essere inoltrata in forma scritta al Consiglio direttivo. Il Consiglio direttivo decide in merito all\u2019affiliazione che pu\u00f2 essere rifiutata senza fornire motivazioni.<\/p>\n<p>I nuovi affiliati devono versare una tassa di iscrizione, il cui importo \u00e8 stabilito dall\u2019AG.<\/p>\n<p><strong>Art. 6 Fine dell\u2019affiliazione<\/strong><\/p>\n<ol>\n<li>L\u2019affiliazione si conclude con la morte del socio oppure alla sua uscita o espulsione dall\u2019associazione.<\/li>\n<li>La dichiarazione di uscita deve essere presentata in forma scritta al Consiglio direttivo almeno cinque mesi prima che termini il rispettivo anno civile. In mancanza di tale preavviso, l\u2019affiliazione si protrae di un ulteriore anno.<\/li>\n<li>L\u2019espulsione di un socio avviene ad opera dell\u2019AG su richiesta del Consiglio direttivo o di 10 soci ordinari in seguito a gravi violazioni degli interessi e delle finalit\u00e0 sociali, per altri validi motivi o a causa del mancato pagamento della quota associativa. Il socio interessato dal provvedimento ha la facolt\u00e0 di giustificarsi verbalmente o per iscritto dinanzi all\u2019AG. L\u2019espulsione pu\u00f2 essere imposta senza fornire motivazioni.<\/li>\n<\/ol>\n<p><strong>Art. 7 Diritti dei soci<\/strong><\/p>\n<ol>\n<li>I soci ordinari e benemeriti godono del diritto di voto e di elezione. I soci ordinari possono rivestire qualsiasi carica all\u2019interno della SEBIM.<\/li>\n<li>Tutti i soci hanno il diritto di partecipare agli eventi e ai corsi organizzati dalla SEBIM a un costo ridotto e di usufruire delle altre agevolazioni previste dall\u2019associazione.<\/li>\n<li>Tutti i soci ricevono le comunicazioni dell\u2019associazione.<\/li>\n<\/ol>\n<p><strong>Art. 8 Obblighi dei soci<\/strong><\/p>\n<ol>\n<li>I soci si impegnano a mantenere relazioni collegiali e amichevoli tra di loro. I soci agiscono in sintonia con le finalit\u00e0 e gli interessi della SEBIM.<\/li>\n<li>Nel momento in cui aderisce alla SEBIM, il socio dichiara di impegnarsi a rispettare lo Statuto e i regolamenti e di accettare le risoluzioni dell\u2019Assemblea generale e del Consiglio direttivo.<\/li>\n<li>Ai soci viene richiesto di partecipare all\u2019AG.<\/li>\n<\/ol>\n<p><strong>Art. 9 Aspetti finanziari<\/strong><\/p>\n<ol>\n<li>Tutti i soci ordinari e straordinari sono tenuti al pagamento della quota associativa annuale, il cui ammontare viene deciso di volta in volta dall\u2019AG sulla base della proposta di bilancio presentata dal Consiglio direttivo.<\/li>\n<li>La quota associativa annuale deve essere versata entro 60 giorni dall\u2019Assemblea generale.<\/li>\n<li>L\u2019anno sociale coincide con l\u2019anno civile.<\/li>\n<li>L\u2019associazione risponde nei confronti di terzi limitatamente al proprio patrimonio. \u00c8 esclusa qualsiasi responsabilit\u00e0 personale dei soci.<\/li>\n<\/ol>\n<p><strong>Art. 10 Organizzazione<\/strong><\/p>\n<p>La base giuridica \u00e8 costituita dal diritto delle associazioni sancito nel Codice Civile svizzero.<\/p>\n<p>Gli organi dell\u2019associazione sono i seguenti:<\/p>\n<ol>\n<li>Assemblea generale (AG)<\/li>\n<li>Consiglio direttivo<\/li>\n<li>Revisori<\/li>\n<li>Gruppi tecnici<\/li>\n<li>Gruppi regionali<\/li>\n<li>Commissioni<\/li>\n<li>Gruppi di interesse<\/li>\n<\/ol>\n<p><strong>Art. 11 Assemblea generale<\/strong><\/p>\n<ol>\n<li>L\u2019Assemblea generale rappresenta l\u2019organo supremo dell\u2019associazione. Essa approva le attivit\u00e0 e i conti relativi all\u2019esercizio concluso e adotta le decisioni per l\u2019anno successivo. L\u2019Assemblea generale approva lo Statuto e i regolamenti, ne autorizza le modifiche e stabilisce l\u2019ammontare della quota associativa annuale.<\/li>\n<li>Il Presidente convoca l\u2019Assemblea generale con un preavviso di almeno 4 settimane, specificando anche l\u2019ordine del giorno.<\/li>\n<li>L\u2019AG si tiene nel primo semestre dell\u2019esercizio sociale.<\/li>\n<li>L\u2019AG regolarmente convocata \u00e8 in grado di deliberare.<\/li>\n<li>L\u2019AG nomina la Presidenza, il Consiglio direttivo e i Revisori.<\/li>\n<li>I soci possono inoltrare per iscritto al Consiglio direttivo le proposte da sottoporre all\u2019attenzione dell\u2019AG con almeno 2 mesi di anticipo.<\/li>\n<li>Il Consiglio direttivo ha la facolt\u00e0 di convocare un\u2019Assemblea generale straordinaria in casi di particolare urgenza o su richiesta di almeno 1\/5 dei soci aventi diritto di voto. In questo caso il Consiglio direttivo ha l\u2019obbligo di convocare l\u2019AG straordinaria entro un termine utile.<\/li>\n<\/ol>\n<p><strong>Art. 12 Consiglio direttivo<\/strong><\/p>\n<ol>\n<li>Il Consiglio direttivo \u00e8 composto di norma da 7 membri: il presidente, il vicepresidente, l\u2019attuario, il tesoriere e i membri ausiliari.<\/li>\n<li>La composizione del Consiglio direttivo deve rispecchiare adeguatamente la compagine dei soci (soprattutto in termini di gruppi professionali rappresentati).<\/li>\n<li>Il Consiglio direttivo \u00e8 in grado di deliberare in presenza di pi\u00f9 della met\u00e0 dei suoi membri; a parit\u00e0 di voti decide il presidente.<\/li>\n<li>Il Consiglio direttivo si autocostituisce.<\/li>\n<li>Il presidente convoca le riunioni del Consiglio direttivo in funzione delle attivit\u00e0 imminenti.<\/li>\n<li>Il Consiglio direttivo rappresenta la SEBIM dinanzi all\u2019opinione pubblica, convoca l\u2019AG e organizza le attivit\u00e0 sociali.<\/li>\n<li>Il potere di firma per l\u2019associazione \u00e8 attribuito al presidente o al vicepresidente, congiuntamente con un altro membro del Consiglio direttivo.<\/li>\n<li>Il tesoriere \u00e8 responsabile della gestione del conto. Il potere di firma singola \u00e8 riconosciuto al presidente, al vicepresidente e al tesoriere.<\/li>\n<li>Il Consiglio direttivo emana i regolamenti necessari (Regolamento sulla formazione e gli esami, Regolamento tecnico ecc.).<\/li>\n<li>Il Consiglio direttivo nomina i membri delle diverse commissioni che lo coadiuvano con funzione consultiva e i delegati presso altre associazioni.<\/li>\n<\/ol>\n<p><strong>Art. 13 Altri organi<\/strong><\/p>\n<ol>\n<li><strong> Revisori<\/strong><\/li>\n<\/ol>\n<ul>\n<li>La revisione contabile \u00e8 affidata a due revisori che svolgono la revisione del bilancio annuale congiuntamente o anche in alternanza.<\/li>\n<li>La rendicontazione deve essere sottoposta annualmente al vaglio dell\u2019Assemblea.<\/li>\n<li>I revisori non fanno parte del Consiglio direttivo e non sono suoi lavoratori dipendenti. L\u2019incarico che svolgono \u00e8 legato esclusivamente alla loro funzione.<\/li>\n<li>Pu\u00f2 essere nominato revisore qualsiasi socio che disponga delle nozioni necessarie in materia di contabilit\u00e0. In caso di necessit\u00e0, la revisione pu\u00f2 essere affidata a una societ\u00e0 di revisione esterna.<\/li>\n<li>La revisione deve essere predisposta da revisori indipendenti. Essi potranno richiedere eventuali chiarimenti alla persona del Consiglio direttivo che gestisce gli aspetti contabili.<\/li>\n<li>\u00c8 auspicata la presenza di entrambi i revisori in occasione dell\u2019Assemblea generale.<\/li>\n<li>I risultati della revisione contabile sono comunicati sotto forma di una relazione di revisione al Consiglio direttivo e ai soci.<\/li>\n<\/ul>\n<ol start=\"2\">\n<li><strong> Gruppi tecnici<\/strong><\/li>\n<\/ol>\n<p>I soci ordinari, i soci gratuiti e i soci benemeriti possono organizzarsi in gruppi tecnici in base alla loro specializzazione professionale:<\/p>\n<ol>\n<li>a) Gruppo tecnico dei medici<\/li>\n<li>b) Gruppo tecnico dei naturopati e terapisti<\/li>\n<li>c) Gruppo tecnico dei dentisti<\/li>\n<li>d) Gruppo tecnico dei farmacisti<\/li>\n<li>e) Gruppo tecnico dei veterinari<\/li>\n<\/ol>\n<p>Altri gruppi tecnici possono essere costituiti su proposta dell\u2019AG.<\/p>\n<p>I gruppi tecnici che non sono rappresentati nel Consiglio direttivo nominano un presidente incaricato di tenere i contatti con il Consiglio direttivo e di partecipare alle riunioni in cui sono trattate questioni attinenti al suo gruppo tecnico.<\/p>\n<p>I gruppi tecnici affrontano soltanto gli argomenti che riguardano una categoria professionale specifica. Essi decidono in autonomia i temi da affrontare, ma in ogni caso non possono agire contro l\u2019interesse dell\u2019associazione nel suo complesso. In caso di conflitti la decisione spetta all\u2019Assemblea generale su richiesta del Consiglio direttivo.<\/p>\n<ol start=\"3\">\n<li><strong> Gruppi regionali<\/strong><\/li>\n<\/ol>\n<p>I soci hanno la possibilit\u00e0 di organizzarsi in gruppi regionali. Un membro del Consiglio direttivo \u00e8 incaricato di assistere i gruppi regionali. Ogni gruppo regionale nomina un proprio responsabile che convoca le riunioni e tiene i contatti con il Consiglio direttivo.<\/p>\n<p>I gruppi regionali si adoperano per favorire il perfezionamento professionale dei soci e uno scambio di idee professionale.<\/p>\n<p>Il programma degli eventi \u00e8 pubblicato online.<\/p>\n<ol start=\"4\">\n<li><strong>Commissioni<\/strong><\/li>\n<\/ol>\n<p>L\u2019Assemblea generale o, entro i limiti di budget, il Consiglio direttivo possono costituire delle commissioni su determinati argomenti tecnici.<\/p>\n<p>Il loro mandato \u00e8 chiaramente determinato e la remunerazione \u00e8 stabilita a priori.<\/p>\n<p>Le commissioni riferiscono all\u2019organo che le ha nominate.<\/p>\n<ol start=\"5\">\n<li><strong>Gruppi di interesse<\/strong><\/li>\n<\/ol>\n<p>I soci che perseguono interessi specifici possono unirsi in gruppi di interesse.<\/p>\n<p>I medici, dentisti e farmacisti che desiderano aderire all\u2019associazione mantello SAGEM in forma collettiva si costituiscono nel gruppo di interesse SAGEM.<\/p>\n<p><strong>Art. 14 Regole di voto e di elezione<\/strong><\/p>\n<ol>\n<li>Le votazioni ed elezioni con voto palese si svolgono in occasione dell\u2019AG. Se richiesto da 1\/3 degli aventi diritto al voto presenti, la votazione pu\u00f2 avvenire in forma segreta. Di regola l\u2019Assemblea pu\u00f2 deliberare con la maggioranza semplice degli aventi diritto al voto presenti.<\/li>\n<li>I membri del Consiglio direttivo e i revisori sono nominati per un periodo di 2 anni e possono essere rieletti. Dietro richiesta motivata, i membri del Consiglio direttivo e i revisori possono essere destituiti dall\u2019incarico anche prima della scadenza del loro mandato. Possono essere eletti al Consiglio direttivo i soci ordinari e benemeriti. Il Consiglio direttivo deve essere composto a maggioranza da soci ordinari.<br \/>\nIn caso di dimissioni anticipate, la successiva AG nomina un sostituto per il periodo di mandato restante.<br \/>\nFino all\u2019assemblea successiva, il Consiglio direttivo ha la facolt\u00e0 di sostituire ad-interim i membri mancanti.<\/li>\n<li>Una votazione per corrispondenza pu\u00f2 essere validamente richiesta da 1\/5 dei soci con diritto di voto o dal Consiglio direttivo.<\/li>\n<\/ol>\n<p><strong>Art. 15 Modifiche allo statuto<\/strong><\/p>\n<p>Per le modifiche allo statuto \u00e8 richiesta una maggioranza di 2\/3 degli aventi diritto al voto presenti.<\/p>\n<p><strong>Art. 16 Scioglimento della SEBIM<\/strong><\/p>\n<p>L\u2019Associazione pu\u00f2 essere sciolta con il consenso di almeno 2\/3 di tutti i soci con diritto di voto. La relativa votazione pu\u00f2 svolgersi anche in forma scritta.<\/p>\n<p>In caso di scioglimento, l\u2019Assemblea generale decide in merito all\u2019impiego degli attivi.<\/p>\n<p><strong>Art. 17 Entrata in vigore<\/strong><\/p>\n<p>Lo statuto \u00e8 stato approvato in occasione dell\u2019assemblea costitutiva del 30 ottobre 2008 ed \u00e8 entrato in vigore con effetto retroattivo al 01.09.2008.<\/p>\n<p>Le modifiche allo statuto sono state approvate durante l\u2019Assemblea generale del 18 marzo 2017 con effetto a partire dalla medesima data.[\/vc_column_text][vc_column_text]<a href=\"https:\/\/sebim.ch\/wp-content\/uploads\/2023\/05\/Statuten_I_2023-04.pdf\">Scarica gli statuti<\/a>[\/vc_column_text][\/vc_column][\/vc_row]<\/p>\n<\/div>","protected":false},"excerpt":{"rendered":"<p>[vc_row][vc_column][vc_column_text]dell\u2019Societ\u00e0 svizzera per la medicina d\u2019informazione sulla biorisonanza, SEBIM L\u2019uso  [&#8230;]<\/p>\n","protected":false},"author":1,"featured_media":0,"parent":2791,"menu_order":0,"comment_status":"closed","ping_status":"closed","template":"","meta":{"_cbd_carousel_blocks":"[]","footnotes":""},"class_list":["post-2793","page","type-page","status-publish","hentry"],"yoast_head":"<!-- This site is optimized with the Yoast SEO plugin v26.8 - https:\/\/yoast.com\/product\/yoast-seo-wordpress\/ -->\n<title>Statuto - Sebim.ch<\/title>\n<meta name=\"robots\" content=\"index, follow, max-snippet:-1, max-image-preview:large, max-video-preview:-1\" \/>\n<link rel=\"canonical\" href=\"https:\/\/sebim.ch\/it\/sebim\/statuto\/\" \/>\n<meta property=\"og:locale\" content=\"it_IT\" \/>\n<meta property=\"og:type\" content=\"article\" \/>\n<meta property=\"og:title\" content=\"Statuto - Sebim.ch\" \/>\n<meta property=\"og:description\" content=\"[vc_row][vc_column][vc_column_text]dell\u2019Societ\u00e0 svizzera per la medicina d\u2019informazione sulla biorisonanza, SEBIM L\u2019uso [...]\" \/>\n<meta property=\"og:url\" content=\"https:\/\/sebim.ch\/it\/sebim\/statuto\/\" \/>\n<meta property=\"og:site_name\" content=\"Sebim.ch\" \/>\n<meta property=\"article:modified_time\" content=\"2023-05-01T16:02:38+00:00\" \/>\n<meta name=\"twitter:card\" content=\"summary_large_image\" \/>\n<meta name=\"twitter:label1\" content=\"Tempo di lettura stimato\" \/>\n\t<meta name=\"twitter:data1\" content=\"12 minuti\" \/>\n<script type=\"application\/ld+json\" class=\"yoast-schema-graph\">{\"@context\":\"https:\/\/schema.org\",\"@graph\":[{\"@type\":\"WebPage\",\"@id\":\"https:\/\/sebim.ch\/it\/sebim\/statuto\/\",\"url\":\"https:\/\/sebim.ch\/it\/sebim\/statuto\/\",\"name\":\"Statuto - Sebim.ch\",\"isPartOf\":{\"@id\":\"https:\/\/sebim.ch\/it\/#website\"},\"datePublished\":\"2020-05-19T13:01:57+00:00\",\"dateModified\":\"2023-05-01T16:02:38+00:00\",\"breadcrumb\":{\"@id\":\"https:\/\/sebim.ch\/it\/sebim\/statuto\/#breadcrumb\"},\"inLanguage\":\"it-IT\",\"potentialAction\":[{\"@type\":\"ReadAction\",\"target\":[\"https:\/\/sebim.ch\/it\/sebim\/statuto\/\"]}]},{\"@type\":\"BreadcrumbList\",\"@id\":\"https:\/\/sebim.ch\/it\/sebim\/statuto\/#breadcrumb\",\"itemListElement\":[{\"@type\":\"ListItem\",\"position\":1,\"name\":\"Startseite\",\"item\":\"https:\/\/sebim.ch\/it\/\"},{\"@type\":\"ListItem\",\"position\":2,\"name\":\"Sebim\",\"item\":\"https:\/\/sebim.ch\/it\/sebim\/\"},{\"@type\":\"ListItem\",\"position\":3,\"name\":\"Statuto\"}]},{\"@type\":\"WebSite\",\"@id\":\"https:\/\/sebim.ch\/it\/#website\",\"url\":\"https:\/\/sebim.ch\/it\/\",\"name\":\"Sebim.ch\",\"description\":\"SCHWEIZERISCHE GESELLSCHAFT F\u00dcR ENERGIE- BIORESONANZ &amp; INFORMATIONSMEDIZIN\",\"potentialAction\":[{\"@type\":\"SearchAction\",\"target\":{\"@type\":\"EntryPoint\",\"urlTemplate\":\"https:\/\/sebim.ch\/it\/?s={search_term_string}\"},\"query-input\":{\"@type\":\"PropertyValueSpecification\",\"valueRequired\":true,\"valueName\":\"search_term_string\"}}],\"inLanguage\":\"it-IT\"}]}<\/script>\n<!-- \/ Yoast SEO plugin. -->","yoast_head_json":{"title":"Statuto - Sebim.ch","robots":{"index":"index","follow":"follow","max-snippet":"max-snippet:-1","max-image-preview":"max-image-preview:large","max-video-preview":"max-video-preview:-1"},"canonical":"https:\/\/sebim.ch\/it\/sebim\/statuto\/","og_locale":"it_IT","og_type":"article","og_title":"Statuto - Sebim.ch","og_description":"[vc_row][vc_column][vc_column_text]dell\u2019Societ\u00e0 svizzera per la medicina d\u2019informazione sulla biorisonanza, SEBIM L\u2019uso [...]","og_url":"https:\/\/sebim.ch\/it\/sebim\/statuto\/","og_site_name":"Sebim.ch","article_modified_time":"2023-05-01T16:02:38+00:00","twitter_card":"summary_large_image","twitter_misc":{"Tempo di lettura stimato":"12 minuti"},"schema":{"@context":"https:\/\/schema.org","@graph":[{"@type":"WebPage","@id":"https:\/\/sebim.ch\/it\/sebim\/statuto\/","url":"https:\/\/sebim.ch\/it\/sebim\/statuto\/","name":"Statuto - Sebim.ch","isPartOf":{"@id":"https:\/\/sebim.ch\/it\/#website"},"datePublished":"2020-05-19T13:01:57+00:00","dateModified":"2023-05-01T16:02:38+00:00","breadcrumb":{"@id":"https:\/\/sebim.ch\/it\/sebim\/statuto\/#breadcrumb"},"inLanguage":"it-IT","potentialAction":[{"@type":"ReadAction","target":["https:\/\/sebim.ch\/it\/sebim\/statuto\/"]}]},{"@type":"BreadcrumbList","@id":"https:\/\/sebim.ch\/it\/sebim\/statuto\/#breadcrumb","itemListElement":[{"@type":"ListItem","position":1,"name":"Startseite","item":"https:\/\/sebim.ch\/it\/"},{"@type":"ListItem","position":2,"name":"Sebim","item":"https:\/\/sebim.ch\/it\/sebim\/"},{"@type":"ListItem","position":3,"name":"Statuto"}]},{"@type":"WebSite","@id":"https:\/\/sebim.ch\/it\/#website","url":"https:\/\/sebim.ch\/it\/","name":"Sebim.ch","description":"SCHWEIZERISCHE GESELLSCHAFT F\u00dcR ENERGIE- BIORESONANZ &amp; INFORMATIONSMEDIZIN","potentialAction":[{"@type":"SearchAction","target":{"@type":"EntryPoint","urlTemplate":"https:\/\/sebim.ch\/it\/?s={search_term_string}"},"query-input":{"@type":"PropertyValueSpecification","valueRequired":true,"valueName":"search_term_string"}}],"inLanguage":"it-IT"}]}},"_links":{"self":[{"href":"https:\/\/sebim.ch\/it\/wp-json\/wp\/v2\/pages\/2793","targetHints":{"allow":["GET"]}}],"collection":[{"href":"https:\/\/sebim.ch\/it\/wp-json\/wp\/v2\/pages"}],"about":[{"href":"https:\/\/sebim.ch\/it\/wp-json\/wp\/v2\/types\/page"}],"author":[{"embeddable":true,"href":"https:\/\/sebim.ch\/it\/wp-json\/wp\/v2\/users\/1"}],"replies":[{"embeddable":true,"href":"https:\/\/sebim.ch\/it\/wp-json\/wp\/v2\/comments?post=2793"}],"version-history":[{"count":16,"href":"https:\/\/sebim.ch\/it\/wp-json\/wp\/v2\/pages\/2793\/revisions"}],"predecessor-version":[{"id":5542,"href":"https:\/\/sebim.ch\/it\/wp-json\/wp\/v2\/pages\/2793\/revisions\/5542"}],"up":[{"embeddable":true,"href":"https:\/\/sebim.ch\/it\/wp-json\/wp\/v2\/pages\/2791"}],"wp:attachment":[{"href":"https:\/\/sebim.ch\/it\/wp-json\/wp\/v2\/media?parent=2793"}],"curies":[{"name":"wp","href":"https:\/\/api.w.org\/{rel}","templated":true}]}}